{"id":1447,"date":"2012-10-09T14:33:55","date_gmt":"2012-10-09T14:33:55","guid":{"rendered":"https:\/\/vandorboy.com\/?page_id=1447"},"modified":"2018-09-13T13:44:37","modified_gmt":"2018-09-13T13:44:37","slug":"kovetkezo-vetitesem","status":"publish","type":"page","link":"https:\/\/vandorboy.com\/en\/utazasi-kerdesek\/kovetkezo-vetitesem\/","title":{"rendered":"My next slide show presentation"},"content":{"rendered":"<p><figure id=\"attachment_1988\" aria-describedby=\"caption-attachment-1988\" style=\"width: 200px\" class=\"wp-caption alignleft\"><a href=\"https:\/\/vandorboy.com\/hogyan-tamogathatsz\/hivj-diavetiteni\/kovetkezo-vetitesem\/04-daporijo-29\/\" rel=\"attachment wp-att-1988\"><img loading=\"lazy\" decoding=\"async\" class=\"size-medium wp-image-1988\" title=\"India, Arunachal pradesh- Daporijo\" src=\"https:\/\/vandorboy.com\/wp-content\/uploads\/2012\/10\/04-Daporijo-29-200x300.jpg\" alt=\"India, Arunachal pradesh- Daporijo\" width=\"200\" height=\"300\" srcset=\"https:\/\/vandorboy.com\/wp-content\/uploads\/2012\/10\/04-Daporijo-29-200x300.jpg 200w, https:\/\/vandorboy.com\/wp-content\/uploads\/2012\/10\/04-Daporijo-29.jpg 427w\" sizes=\"auto, (max-width: 200px) 100vw, 200px\" \/><\/a><figcaption id=\"caption-attachment-1988\" class=\"wp-caption-text\">India, Arunachal pradesh- Daporijo<\/figcaption><\/figure><\/p>\n<p>Itt j\u00f3 lenne egy RSS.. , de akkor most ide felteszem, hogy mikor lesznek vet\u00edt\u00e9seim.<\/p>\n<blockquote class=\"wp-embedded-content\" data-secret=\"6hfbLyBaUk\"><p><a href=\"https:\/\/vandorboy.com\/diavetiteseim\/\">Diavet\u00edt\u00e9seim<\/a><\/p><\/blockquote>\n<p><iframe loading=\"lazy\" class=\"wp-embedded-content\" sandbox=\"allow-scripts\" security=\"restricted\" style=\"position: absolute; clip: rect(1px, 1px, 1px, 1px);\" title=\"&#8220;Diavet\u00edt\u00e9seim&#8221; &#8212; vandorboy\" src=\"https:\/\/vandorboy.com\/diavetiteseim\/embed\/#?secret=kHQtxwKP2V#?secret=6hfbLyBaUk\" data-secret=\"6hfbLyBaUk\" width=\"600\" height=\"338\" frameborder=\"0\" marginwidth=\"0\" marginheight=\"0\" scrolling=\"no\"><\/iframe><\/p>\n<p>updates coming<\/p>\n<p><\/p>","protected":false},"excerpt":{"rendered":"<p>Itt j\u00f3 lenne egy RSS.. , de akkor most ide felteszem, hogy mikor lesznek vet\u00edt\u00e9seim. Diavet\u00edt\u00e9seim updates coming<\/p>\n","protected":false},"author":1,"featured_media":0,"parent":595,"menu_order":1,"comment_status":"open","ping_status":"closed","template":"","meta":{"ngg_post_thumbnail":0,"footnotes":""},"class_list":["post-1447","page","type-page","status-publish","hentry"],"_links":{"self":[{"href":"https:\/\/vandorboy.com\/en\/wp-json\/wp\/v2\/pages\/1447","targetHints":{"allow":["GET"]}}],"collection":[{"href":"https:\/\/vandorboy.com\/en\/wp-json\/wp\/v2\/pages"}],"about":[{"href":"https:\/\/vandorboy.com\/en\/wp-json\/wp\/v2\/types\/page"}],"author":[{"embeddable":true,"href":"https:\/\/vandorboy.com\/en\/wp-json\/wp\/v2\/users\/1"}],"replies":[{"embeddable":true,"href":"https:\/\/vandorboy.com\/en\/wp-json\/wp\/v2\/comments?post=1447"}],"version-history":[{"count":0,"href":"https:\/\/vandorboy.com\/en\/wp-json\/wp\/v2\/pages\/1447\/revisions"}],"up":[{"embeddable":true,"href":"https:\/\/vandorboy.com\/en\/wp-json\/wp\/v2\/pages\/595"}],"wp:attachment":[{"href":"https:\/\/vandorboy.com\/en\/wp-json\/wp\/v2\/media?parent=1447"}],"curies":[{"name":"wp","href":"https:\/\/api.w.org\/{rel}","templated":true}]}}