{"id":18770,"date":"2019-03-24T08:50:25","date_gmt":"2019-03-24T08:50:25","guid":{"rendered":"https:\/\/vandorboy.com\/?page_id=18770"},"modified":"2019-03-24T08:50:26","modified_gmt":"2019-03-24T08:50:26","slug":"zart-csoportoknak-utazas-szervezes","status":"publish","type":"page","link":"https:\/\/vandorboy.com\/en\/tura-szervezes\/zart-csoportoknak-utazas-szervezes\/","title":{"rendered":"Z\u00e1rt csoportoknak utaz\u00e1s szervez\u00e9s"},"content":{"rendered":"\n<p>Ha van m\u00e1r egy kialakult bar\u00e1ti k\u00f6r\u00f6d, vagy egy k\u00f6z\u00f6ss\u00e9g, klub, egyes\u00fclet\u00a0akt\u00edv tagja vagy \u00e9s szeretsz szervezni, \u00e9s magad is utazni kedvezm\u00e9nnyel vagy ingyen, akkor keress meg. <\/p>\n\n\n\n<p>Csatlakozz megl\u00e9v\u0151 \u00fatjainkhoz, vagy szervezz egy kis  z\u00e1rtk\u00f6r\u0171 csoportot, \u00edrd meg hova menn\u00e9tek, mikor, milyen komfortra van sz\u00fcks\u00e9getek, s akkor meg\u00edrjuk neked a programot, tan\u00e1csot adunk, \u00e9s ha kell leszervezz\u00fck az utatokat.<br><\/p>\n\n\n\n<p>T\u00f6lts\u00e9k ki az al\u00e1bbi \u0171rlapot, vagy vegy\u00e9k fel vel\u00fcnk a kapcsolatot mihamarabb.\u00a0<strong>Tervezz\u00fcnk \u00e9s utazzunk egy\u00fctt!<\/strong><br><\/p>\n\n\n\n<h3 class=\"wp-block-heading\"><a href=\"https:\/\/docs.google.com\/forms\/d\/1q5NxF0uw5LqcvEPncclXmzvdQ3Y7TVisSAEcLAc9pQg\/viewform?usp=send_form\" target=\"_blank\" rel=\"noreferrer noopener\">itt t\u00f6ltsed ki az \u0171rlapot<\/a>,<\/h3>\n","protected":false},"excerpt":{"rendered":"<p>Ha van m\u00e1r egy kialakult bar\u00e1ti k\u00f6r\u00f6d, vagy egy k\u00f6z\u00f6ss\u00e9g, klub, egyes\u00fclet\u00a0akt\u00edv tagja vagy \u00e9s szeretsz szervezni, \u00e9s magad is utazni kedvezm\u00e9nnyel vagy ingyen, akkor keress meg. Csatlakozz megl\u00e9v\u0151 \u00fatjainkhoz,&#8230;<\/p>\n","protected":false},"author":1,"featured_media":0,"parent":2514,"menu_order":10,"comment_status":"closed","ping_status":"closed","template":"","meta":{"ngg_post_thumbnail":0,"footnotes":""},"class_list":["post-18770","page","type-page","status-publish","hentry"],"_links":{"self":[{"href":"https:\/\/vandorboy.com\/en\/wp-json\/wp\/v2\/pages\/18770","targetHints":{"allow":["GET"]}}],"collection":[{"href":"https:\/\/vandorboy.com\/en\/wp-json\/wp\/v2\/pages"}],"about":[{"href":"https:\/\/vandorboy.com\/en\/wp-json\/wp\/v2\/types\/page"}],"author":[{"embeddable":true,"href":"https:\/\/vandorboy.com\/en\/wp-json\/wp\/v2\/users\/1"}],"replies":[{"embeddable":true,"href":"https:\/\/vandorboy.com\/en\/wp-json\/wp\/v2\/comments?post=18770"}],"version-history":[{"count":0,"href":"https:\/\/vandorboy.com\/en\/wp-json\/wp\/v2\/pages\/18770\/revisions"}],"up":[{"embeddable":true,"href":"https:\/\/vandorboy.com\/en\/wp-json\/wp\/v2\/pages\/2514"}],"wp:attachment":[{"href":"https:\/\/vandorboy.com\/en\/wp-json\/wp\/v2\/media?parent=18770"}],"curies":[{"name":"wp","href":"https:\/\/api.w.org\/{rel}","templated":true}]}}