{"id":1940,"date":"2012-10-28T09:57:58","date_gmt":"2012-10-28T09:57:58","guid":{"rendered":"https:\/\/vandorboy.com\/?page_id=1940"},"modified":"2014-11-23T00:47:16","modified_gmt":"2014-11-23T00:47:16","slug":"aktual","status":"publish","type":"page","link":"https:\/\/vandorboy.com\/en\/tura-szervezes\/vendegkonyv\/aktual\/","title":{"rendered":"Actuality"},"content":{"rendered":"<p><figure id=\"attachment_1983\" aria-describedby=\"caption-attachment-1983\" style=\"width: 225px\" class=\"wp-caption alignright\"><a href=\"https:\/\/vandorboy.com\/aktualis\/02_sarjah_nairobi-20\/\" rel=\"attachment wp-att-1983\"><img loading=\"lazy\" decoding=\"async\" class=\"size-medium wp-image-1983\" title=\"Pol\u00e1r sz\u0171r\u0151\" src=\"https:\/\/vandorboy.com\/wp-content\/uploads\/2012\/10\/02_sarjah_nairobi-20-225x300.jpg\" alt=\"Pol\u00e1r sz\u0171r\u0151\" width=\"225\" height=\"300\" srcset=\"https:\/\/vandorboy.com\/wp-content\/uploads\/2012\/10\/02_sarjah_nairobi-20-225x300.jpg 225w, https:\/\/vandorboy.com\/wp-content\/uploads\/2012\/10\/02_sarjah_nairobi-20.jpg 480w\" sizes=\"auto, (max-width: 225px) 100vw, 225px\" \/><\/a><figcaption id=\"caption-attachment-1983\" class=\"wp-caption-text\">Pol\u00e1r sz\u0171r\u0151<\/figcaption><\/figure><\/p>\n<p>A k\u00f6vetkez\u0151 vet\u00edt\u00e9seim:<\/p>\n<p><a href=\"https:\/\/vandorboy.com\/diavetiteseim\/\">https:\/\/vandorboy.com\/diavetiteseim\/<\/a><\/p>\n<p>A k\u00f6vetkez\u0151 utam, amihez csatlakozni lehet:<\/p>\n<p><a href=\"https:\/\/vandorboy.com\/category\/tura-ajanlataim\/\">https:\/\/vandorboy.com\/category\/tura-ajanlataim\/<\/a><\/p>\n<p><\/p>","protected":false},"excerpt":{"rendered":"<p>A k\u00f6vetkez\u0151 vet\u00edt\u00e9seim: https:\/\/vandorboy.com\/diavetiteseim\/ A k\u00f6vetkez\u0151 utam, amihez csatlakozni lehet: https:\/\/vandorboy.com\/category\/tura-ajanlataim\/<\/p>\n","protected":false},"author":1,"featured_media":0,"parent":5200,"menu_order":8,"comment_status":"open","ping_status":"closed","template":"","meta":{"ngg_post_thumbnail":0,"footnotes":""},"class_list":["post-1940","page","type-page","status-publish","hentry"],"_links":{"self":[{"href":"https:\/\/vandorboy.com\/en\/wp-json\/wp\/v2\/pages\/1940","targetHints":{"allow":["GET"]}}],"collection":[{"href":"https:\/\/vandorboy.com\/en\/wp-json\/wp\/v2\/pages"}],"about":[{"href":"https:\/\/vandorboy.com\/en\/wp-json\/wp\/v2\/types\/page"}],"author":[{"embeddable":true,"href":"https:\/\/vandorboy.com\/en\/wp-json\/wp\/v2\/users\/1"}],"replies":[{"embeddable":true,"href":"https:\/\/vandorboy.com\/en\/wp-json\/wp\/v2\/comments?post=1940"}],"version-history":[{"count":0,"href":"https:\/\/vandorboy.com\/en\/wp-json\/wp\/v2\/pages\/1940\/revisions"}],"up":[{"embeddable":true,"href":"https:\/\/vandorboy.com\/en\/wp-json\/wp\/v2\/pages\/5200"}],"wp:attachment":[{"href":"https:\/\/vandorboy.com\/en\/wp-json\/wp\/v2\/media?parent=1940"}],"curies":[{"name":"wp","href":"https:\/\/api.w.org\/{rel}","templated":true}]}}