{"id":20674,"date":"2020-02-15T13:12:01","date_gmt":"2020-02-15T13:12:01","guid":{"rendered":"https:\/\/vandorboy.com\/?page_id=20674"},"modified":"2020-02-18T15:07:58","modified_gmt":"2020-02-18T15:07:58","slug":"sajtoanyagok","status":"publish","type":"page","link":"https:\/\/vandorboy.com\/en\/fesztival\/sajtoanyagok\/","title":{"rendered":"Sajt\u00f3anyagok"},"content":{"rendered":"\n<p>Itt olvashat\u00f3 a r\u00f6vid \u00e9s let\u00f6lthet\u0151 <a href=\"https:\/\/vandorboy.com\/sajtoanyag-x-jaratlan-utakon-fesztival\/\" target=\"_blank\" rel=\"noreferrer noopener\" aria-label=\"a hosszabb anyagunk (\u00faj f\u00fcl\u00f6n nyitja meg)\">a hosszabb anyagunk<\/a>.<\/p>\n\n\n\n<p>A felfedez\u0151 benned van, mi csak az ihletet adjuk hozz\u00e1.<\/p>\n\n\n\n<figure class=\"wp-block-image\"><img loading=\"lazy\" decoding=\"async\" width=\"1024\" height=\"390\" src=\"https:\/\/vandorboy.com\/wp-content\/uploads\/2020\/02\/facebook_oldal_bor\u00edt\u00f3k\u00e9p-1024x390.jpg\" alt=\"fesztiv\u00e1l expo\" class=\"wp-image-20686\" srcset=\"https:\/\/vandorboy.com\/wp-content\/uploads\/2020\/02\/facebook_oldal_bor\u00edt\u00f3k\u00e9p-1024x390.jpg 1024w, https:\/\/vandorboy.com\/wp-content\/uploads\/2020\/02\/facebook_oldal_bor\u00edt\u00f3k\u00e9p-300x114.jpg 300w, https:\/\/vandorboy.com\/wp-content\/uploads\/2020\/02\/facebook_oldal_bor\u00edt\u00f3k\u00e9p-768x292.jpg 768w, https:\/\/vandorboy.com\/wp-content\/uploads\/2020\/02\/facebook_oldal_bor\u00edt\u00f3k\u00e9p.jpg 1737w\" sizes=\"auto, (max-width: 1024px) 100vw, 1024px\" \/><figcaption>fesztiv\u00e1l expo<\/figcaption><\/figure>\n\n\n\n<p>Most X. alkalommal szervezik meg a J\u00e1ratlan Utakon Fesztiv\u00e1lt Magyarorsz\u00e1g legnagyobb, <strong>f\u00fcggetlen \u00e9s extr\u00e9m utaz\u00f3kat megsz\u00f3l\u00edt\u00f3 rendezv\u00e9ny\u00e9t<\/strong>.<\/p>\n\n\n\n<p>Az esem\u00e9nyen t\u00f6bb mint <strong>34<\/strong><a href=\"https:\/\/www.jaratlanutakon.hu\/eloadasok-x\/\"><strong> el\u0151ad\u00e1s<\/strong><\/a><strong> \u00e9s 34<\/strong><a href=\"https:\/\/www.jaratlanutakon.hu\/kerekasztalok-x\/\"><strong> kerekasztal-besz\u00e9lget\u00e9s<\/strong><\/a><strong>, 5<\/strong><a href=\"https:\/\/www.jaratlanutakon.hu\/workshopok-x\/\"><strong> workshop<\/strong><\/a> lesz utaz\u00e1sr\u00f3l a 2 nap alatt, mely 6 teremben zajlik a HungExpo Utaz\u00e1s ki\u00e1ll\u00edt\u00e1s rendezv\u00e9ny\u00e9nek keretein bel\u00fcl.<\/p>\n\n\n\n<p>Hazai \u00e9s k\u00fclf\u00f6ldi f\u00fcggetlen utaz\u00f3k, utaz\u00e1si bloggerek \u00e9s extr\u00e9m teljes\u00edtm\u00e9nyeket felmutat\u00f3k gy\u0171lnek \u00f6ssze erre a h\u00e9tv\u00e9g\u00e9re a vil\u00e1g minden r\u00e9sz\u00e9b\u0151l, hogy megossz\u00e1k t\u00f6rt\u00e9neteiket \u00e9s tapasztalataikat az utazni v\u00e1gy\u00f3 k\u00edv\u00e1ncsi k\u00f6z\u00f6ns\u00e9ggel. Inspir\u00e1lnak, \u00f6tleteket \u00e9s konkr\u00e9t tippeket adnak: mikor, hov\u00e1, hogyan \u00e9s mi\u00e9rt \u00e9rdemes elutazni?\u00a0<\/p>\n\n\n\n<p>Illetve a workshopok keret\u00e9ben fot\u00f3z\u00e1sr\u00f3l, el\u0151k\u00e9sz\u00fcletekr\u0151l \u00e9s a sivatagi t\u00fal\u00e9l\u00e9sre is felk\u00e9sz\u00fcletlenek a r\u00e9sztvev\u0151k. <\/p>\n\n\n\n<div class=\"wp-block-image\"><figure class=\"alignleft is-resized\"><img loading=\"lazy\" decoding=\"async\" src=\"https:\/\/vandorboy.com\/wp-content\/uploads\/2020\/02\/logo_03x-1024x777.png\" alt=\"feszt logo expo\" class=\"wp-image-20683\" width=\"328\" height=\"249\" srcset=\"https:\/\/vandorboy.com\/wp-content\/uploads\/2020\/02\/logo_03x-1024x777.png 1024w, https:\/\/vandorboy.com\/wp-content\/uploads\/2020\/02\/logo_03x-300x227.png 300w, https:\/\/vandorboy.com\/wp-content\/uploads\/2020\/02\/logo_03x-768x582.png 768w\" sizes=\"auto, (max-width: 328px) 100vw, 328px\" \/><figcaption>feszt logo expo<\/figcaption><\/figure><\/div>\n\n\n\n<p>\u00a0Id\u00e9n is lesz el\u0151ad\u00e1s t\u00f6bb ezer kilom\u00e9teres t\u00far\u00e1z\u00e1sr\u00f3l, zar\u00e1ndoklatokr\u00f3l, t\u00f6bb\u00e9ves ker\u00e9kp\u00e1ros vil\u00e1gker\u00fcl\u00e9sr\u0151l, lak\u00f3aut\u00f3s \u00e9s dzsipes kalandokr\u00f3l, \u00e9s vil\u00e1gj\u00e1r\u00f3 vitorl\u00e1z\u00f3k, kajakoz\u00f3k \u00e9s Rakonczay G\u00e1bor is el\u0151ad, hogy a boat show-hoz is kapcsol\u00f3djunk.<\/p>\n\n\n\n<p>A J\u00e1ratlan Utakon Fesztiv\u00e1lon bej\u00e1rjuk mind az 5 kontinens n\u00e9pszer\u0171 helyeit,\u00a0 K\u00edna, India, Peru, Usa, Nam\u00edbia, de \u00fajabb ismeretlen r\u00e9gi\u00f3kba is elkalauzoljuk  a fesztiv\u00e1lunkra \u00e9rkez\u0151ket, mint p\u00e9ld\u00e1ul Sza\u00fad-Ar\u00e1bi\u00e1ba, Szud\u00e1nba, Csernobilba, Bangladesbe, eg\u00e9szen Francia Polin\u00e9zi\u00e1ig.<\/p>\n\n\n\n<p>Term\u00e9szetesen id\u00e9n sem maradnak ki a z\u00f6ld t\u00e9m\u00e1k, a fenntarthat\u00f3 turizmus t\u00e9mak\u00f6re, a r\u00f6vid h\u00e9tv\u00e9g\u00e9s desztin\u00e1ci\u00f3k, a n\u0151i utaz\u00f3k, melyek a kerekasztal-besz\u00e9lget\u00e9seken is teret kapnak.<\/p>\n\n\n\n<figure class=\"wp-block-image\"><img loading=\"lazy\" decoding=\"async\" width=\"640\" height=\"480\" src=\"https:\/\/vandorboy.com\/wp-content\/uploads\/2017\/12\/5.-fesztiv\u00e1l-fotok-52.jpg\" alt=\"feszt nagyterem\" class=\"wp-image-10398\" srcset=\"https:\/\/vandorboy.com\/wp-content\/uploads\/2017\/12\/5.-fesztiv\u00e1l-fotok-52.jpg 640w, https:\/\/vandorboy.com\/wp-content\/uploads\/2017\/12\/5.-fesztiv\u00e1l-fotok-52-300x225.jpg 300w\" sizes=\"auto, (max-width: 640px) 100vw, 640px\" \/><figcaption>J\u00e1ratlan utakon feszt n\u00e9z\u0151k <\/figcaption><\/figure>\n\n\n\n<p>&nbsp;Ismereteket kapunk tov\u00e1bb\u00e1 a vall\u00e1si turizmusr\u00f3l is, az iszl\u00e1mr\u00f3l, hindu \u00e9s tibeti r\u00e9gi\u00f3kon kereszt\u00fcl, illetve kiemelt t\u00e9m\u00e1nk m\u00e9g Olaszorsz\u00e1g, \u00edgy illeszkedve a Hungexpo idei d\u00edszvend\u00e9g\u00e9hez.<\/p>\n\n\n\n<p>Tov\u00e1bb\u00e1 most lesz az utaz\u00f3 bloggerek tal\u00e1lkoz\u00f3ja is, ahol m\u00e9g 13 el\u0151ad\u00e1s k\u00f6z\u00fcl lehet v\u00e1lasztani.&nbsp; <a href=\"https:\/\/utazas.hungexpo.hu\/blogger-talalkozo\/\">https:\/\/utazas.hungexpo.hu\/blogger-talalkozo\/<\/a><\/p>\n\n\n\n<p>Meglepet\u00e9sk\u00e9nt id\u00e9n <strong>\u00a05 <\/strong><a href=\"https:\/\/www.jaratlanutakon.hu\/kulonleges-programok-x\/\"><strong>t\u00e1nccsoport<\/strong><\/a><strong>\u00a0 <\/strong>programja r\u00e9v\u00e9n Tahiti,\u00a0 Hawaii, India, Indon\u00e9zia \u00e9s Szeneg\u00e1l t\u00e1j\u00e1r\u00f3l kaphat minden l\u00e1togat\u00f3 \u00e9l\u0151 kultur\u00e1lis \u00e9lm\u00e9nyt az idei J\u00e1ratlan utakon fesztiv\u00e1lon.\u00a0<\/p>\n\n\n\n<p>Az esem\u00e9nyre elh\u00edvtuk Farkas Bertalant, az els\u0151 magyar \u0171rhaj\u00f3st, akin\u00e9l messzebb \u00e9s j\u00e1ratlanabb \u00fatakon nem igaz\u00e1n volt senki.<\/p>\n\n\n\n<p>Az esem\u00e9nyre \u00e9rdemes t\u00f6megk\u00f6zleked\u00e9ssel \u00e9rkezni, illetve ig\u00e9nybe venni a M\u00c1V 50%-os kedvezm\u00e9ny\u00e9t, amir\u0151l a weblapunkon lehet t\u00e1j\u00e9koz\u00f3dni:<\/p>\n\n\n\n<figure class=\"wp-block-embed-wordpress wp-block-embed is-type-wp-embed is-provider-jaratlan-utakon\"><div class=\"wp-block-embed__wrapper\">\n<blockquote class=\"wp-embedded-content\" data-secret=\"hrBDkRDtsS\"><a href=\"https:\/\/www.jaratlanutakon.hu\/\">16. J\u00e1ratlan Utakon Fesztiv\u00e1l<\/a><\/blockquote><iframe loading=\"lazy\" class=\"wp-embedded-content\" sandbox=\"allow-scripts\" security=\"restricted\" style=\"position: absolute; clip: rect(1px, 1px, 1px, 1px);\" title=\"&#8220;16. J\u00e1ratlan Utakon Fesztiv\u00e1l&#8221; &#8212; J\u00e1ratlan Utakon\" src=\"https:\/\/www.jaratlanutakon.hu\/embed\/#?secret=Vm0elFnbVJ#?secret=hrBDkRDtsS\" data-secret=\"hrBDkRDtsS\" width=\"600\" height=\"338\" frameborder=\"0\" marginwidth=\"0\" marginheight=\"0\" scrolling=\"no\"><\/iframe>\n<\/div><\/figure>\n\n\n\n<p>&#8212;&#8212;&#8212;&#8211;&nbsp;<\/p>\n\n\n\n<p>B\u00edzom benne, hogy a fesztiv\u00e1l sajt\u00f3anyag\u00e1t vonz\u00f3nak tal\u00e1lj\u00e1k. Minden \u00e9vben nagy gondot ford\u00edtok a rendezv\u00e9ny m\u00e9diamegjelen\u00e9s\u00e9re, amit eddig mindig kell\u0151 visszhangra tal\u00e1lt.&nbsp;<\/p>\n\n\n\n<p>Visszajelz\u00e9sek az eddigi fesztiv\u00e1lokr\u00f3l:<\/p>\n\n\n\n<figure class=\"wp-block-embed-wordpress wp-block-embed is-type-wp-embed is-provider-jaratlan-utakon\"><div class=\"wp-block-embed__wrapper\">\n<blockquote class=\"wp-embedded-content\" data-secret=\"IZITzrlaHF\"><a href=\"https:\/\/www.jaratlanutakon.hu\/nezok-visszajelzesei-a-fesztivalunkrol\/\">N\u00e9z\u0151k visszajelz\u00e9sei a fesztiv\u00e1lunkr\u00f3l<\/a><\/blockquote><iframe loading=\"lazy\" class=\"wp-embedded-content\" sandbox=\"allow-scripts\" security=\"restricted\" style=\"position: absolute; clip: rect(1px, 1px, 1px, 1px);\" title=\"&#8220;N\u00e9z\u0151k visszajelz\u00e9sei a fesztiv\u00e1lunkr\u00f3l&#8221; &#8212; J\u00e1ratlan Utakon\" src=\"https:\/\/www.jaratlanutakon.hu\/nezok-visszajelzesei-a-fesztivalunkrol\/embed\/#?secret=38jcO9SSSD#?secret=IZITzrlaHF\" data-secret=\"IZITzrlaHF\" width=\"600\" height=\"338\" frameborder=\"0\" marginwidth=\"0\" marginheight=\"0\" scrolling=\"no\"><\/iframe>\n<\/div><\/figure>\n\n\n\n<p>Sajt\u00f3t\u00e1j\u00e9koztat\u00f3nk febr. 17-\u00e9n, 12-kor lesz a La Fabbrica \u00e9tteremben. V\u00e1rjuk szeretettel!<\/p>\n\n\n\n<p>Tov\u00e1bbi k\u00e9rd\u00e9sek eset\u00e9n v\u00e1rom sz\u00edves jelentkez\u00e9s\u00fcket!<\/p>\n\n\n\n\n\n<p>Csonka G\u00e1bor (<a href=\"https:\/\/vandorboy.com\/\">V\u00e1ndorboy<\/a>), a fesztiv\u00e1l f\u0151szervez\u0151je<\/p>\n\n\n\n<p>jaratlanutakfesztival@gmail.com<\/p>\n\n\n\n<p>0670 284 6080<\/p>\n\n\n\n<p><a href=\"https:\/\/www.facebook.com\/events\/200033094046235\/\">fesztiv\u00e1lunk a fb-on<\/a>&nbsp;<\/p>\n\n\n<p><!--EndFragment--><\/p>\n<p><\/p>\n\n\n<figure class=\"wp-block-embed is-type-rich is-provider-vandorboy-com\"><div class=\"wp-block-embed__wrapper\">\n<blockquote class=\"wp-embedded-content\" data-secret=\"QUBFWjNiID\"><a href=\"https:\/\/vandorboy.com\/sajtoanyag-x-jaratlan-utakon-fesztival\/\">Sajt\u00f3anyag X. J\u00e1ratlan Utakon Fesztiv\u00e1l<\/a><\/blockquote><iframe loading=\"lazy\" class=\"wp-embedded-content\" sandbox=\"allow-scripts\" security=\"restricted\" style=\"position: absolute; clip: rect(1px, 1px, 1px, 1px);\" title=\"&#8220;Sajt\u00f3anyag X. J\u00e1ratlan Utakon Fesztiv\u00e1l&#8221; &#8212; vandorboy\" src=\"https:\/\/vandorboy.com\/sajtoanyag-x-jaratlan-utakon-fesztival\/embed\/#?secret=ILeod2fXtg#?secret=QUBFWjNiID\" data-secret=\"QUBFWjNiID\" width=\"600\" height=\"338\" frameborder=\"0\" marginwidth=\"0\" marginheight=\"0\" scrolling=\"no\"><\/iframe>\n<\/div><\/figure>\n","protected":false},"excerpt":{"rendered":"<p>Itt olvashat\u00f3 a r\u00f6vid \u00e9s let\u00f6lthet\u0151 a hosszabb anyagunk. A felfedez\u0151 benned van, mi csak az ihletet adjuk hozz\u00e1. Most X. alkalommal szervezik meg a J\u00e1ratlan Utakon Fesztiv\u00e1lt Magyarorsz\u00e1g legnagyobb,&#8230;<\/p>\n","protected":false},"author":1,"featured_media":0,"parent":5219,"menu_order":0,"comment_status":"closed","ping_status":"closed","template":"","meta":{"ngg_post_thumbnail":0,"footnotes":""},"class_list":["post-20674","page","type-page","status-publish","hentry"],"_links":{"self":[{"href":"https:\/\/vandorboy.com\/en\/wp-json\/wp\/v2\/pages\/20674","targetHints":{"allow":["GET"]}}],"collection":[{"href":"https:\/\/vandorboy.com\/en\/wp-json\/wp\/v2\/pages"}],"about":[{"href":"https:\/\/vandorboy.com\/en\/wp-json\/wp\/v2\/types\/page"}],"author":[{"embeddable":true,"href":"https:\/\/vandorboy.com\/en\/wp-json\/wp\/v2\/users\/1"}],"replies":[{"embeddable":true,"href":"https:\/\/vandorboy.com\/en\/wp-json\/wp\/v2\/comments?post=20674"}],"version-history":[{"count":0,"href":"https:\/\/vandorboy.com\/en\/wp-json\/wp\/v2\/pages\/20674\/revisions"}],"up":[{"embeddable":true,"href":"https:\/\/vandorboy.com\/en\/wp-json\/wp\/v2\/pages\/5219"}],"wp:attachment":[{"href":"https:\/\/vandorboy.com\/en\/wp-json\/wp\/v2\/media?parent=20674"}],"curies":[{"name":"wp","href":"https:\/\/api.w.org\/{rel}","templated":true}]}}