{"id":2615,"date":"2012-12-10T20:56:35","date_gmt":"2012-12-10T20:56:35","guid":{"rendered":"https:\/\/vandorboy.com\/?page_id=2615"},"modified":"2020-04-10T16:33:33","modified_gmt":"2020-04-10T16:33:33","slug":"afrika-korutazas-2013","status":"publish","type":"page","link":"https:\/\/vandorboy.com\/en\/tura-szervezes\/turaajanlataim-2022\/afrika-korutazas-2013\/","title":{"rendered":"Africa tours"},"content":{"rendered":"<p><\/p>\n<h2>Afrika 35 orsz\u00e1g\u00e1ban j\u00e1rtam, t\u00f6bb mint 22 h\u00f3napot utaztam ott,<\/h2>\n<p>\u00edgy b\u00e1tran mondhatom, hogy ismerem a k\u00f6rny\u00e9k kult\u00far\u00e1j\u00e1t, embereit, s a l\u00e1tv\u00e1nyoss\u00e1gokat.<\/p>\n<p>Ha&nbsp;\u00fati&nbsp;terved Afrika, akkor utaz\u00e1s szervez\u00e9s\u00e9t \u00e9s&nbsp;l\u00e9bonyol\u00edt\u00e1s\u00e1t&nbsp;\u00e9rdemes tapasztalt emberekre b\u00edzni.<\/p>\n<p>Ebben a feladatban tudok seg\u00edteni, illetve aj\u00e1nlani a t\u00e9m\u00e1ban j\u00e1ratos m\u00e1s antropol\u00f3gusokat is.<\/p>\n<p>Engem afrikai utaz\u00e1saim sor\u00e1n f\u0151leg a t\u00f6rzsi ter\u00fcletek \u00e9rdekeltek, \u00edgy azokat igyekeztem bej\u00e1rni<\/p>\n<p>Legk\u00f6zelebbi fix id\u0151pont :&nbsp;https:\/\/vandorboy.com\/event\/afrika-overland-safari\/<\/p>\n<h3>D\u00e9l Afrika 11.<\/h3>\n<p>D\u00e9l Afrikai K\u00f6zt\u00e1rsas\u00e1g<\/p>\n<p>Nam\u00edbia<\/p>\n<p>Botswana<\/p>\n<p>Angola,<\/p>\n<p>Zambia<\/p>\n<p>Zimbabwe<\/p>\n<p>Mozambik<\/p>\n<p>Lesotho<\/p>\n<p>Sw\u00e1zif\u00f6ld<\/p>\n<p>Malawi<\/p>\n<p>Mauritius<\/p>\n<p>Reunion<\/p>\n<h3><strong>Kelet Afrika 5<\/strong><\/h3>\n<p>Tanz\u00e1nia<\/p>\n<p>Kenya<\/p>\n<p>Uganda<\/p>\n<p>Som\u00e1lif\u00f6ld<\/p>\n<p>Dzsibuti<\/p>\n<h3>Nyugat Afrika 8<\/h3>\n<p>Maurit\u00e1nia<\/p>\n<p>Szeneg\u00e1l<\/p>\n<p>Mali<\/p>\n<p>Guinea<\/p>\n<p>Guinea Bissau<\/p>\n<p>Ghana<\/p>\n<p>Togo<\/p>\n<p>Benin<\/p>\n<h3>K\u00f6z\u00e9p Afrika 9<\/h3>\n<p>Burkina Faso<\/p>\n<p>Kamerun<\/p>\n<p>Eti\u00f3pia<\/p>\n<p>Kongo<\/p>\n<p>Kongo Dk.<\/p>\n<p>Gabon,<\/p>\n<p>Nig\u00e9ria,<\/p>\n<p>Cs\u00e1d<\/p>\n<p>Niger<\/p>\n<h3>\u00c9szak Afrika 3<\/h3>\n<p>Marokk\u00f3<\/p>\n<p>Ny. Szahara<\/p>\n<p>Egyiptom<\/p>\n<p>\u00c9. Szud\u00e1n<\/p>\n<h4>Sz\u00edvesen lej\u00e1rom utaztat\u00e1s el\u0151tt megrendel\u00e9s eset\u00e9n egy\u00e9b orsz\u00e1gokat is:<\/h4>\n<p>Libia<\/p>\n<p>Alg\u00e9ria<\/p>\n<p>Tun\u00e9zia<\/p>\n<p>Lib\u00e9ria,<\/p>\n<p>Sierra Leone<\/p>\n<p>Ruanda<\/p>\n<p>Burundi<\/p>\n<p>Z\u00f6ldfoki Szigetek,<\/p>\n<p>Madagaszk\u00e1r<\/p>\n<p>\u00e9s egy\u00e9b szigetek.<\/p>\n<p>K\u00f6z\u00e9p Afrikai k\u00f6zt\u00e1rsas\u00e1got sz\u00edvesen kihagyom.","protected":false},"excerpt":{"rendered":"<p>Afrika 35 orsz\u00e1g\u00e1ban j\u00e1rtam, t\u00f6bb mint 22 h\u00f3napot utaztam ott, \u00edgy b\u00e1tran mondhatom, hogy ismerem a k\u00f6rny\u00e9k kult\u00far\u00e1j\u00e1t, embereit, s a l\u00e1tv\u00e1nyoss\u00e1gokat. Ha&nbsp;\u00fati&nbsp;terved Afrika, akkor utaz\u00e1s szervez\u00e9s\u00e9t \u00e9s&nbsp;l\u00e9bonyol\u00edt\u00e1s\u00e1t&nbsp;\u00e9rdemes tapasztalt emberekre&#8230;<\/p>\n","protected":false},"author":1,"featured_media":0,"parent":788,"menu_order":9,"comment_status":"open","ping_status":"closed","template":"","meta":{"ngg_post_thumbnail":0,"footnotes":""},"class_list":["post-2615","page","type-page","status-publish","hentry"],"_links":{"self":[{"href":"https:\/\/vandorboy.com\/en\/wp-json\/wp\/v2\/pages\/2615","targetHints":{"allow":["GET"]}}],"collection":[{"href":"https:\/\/vandorboy.com\/en\/wp-json\/wp\/v2\/pages"}],"about":[{"href":"https:\/\/vandorboy.com\/en\/wp-json\/wp\/v2\/types\/page"}],"author":[{"embeddable":true,"href":"https:\/\/vandorboy.com\/en\/wp-json\/wp\/v2\/users\/1"}],"replies":[{"embeddable":true,"href":"https:\/\/vandorboy.com\/en\/wp-json\/wp\/v2\/comments?post=2615"}],"version-history":[{"count":0,"href":"https:\/\/vandorboy.com\/en\/wp-json\/wp\/v2\/pages\/2615\/revisions"}],"up":[{"embeddable":true,"href":"https:\/\/vandorboy.com\/en\/wp-json\/wp\/v2\/pages\/788"}],"wp:attachment":[{"href":"https:\/\/vandorboy.com\/en\/wp-json\/wp\/v2\/media?parent=2615"}],"curies":[{"name":"wp","href":"https:\/\/api.w.org\/{rel}","templated":true}]}}