{"id":370,"date":"2011-08-21T07:49:56","date_gmt":"2011-08-21T07:49:56","guid":{"rendered":"https:\/\/vandorboy.com\/?page_id=370"},"modified":"2020-02-19T13:56:49","modified_gmt":"2020-02-19T13:56:49","slug":"utazasi-tanacsadas","status":"publish","type":"page","link":"https:\/\/vandorboy.com\/en\/tura-szervezes\/utazasi-tanacsadas\/","title":{"rendered":"Trip advisor"},"content":{"rendered":"<p><\/p>\n<figure id=\"attachment_2026\" aria-describedby=\"caption-attachment-2026\" style=\"width: 300px\" class=\"wp-caption alignright\"><a href=\"https:\/\/vandorboy.com\/wp-content\/uploads\/2011\/08\/25_mughsail_plus_west-69.jpg\"><img loading=\"lazy\" decoding=\"async\" class=\"size-medium wp-image-2026\" title=\"Oman,  Mughsai\" src=\"https:\/\/vandorboy.com\/wp-content\/uploads\/2011\/08\/25_mughsail_plus_west-69-300x225.jpg\" alt=\"Oman,  Mughsai, teaching locals how to read map\" width=\"300\" height=\"225\" srcset=\"https:\/\/vandorboy.com\/wp-content\/uploads\/2011\/08\/25_mughsail_plus_west-69-300x225.jpg 300w, https:\/\/vandorboy.com\/wp-content\/uploads\/2011\/08\/25_mughsail_plus_west-69.jpg 640w\" sizes=\"auto, (max-width: 300px) 100vw, 300px\" \/><\/a><figcaption id=\"caption-attachment-2026\" class=\"wp-caption-text\">Oman, teaching locals how to read map<\/figcaption><\/figure>\n<p style=\"text-align: justify;\">125 orsz\u00e1gban utaztam 20 \u00e9v alatt, elt\u00f6lt\u00f6ttem&nbsp; sok id\u0151t ezeken a ter\u00fcleteken, el\u00e9g sok tapasztalatot szereztem arr\u00f3l mit \u00e9rdemes megn\u00e9zni, hogyan \u00e9rdemes k\u00f6zlekedni \u00e9s navig\u00e1lni ismeretlen helyeken, megoldani \u00e9lethelyzeteket, amikre egy \u00e1tlag turista nem is gondol.<\/p>\n<p style=\"text-align: justify;\">Vizum \u00fcgyek, b\u00fcrokr\u00e1cia utveszt\u0151i, rend\u0151ri kellemetlenked\u00e9sek, biztons\u00e1gi k\u00e9rd\u00e9sek, g\u00e1zos ter\u00fcletek mind az a t\u00e9mak\u00f6r, amir\u0151l az utik\u00f6nyvek nem sz\u00f3lnak.<\/p>\n<p style=\"text-align: justify;\">10 tan\u00e1cs, hogy ne raboljanak ki a veszelyes helyeken.<\/p>\n<p style=\"text-align: justify;\">Hogyan t\u00e1pl\u00e1lkozz, hogy ne a wc-t ismerd meg a l\u00e1tv\u00e1nyoss\u00e1g helyett.<\/p>\n<p style=\"text-align: justify;\">Hogyan ismerd meg a helyiek igazi \u00e9let\u00e9t? Megismerkedni az ott \u00e9l\u0151kkel mi\u00e9rt is fontos?<\/p>\n<p style=\"text-align: justify;\">Hogyan kezelj\u00fcnk v\u00e1ratlan \u00e9lethelyzeteket, amik utaz\u00e1s sor\u00e1n \u00f3hatatlanul el\u0151fordulnak?<\/p>\n<p style=\"text-align: justify;\">Mit csin\u00e1lj, ha a vil\u00e1g v\u00e9g\u00e9n v\u00e9letlen\u00fcl letart\u00f3ztatnak?<\/p>\n<p style=\"text-align: justify;\">Ha \u00fagy \u00e9rzed, hogy neked ezek a k\u00e9rd\u00e9sek fontosak, s nem tal\u00e1lsz inf\u00f3kat a neten, akkor b\u00e1tran fordulj hozz\u00e1m.<\/p>\n<p style=\"text-align: justify;\">Term\u00e9szetesen ismer\u0151s\u00f6kt\u0151l, bar\u00e1tokt\u00f3l nem fogadok el p\u00e9nzt, de \u0151k t\u00e1mogatnak a weboldalam n\u00e9zetts\u00e9g\u00e9nek n\u00f6vel\u00e9s\u00e9vel, cikkeim elolvas\u00e1s\u00e1val, like-ol\u00e1s\u00e1val, g\u00e9pel\u00e9ssel, szerkeszt\u00e9ssel, diavet\u00edt\u00e9seimen megjelen\u00e9ssel stb.<\/p>\n<p style=\"text-align: justify;\">el\u00e9rhet\u0151s\u00e9gem:<\/p>\n<p style=\"text-align: justify;\">vandorboy@freemail.hu<\/p>\n<p style=\"text-align: justify;\">0670-2013624<\/p>\n<p><\/p>","protected":false},"excerpt":{"rendered":"<p>125 orsz\u00e1gban utaztam 20 \u00e9v alatt, elt\u00f6lt\u00f6ttem&nbsp; sok id\u0151t ezeken a ter\u00fcleteken, el\u00e9g sok tapasztalatot szereztem arr\u00f3l mit \u00e9rdemes megn\u00e9zni, hogyan \u00e9rdemes k\u00f6zlekedni \u00e9s navig\u00e1lni ismeretlen helyeken, megoldani \u00e9lethelyzeteket, amikre&#8230;<\/p>\n","protected":false},"author":1,"featured_media":0,"parent":2514,"menu_order":4,"comment_status":"open","ping_status":"closed","template":"","meta":{"ngg_post_thumbnail":0,"footnotes":""},"class_list":["post-370","page","type-page","status-publish","hentry"],"_links":{"self":[{"href":"https:\/\/vandorboy.com\/en\/wp-json\/wp\/v2\/pages\/370","targetHints":{"allow":["GET"]}}],"collection":[{"href":"https:\/\/vandorboy.com\/en\/wp-json\/wp\/v2\/pages"}],"about":[{"href":"https:\/\/vandorboy.com\/en\/wp-json\/wp\/v2\/types\/page"}],"author":[{"embeddable":true,"href":"https:\/\/vandorboy.com\/en\/wp-json\/wp\/v2\/users\/1"}],"replies":[{"embeddable":true,"href":"https:\/\/vandorboy.com\/en\/wp-json\/wp\/v2\/comments?post=370"}],"version-history":[{"count":0,"href":"https:\/\/vandorboy.com\/en\/wp-json\/wp\/v2\/pages\/370\/revisions"}],"up":[{"embeddable":true,"href":"https:\/\/vandorboy.com\/en\/wp-json\/wp\/v2\/pages\/2514"}],"wp:attachment":[{"href":"https:\/\/vandorboy.com\/en\/wp-json\/wp\/v2\/media?parent=370"}],"curies":[{"name":"wp","href":"https:\/\/api.w.org\/{rel}","templated":true}]}}