{"id":4945,"date":"2014-07-16T11:57:23","date_gmt":"2014-07-16T11:57:23","guid":{"rendered":"https:\/\/vandorboy.com\/?page_id=4945"},"modified":"2020-05-02T15:57:25","modified_gmt":"2020-05-02T15:57:25","slug":"vandorboy-rol-roviden","status":"publish","type":"page","link":"https:\/\/vandorboy.com\/en\/magamrol\/vandorboy-rol-roviden\/","title":{"rendered":"Briefly about Vandorboy"},"content":{"rendered":"<p>If you want to read this post in English..open the links, then click on the Brit flag. on the right up at the header.<\/p>\n\n\n\n<div class=\"wp-block-image\"><figure class=\"alignleft\"><a href=\"https:\/\/vandorboy.com\/wp-content\/uploads\/2014\/07\/01-Utazas-4-copie.jpg\"><img loading=\"lazy\" decoding=\"async\" width=\"300\" height=\"225\" src=\"https:\/\/vandorboy.com\/wp-content\/uploads\/2014\/07\/01-Utazas-4-copie-300x225.jpg\" alt=\"vandorboy - stoppos l\u00e9t\" class=\"wp-image-4946\" srcset=\"https:\/\/vandorboy.com\/wp-content\/uploads\/2014\/07\/01-Utazas-4-copie-300x225.jpg 300w, https:\/\/vandorboy.com\/wp-content\/uploads\/2014\/07\/01-Utazas-4-copie.jpg 640w\" sizes=\"auto, (max-width: 300px) 100vw, 300px\" \/><\/a><figcaption>vandorboy &#8211; stoppos l\u00e9t<\/figcaption><\/figure><\/div>\n\n\n\n<h3 class=\"wp-block-heading\">Alternat\u00edv world travel, alternat\u00edv worldview<\/h3>\n\n\n\n<h3 class=\"wp-block-heading\">&nbsp;<\/h3>\n\n\n\n<address><strong><span style=\"font-size: 13px;\">&nbsp;<\/span><\/strong><\/address>\n\n\n\n<p>My name is Gabor Csonka, backpacker-traveller- thinker- tour organiser- travel adviser.<\/p>\n\n\n\n<p>I have traveled 22 years&nbsp;extensively and completely independently across 140 countries on this planet, on as low budget as possible, motivated to discover the real world and its people.<\/p>\n\n\n\n<p>1-&nbsp;<a style=\"font-size: 13px;\" title=\"https:\/\/vandorboy.com\/en\/hello-vilag\/\" href=\"https:\/\/vandorboy.com\/en\/hello-vilag\/\" target=\"_blank\" rel=\"noopener\">ARS POETICA<\/a><span style=\"font-size: 13px;\">&#8211;&nbsp;Briefly you can read here about my philosophy and the way I travel.<\/span><\/p>\n\n\n\n<div class=\"wp-block-image\"><figure class=\"alignleft\"><a href=\"https:\/\/vandorboy.com\/wp-content\/uploads\/2014\/07\/01-Utazas-02-uj-copie.jpg\"><img loading=\"lazy\" decoding=\"async\" width=\"300\" height=\"200\" src=\"https:\/\/vandorboy.com\/wp-content\/uploads\/2014\/07\/01-Utazas-02-uj-copie-300x200.jpg\" alt=\"Stoppol\u00e1s mint \u00e9letm\u00f3d \u00e9s filoz\u00f3fia\" class=\"wp-image-4952\" srcset=\"https:\/\/vandorboy.com\/wp-content\/uploads\/2014\/07\/01-Utazas-02-uj-copie-300x200.jpg 300w, https:\/\/vandorboy.com\/wp-content\/uploads\/2014\/07\/01-Utazas-02-uj-copie.jpg 640w\" sizes=\"auto, (max-width: 300px) 100vw, 300px\" \/><\/a><figcaption>Stoppol\u00e1s mint \u00e9letm\u00f3d \u00e9s filoz\u00f3fia<\/figcaption><\/figure><\/div>\n\n\n\n<p>2 \u2013 Buddhizm and traveling &#8211; &nbsp;<a title=\"https:\/\/vandorboy.com\/en\/interview-with-vandorboy\/\" href=\"https:\/\/vandorboy.com\/en\/interview-with-vandorboy\/\" target=\"_blank\" rel=\"noopener\">Interj\u00fa velem<\/a>&nbsp; &#8211; fast way to get to know more about my inspirations, motivations.<\/p>\n\n\n\n<p>3 \u2013 If you want to know more sophisticated about me: (but this is google translater..not good) &nbsp;&nbsp;<a title=\"https:\/\/vandorboy.com\/en\/utazasaim-osszegzese\/\" href=\"https:\/\/vandorboy.com\/en\/utazasaim-osszegzese\/\" target=\"_blank\" rel=\"noopener\">ezt mindenk\u00e9ppen olvassad el<\/a><\/p>\n\n\n\n<p><span style=\"font-size: 13px;\">4 \u2013 MY CV,&nbsp;<\/span><a style=\"font-size: 13px;\" title=\"https:\/\/vandorboy.com\/magamrol\/oneletrajzom\/\" href=\"https:\/\/vandorboy.com\/magamrol\/oneletrajzom\/\" target=\"_blank\" rel=\"noopener\">&nbsp;\u00f6n\u00e9letrajzom<\/a><\/p>\n\n\n\n<p>5 \u2013 &nbsp;In radio programs:&nbsp;<a title=\"https:\/\/vandorboy.com\/magamrol\/radio-interjuk\/\" href=\"https:\/\/vandorboy.com\/magamrol\/radio-interjuk\/\" target=\"_blank\" rel=\"noopener\">meghallgathatsz<\/a><\/p>\n\n\n\n<p>6 \u2013 My publications,&nbsp;<a title=\"https:\/\/vandorboy.com\/magamrol\/linkek-megjelenesek-rolam\/\" href=\"https:\/\/vandorboy.com\/magamrol\/linkek-megjelenesek-rolam\/\" target=\"_blank\" rel=\"noopener\">amiket \u00edrtam,<\/a><\/p>\n\n\n\n<div class=\"wp-block-image\"><figure class=\"alignleft\"><a href=\"https:\/\/vandorboy.com\/wp-content\/uploads\/2014\/07\/maur-erk-115-web.jpg\"><img loading=\"lazy\" decoding=\"async\" width=\"300\" height=\"200\" src=\"https:\/\/vandorboy.com\/wp-content\/uploads\/2014\/07\/maur-erk-115-web-300x200.jpg\" alt=\"Alternat\u00edv vil\u00e1gj\u00e1r\u00e1s \u00e9s vil\u00e1gl\u00e1t\u00e1s\" class=\"wp-image-4954\" srcset=\"https:\/\/vandorboy.com\/wp-content\/uploads\/2014\/07\/maur-erk-115-web-300x200.jpg 300w, https:\/\/vandorboy.com\/wp-content\/uploads\/2014\/07\/maur-erk-115-web.jpg 640w\" sizes=\"auto, (max-width: 300px) 100vw, 300px\" \/><\/a><figcaption>Alternat\u00edv vil\u00e1gj\u00e1r\u00e1s \u00e9s vil\u00e1gl\u00e1t\u00e1s<\/figcaption><\/figure><\/div>\n\n\n\n<p>7 &#8211; I was activ more then 9 years in travel communities, f.e. Servas, and&nbsp;<span style=\"font-size: 13px;\">couchsurfing&nbsp;<\/span><a style=\"font-size: 13px;\" title=\"http:\/\/www.couchsurfing.org\/people\/vandorboy\/\" href=\"http:\/\/www.couchsurfing.org\/people\/vandorboy\/\" target=\"_blank\" rel=\"noopener\">\u00edgy n\u00e9zek ki<\/a><\/p>\n\n\n\n<p>If you agree with my world view, my philosophy&#8230; you can support me. There is many alternative way to do so:&nbsp;<a title=\"https:\/\/vandorboy.com\/hogyan-tamogathatsz\/\" href=\"https:\/\/vandorboy.com\/hogyan-tamogathatsz\/\" target=\"_blank\" rel=\"noopener\">amiket itt l\u00e1thatsz<\/a>.<\/p>\n\n\n\n<p>But the best way to join one of my tours, and get to know me better in life, face to face:&nbsp;<a title=\"https:\/\/vandorboy.com\/en\/tura-szervezes\/turaajanlataim-2014\/\" href=\"https:\/\/vandorboy.com\/en\/tura-szervezes\/turaajanlataim-2014\/\" target=\"_blank\" rel=\"noopener\">alternat\u00edv m\u00f3don utazni velem.<\/a><\/p>\n\n\n\n<p>Or you can donate by paypall, on the right part of my website main page. :)<\/p>","protected":false},"excerpt":{"rendered":"<p>If you want to read this post in English..open the links, then click on the Brit flag. on the right up at the header. Alternat\u00edv world travel, alternat\u00edv worldview &nbsp;&#8230;<\/p>\n","protected":false},"author":1,"featured_media":0,"parent":2,"menu_order":1,"comment_status":"open","ping_status":"closed","template":"","meta":{"ngg_post_thumbnail":0,"footnotes":""},"class_list":["post-4945","page","type-page","status-publish","hentry"],"_links":{"self":[{"href":"https:\/\/vandorboy.com\/en\/wp-json\/wp\/v2\/pages\/4945","targetHints":{"allow":["GET"]}}],"collection":[{"href":"https:\/\/vandorboy.com\/en\/wp-json\/wp\/v2\/pages"}],"about":[{"href":"https:\/\/vandorboy.com\/en\/wp-json\/wp\/v2\/types\/page"}],"author":[{"embeddable":true,"href":"https:\/\/vandorboy.com\/en\/wp-json\/wp\/v2\/users\/1"}],"replies":[{"embeddable":true,"href":"https:\/\/vandorboy.com\/en\/wp-json\/wp\/v2\/comments?post=4945"}],"version-history":[{"count":0,"href":"https:\/\/vandorboy.com\/en\/wp-json\/wp\/v2\/pages\/4945\/revisions"}],"up":[{"embeddable":true,"href":"https:\/\/vandorboy.com\/en\/wp-json\/wp\/v2\/pages\/2"}],"wp:attachment":[{"href":"https:\/\/vandorboy.com\/en\/wp-json\/wp\/v2\/media?parent=4945"}],"curies":[{"name":"wp","href":"https:\/\/api.w.org\/{rel}","templated":true}]}}