{"id":5227,"date":"2014-11-25T21:47:16","date_gmt":"2014-11-25T21:47:16","guid":{"rendered":"https:\/\/vandorboy.com\/?page_id=5227"},"modified":"2017-04-21T21:08:34","modified_gmt":"2017-04-21T21:08:34","slug":"jaratlan-utakon-fesztival-jegyrendeles","status":"publish","type":"page","link":"https:\/\/vandorboy.com\/en\/fesztival\/4-jaratlan-utakon-fesztival\/jaratlan-utakon-fesztival-jegyrendeles\/","title":{"rendered":"(Magyar) J\u00e1ratlan utakon fesztiv\u00e1l, jegyrendel\u00e9s"},"content":{"rendered":"<p><\/p>\n<p><\/p>","protected":false},"excerpt":{"rendered":"","protected":false},"author":1,"featured_media":0,"parent":9274,"menu_order":2,"comment_status":"open","ping_status":"closed","template":"","meta":{"ngg_post_thumbnail":0,"footnotes":""},"class_list":["post-5227","page","type-page","status-publish","hentry"],"_links":{"self":[{"href":"https:\/\/vandorboy.com\/en\/wp-json\/wp\/v2\/pages\/5227","targetHints":{"allow":["GET"]}}],"collection":[{"href":"https:\/\/vandorboy.com\/en\/wp-json\/wp\/v2\/pages"}],"about":[{"href":"https:\/\/vandorboy.com\/en\/wp-json\/wp\/v2\/types\/page"}],"author":[{"embeddable":true,"href":"https:\/\/vandorboy.com\/en\/wp-json\/wp\/v2\/users\/1"}],"replies":[{"embeddable":true,"href":"https:\/\/vandorboy.com\/en\/wp-json\/wp\/v2\/comments?post=5227"}],"version-history":[{"count":0,"href":"https:\/\/vandorboy.com\/en\/wp-json\/wp\/v2\/pages\/5227\/revisions"}],"up":[{"embeddable":true,"href":"https:\/\/vandorboy.com\/en\/wp-json\/wp\/v2\/pages\/9274"}],"wp:attachment":[{"href":"https:\/\/vandorboy.com\/en\/wp-json\/wp\/v2\/media?parent=5227"}],"curies":[{"name":"wp","href":"https:\/\/api.w.org\/{rel}","templated":true}]}}