{"id":5719,"date":"2014-12-05T14:45:00","date_gmt":"2014-12-05T14:45:00","guid":{"rendered":"https:\/\/vandorboy.com\/?page_id=5719"},"modified":"2017-04-21T21:12:51","modified_gmt":"2017-04-21T21:12:51","slug":"idobeosztas-dec-14-vas-11-23h-ig-jaratlan-utak-fesztival","status":"publish","type":"page","link":"https:\/\/vandorboy.com\/en\/fesztival\/eloadok-jaratlan-utakon-fesztival\/idobeosztas-dec-14-vas-11-23h-ig-jaratlan-utak-fesztival\/","title":{"rendered":"(Magyar) Id\u0151beoszt\u00e1s &#8211; Dec.14. vas. 11-23h-ig J\u00e1ratlan utak fesztiv\u00e1l"},"content":{"rendered":"<p><\/p>\n<p><\/p>","protected":false},"excerpt":{"rendered":"","protected":false},"author":1,"featured_media":0,"parent":5400,"menu_order":6,"comment_status":"open","ping_status":"closed","template":"","meta":{"ngg_post_thumbnail":0,"footnotes":""},"class_list":["post-5719","page","type-page","status-publish","hentry"],"_links":{"self":[{"href":"https:\/\/vandorboy.com\/en\/wp-json\/wp\/v2\/pages\/5719","targetHints":{"allow":["GET"]}}],"collection":[{"href":"https:\/\/vandorboy.com\/en\/wp-json\/wp\/v2\/pages"}],"about":[{"href":"https:\/\/vandorboy.com\/en\/wp-json\/wp\/v2\/types\/page"}],"author":[{"embeddable":true,"href":"https:\/\/vandorboy.com\/en\/wp-json\/wp\/v2\/users\/1"}],"replies":[{"embeddable":true,"href":"https:\/\/vandorboy.com\/en\/wp-json\/wp\/v2\/comments?post=5719"}],"version-history":[{"count":0,"href":"https:\/\/vandorboy.com\/en\/wp-json\/wp\/v2\/pages\/5719\/revisions"}],"up":[{"embeddable":true,"href":"https:\/\/vandorboy.com\/en\/wp-json\/wp\/v2\/pages\/5400"}],"wp:attachment":[{"href":"https:\/\/vandorboy.com\/en\/wp-json\/wp\/v2\/media?parent=5719"}],"curies":[{"name":"wp","href":"https:\/\/api.w.org\/{rel}","templated":true}]}}