{"id":582,"date":"2012-02-03T17:11:28","date_gmt":"2012-02-03T17:11:28","guid":{"rendered":"https:\/\/vandorboy.com\/?page_id=582"},"modified":"2020-05-02T15:57:00","modified_gmt":"2020-05-02T15:57:00","slug":"oneletrajzom","status":"publish","type":"page","link":"https:\/\/vandorboy.com\/en\/magamrol\/oneletrajzom\/","title":{"rendered":"my CV"},"content":{"rendered":"<p>I was born in 1971 in Hungary, Europe.<\/p>\n\n\n\n<p>Between 1985-1988 I studied in Moscow and at the same time in a Hungarian and in a Russian high school, then I promoted my exams.<\/p>\n\n\n\n<p>Going back to Hungary, I studied as a private student in the Korosi Csoma bilingual Gymnasium and at the same time at a motor-vehicle technician vocational training.<\/p>\n\n\n\n<p>In 1991 I joined the Hungarian Army for 1 year as a driver<\/p>\n\n\n\n<p>From 1992 I was a student of the <em>Tan Kapuja (Dharma Gate) &nbsp;<\/em>Buddhist College where I studied philosophy, esthetics, philosophy of religiom, cultural anthropology and other interesting subjects with my great teachers.<\/p>\n\n\n\n<p>I had a one year break while I travelled to India and Nepal. After writting my thesis I got my degree.<\/p>\n\n\n\n<p>In 2002-2003 I studied Commercial and Marketing Manager and got my diploma.<\/p>\n\n\n\n<p>After these I became the sudent of the life&#8217;s school which meant travelling, bloging and taking photos. I wrote books, articles and some of my pictures were published in foreign countries.<\/p>\n\n\n\n<p>Hobby carrier<\/p>\n\n\n\n<p>I started working as an independet radioman at the once legendary FIKSZ &nbsp;Radio with my own programme entitled &nbsp;&#8220;On the East-side the tranquility is unchanged&#8221; (Keleten a nyugalom v\u00e1ltozatlan) inviting different and interesting people for one-two hours of talk. Philosophers, musicians, artists, teachers, doctors, psychologists and others. For a short time I helped with my work the Tilos Radio`s programme about Tibet. Later I was the guest of Radio Q, Civil, Tilos, Klub, jazzy, Lanch\u00edd and Fuzio radios where I talked about my travels, festivals i organize and about the world &nbsp;avvording my point of view and shared my thoughts with a public.<\/p>\n\n\n\n<p>And of course, when I was young I organized exhibitions, I helped in the organization of college events and later I made projections of my travels.<\/p>\n\n\n\n<p>From 1993 I started my activity at servas.org, hospitalityclub.org, couchsurfing.org&nbsp; &#8211; in the beginning an NGO &#8211; and since then I organized numerous events. I tried propagating the Hungarian culture organizing clubs, teaching of cooking or simple walks in the city.<\/p>\n\n\n\n<p>I was a volunteer in Calcutta in the hospitals of Mother Teresa, but I also teached for a short time English in Asian and African schools and helped with my advices many NGOs.<\/p>\n\n\n\n<p>I teaches English in Pakistan in an Afghan refugee camp which was very interesting, and took interviews in the world\u00b4s largest refugee camp in Kenya.<\/p>\n\n\n\n<p>Couple of years ago I started writting and guiding tours for Eupolisz Outdoor travel bureau, 1000 way travel agency and if I had a group at the moment I guided immediately or organised myself one.<\/p>\n\n\n\n<p>Journalism: I came up in different media, I write for newspapers, journals, I have public events about my travels. See the links on my webpage.<\/p>\n\n\n\n<p>I liked organizing previously exhibitions and now festivals. For example in 2014 \u00a0I organized all by myself the<a href=\"https:\/\/www.jaratlanutakon.hu\/\" target=\"_blank\" rel=\"noreferrer noopener\" aria-label=\" (\u00faj f\u00fcl\u00f6n nyitja meg)\"> J\u00e1ratlan utakon Festival<\/a> (Road less traveled Festival), the only backpacker festival in Hungary. More than 21 performes were invited and 400 people participated. This kind of event was the first in Hungary and thanks to its succes in April 2015 in continued with 600 participants and be continued.<\/p>\n\n\n\n<p>Soon we will start an organization (NGO) which wants to promote and represent alternative lifestyles, envinromental and health consciousness and sustainability.&nbsp; We cooperate with other organizations, keep presentations about a sustainable life, planet and for better future.<\/p>\n\n\n\n<p><\/p>","protected":false},"excerpt":{"rendered":"<p>I was born in 1971 in Hungary, Europe. Between 1985-1988 I studied in Moscow and at the same time in a Hungarian and in a Russian high school, then I&#8230;<\/p>\n","protected":false},"author":1,"featured_media":0,"parent":2,"menu_order":3,"comment_status":"open","ping_status":"closed","template":"","meta":{"ngg_post_thumbnail":0,"footnotes":""},"class_list":["post-582","page","type-page","status-publish","hentry"],"_links":{"self":[{"href":"https:\/\/vandorboy.com\/en\/wp-json\/wp\/v2\/pages\/582","targetHints":{"allow":["GET"]}}],"collection":[{"href":"https:\/\/vandorboy.com\/en\/wp-json\/wp\/v2\/pages"}],"about":[{"href":"https:\/\/vandorboy.com\/en\/wp-json\/wp\/v2\/types\/page"}],"author":[{"embeddable":true,"href":"https:\/\/vandorboy.com\/en\/wp-json\/wp\/v2\/users\/1"}],"replies":[{"embeddable":true,"href":"https:\/\/vandorboy.com\/en\/wp-json\/wp\/v2\/comments?post=582"}],"version-history":[{"count":0,"href":"https:\/\/vandorboy.com\/en\/wp-json\/wp\/v2\/pages\/582\/revisions"}],"up":[{"embeddable":true,"href":"https:\/\/vandorboy.com\/en\/wp-json\/wp\/v2\/pages\/2"}],"wp:attachment":[{"href":"https:\/\/vandorboy.com\/en\/wp-json\/wp\/v2\/media?parent=582"}],"curies":[{"name":"wp","href":"https:\/\/api.w.org\/{rel}","templated":true}]}}