{"id":615,"date":"2011-02-13T10:55:11","date_gmt":"2011-02-13T10:55:11","guid":{"rendered":"https:\/\/vandorboy.com\/?page_id=615"},"modified":"2015-08-13T10:55:20","modified_gmt":"2015-08-13T10:55:20","slug":"publikaciok","status":"publish","type":"page","link":"https:\/\/vandorboy.com\/en\/magamrol\/linkek-megjelenesek-rolam\/publikaciok\/","title":{"rendered":"Publications"},"content":{"rendered":"<p><\/p>\n<p>Ide linkelem be az \u00e1ltalam \u00edrt cikkeket, s egy\u00e9b megjelen\u00e9seket az \u00edrott m\u00e9di\u00e1ban.<\/p>\n<p>Cikkem a p\u00e1pu\u00e1kr\u00f3l, 2005<\/p>\n<p>http:\/\/archivum.vilagjaromagazin.hu\/2005\/december\/riport.html<\/p>\n<p>http:\/\/www.origo.hu\/utazas\/20121004-interju-csonka-gaborral-aki-126-orszagban-jart-hatizsakkal.html<\/p>\n<p><\/p>","protected":false},"excerpt":{"rendered":"<p>Ide linkelem be az \u00e1ltalam \u00edrt cikkeket, s egy\u00e9b megjelen\u00e9seket az \u00edrott m\u00e9di\u00e1ban. Cikkem a p\u00e1pu\u00e1kr\u00f3l, 2005 http:\/\/archivum.vilagjaromagazin.hu\/2005\/december\/riport.html http:\/\/www.origo.hu\/utazas\/20121004-interju-csonka-gaborral-aki-126-orszagban-jart-hatizsakkal.html<\/p>\n","protected":false},"author":1,"featured_media":0,"parent":2521,"menu_order":2,"comment_status":"open","ping_status":"closed","template":"","meta":{"ngg_post_thumbnail":0,"footnotes":""},"class_list":["post-615","page","type-page","status-publish","hentry"],"_links":{"self":[{"href":"https:\/\/vandorboy.com\/en\/wp-json\/wp\/v2\/pages\/615","targetHints":{"allow":["GET"]}}],"collection":[{"href":"https:\/\/vandorboy.com\/en\/wp-json\/wp\/v2\/pages"}],"about":[{"href":"https:\/\/vandorboy.com\/en\/wp-json\/wp\/v2\/types\/page"}],"author":[{"embeddable":true,"href":"https:\/\/vandorboy.com\/en\/wp-json\/wp\/v2\/users\/1"}],"replies":[{"embeddable":true,"href":"https:\/\/vandorboy.com\/en\/wp-json\/wp\/v2\/comments?post=615"}],"version-history":[{"count":0,"href":"https:\/\/vandorboy.com\/en\/wp-json\/wp\/v2\/pages\/615\/revisions"}],"up":[{"embeddable":true,"href":"https:\/\/vandorboy.com\/en\/wp-json\/wp\/v2\/pages\/2521"}],"wp:attachment":[{"href":"https:\/\/vandorboy.com\/en\/wp-json\/wp\/v2\/media?parent=615"}],"curies":[{"name":"wp","href":"https:\/\/api.w.org\/{rel}","templated":true}]}}