{"id":622,"date":"2011-02-13T11:00:40","date_gmt":"2011-02-13T11:00:40","guid":{"rendered":"https:\/\/vandorboy.com\/?page_id=622"},"modified":"2025-04-07T20:08:55","modified_gmt":"2025-04-07T18:08:55","slug":"bolcsessegek","status":"publish","type":"page","link":"https:\/\/vandorboy.com\/en\/erdekes-linkek\/bolcsessegek\/","title":{"rendered":"wisdome"},"content":{"rendered":"<p><figure id=\"attachment_1797\" aria-describedby=\"caption-attachment-1797\" style=\"width: 300px\" class=\"wp-caption alignright\"><a href=\"https:\/\/vandorboy.com\/wp-content\/uploads\/2011\/02\/little-things.jpg\"><img loading=\"lazy\" decoding=\"async\" class=\"size-medium wp-image-1797\" title=\"little things\" src=\"https:\/\/vandorboy.com\/wp-content\/uploads\/2011\/02\/little-things-300x252.jpg\" alt=\"little things\" width=\"300\" height=\"252\" srcset=\"https:\/\/vandorboy.com\/wp-content\/uploads\/2011\/02\/little-things-300x252.jpg 300w, https:\/\/vandorboy.com\/wp-content\/uploads\/2011\/02\/little-things.jpg 600w\" sizes=\"auto, (max-width: 300px) 100vw, 300px\" \/><\/a><figcaption id=\"caption-attachment-1797\" class=\"wp-caption-text\">little things<\/figcaption><\/figure><\/p>\n<p>The man who follows the crowd will usually<\/p>\n<p>get no further than the crowd. The man who<\/p>\n<p>walks alone is likely to find himself in places<\/p>\n<p>no one has ever been<\/p>\n<p>Here is some wisdome i found interesting during my life \/journey.<\/p>\n<p>Age is a very high price to pay for maturity<\/p>\n<p>have many can actually publish a book, let me start with the couple of my favourites:<\/p>\n<p>I believe life is all about chances you take and choices you make.<\/p>\n<p>Money cant buy you happiness but it can surely buy you pleasure.<\/p>\n<p>It is easy to make money but difficult to earn it.<\/p>\n<p>To travel is to discover that everyone is wrong about other countries. ~Aldous Huxley<\/p>\n<p>&#8220;For the sailor who knows not which port he is sailing to, every wind is favorable<\/p>\n<figure id=\"attachment_2667\" aria-describedby=\"caption-attachment-2667\" style=\"width: 300px\" class=\"wp-caption alignright\"><a href=\"https:\/\/vandorboy.com\/wp-content\/uploads\/2011\/02\/writing-and-readig-and-doing.jpg\"><img loading=\"lazy\" decoding=\"async\" class=\"size-medium wp-image-2667\" title=\"writing and readig and doing\" src=\"https:\/\/vandorboy.com\/wp-content\/uploads\/2011\/02\/writing-and-readig-and-doing-300x217.jpg\" alt=\"writing and readig and doing\" width=\"300\" height=\"217\" srcset=\"https:\/\/vandorboy.com\/wp-content\/uploads\/2011\/02\/writing-and-readig-and-doing-300x217.jpg 300w, https:\/\/vandorboy.com\/wp-content\/uploads\/2011\/02\/writing-and-readig-and-doing.jpg 500w\" sizes=\"auto, (max-width: 300px) 100vw, 300px\" \/><\/a><figcaption id=\"caption-attachment-2667\" class=\"wp-caption-text\">writing and readig and doing<\/figcaption><\/figure>\n<p><a href=\"http:\/\/www.rastocambal.com\/indexBlogEn.php\">http:\/\/www.rastocambal.com\/indexBlogEn.php<\/a><\/p>\n<p>A levegot evidenciak\u00e9nt veszed.. de mi\u00e9rt is? Mit tett\u00e9l \u00e9rte hogy legyen.. s mit kovettel el hogy ne legyen? Ezeket a k\u00e9rd\u00e9seket 6000 m\u00e9ter felett m\u00e1r ma is megertheted.. de adjuk m\u00e9g lejjebb is.<\/p>\n<p><strong>&#8220;There&#8217;s plenty of intelligence in the world, but the courage to do things differently is in short supply.&#8221;<\/strong><\/p>\n<p>-Marilyn vos Savant<\/p>\n<ol>\n<li>Life is a Desert&#8230;No impression last forever.#2. No Dessert last longer ;( (so eat fast)#3. When Ego rise, The Morale of Man declines,#4. 9\/10 principle &#8211; 90% of problems are because of our reaction.85% of those 90% has simple cause,&#8221; We don`t admit, and We don`t Accept&#8221; The moment we accept, The existence of ODD against Vanish. No harm in Admitting and Accepting.#5. All those people who use the word F.U.C.K often, subject themselves to be ruled under monarchy.as its stands for &#8221; Fornication Under Consent of the King&#8221;.in which people had to take permission from the King,before making love and babies..and suspending a plaque F.U.C.K)<\/li>\n<\/ol>\n<p>Extract is .. IF you can`t Sit..Dont Shit (understand before saying anything)<\/p>\n<figure id=\"attachment_2666\" aria-describedby=\"caption-attachment-2666\" style=\"width: 300px\" class=\"wp-caption alignright\"><a href=\"https:\/\/vandorboy.com\/wp-content\/uploads\/2011\/02\/silence-of-our-friend.png\"><img loading=\"lazy\" decoding=\"async\" class=\"size-medium wp-image-2666\" title=\"silence of our friend\" src=\"https:\/\/vandorboy.com\/wp-content\/uploads\/2011\/02\/silence-of-our-friend-300x152.png\" alt=\"silence of our friend\" width=\"300\" height=\"152\" srcset=\"https:\/\/vandorboy.com\/wp-content\/uploads\/2011\/02\/silence-of-our-friend-300x152.png 300w, https:\/\/vandorboy.com\/wp-content\/uploads\/2011\/02\/silence-of-our-friend.png 900w\" sizes=\"auto, (max-width: 300px) 100vw, 300px\" \/><\/a><figcaption id=\"caption-attachment-2666\" class=\"wp-caption-text\">silence of our friend<\/figcaption><\/figure>\n<p>#6. I read in childhood that &#8220;Rolling stone gather no moss&#8221; applied in Economics &#8221; Rolling money gather no Loss&#8221;.<\/p>\n<p>I dont save money and live poor, to die Rich..<\/p>\n<p>#7. If you are PATIENT, You will never need treatment<\/p>\n<p>Patience pays a lot..<\/p>\n<p>#8 Nothing in this world is for free rey&#8230;<\/p>\n<p>and for everything we use we have to pay,<\/p>\n<p>So free seekers should`nt come out of tray&#8230;<\/p>\n<p>Yet will have learning time till turn gray&#8230;.<\/p>\n<p>I make it in rhyme..lol..<\/p>\n<p># Seeing the world on free is no more important than holding your underwear well, Dont give me any chance to screw you, You wont be able to die ever because of pain.<\/p>\n<p>AGAIN..&#8221; IF YOU CAN`T SIT, DON`T SHIT&#8221;<\/p>\n<p>. Life is like dancing. If we have a big floor, many people will dance.<\/p>\n<figure id=\"attachment_2668\" aria-describedby=\"caption-attachment-2668\" style=\"width: 285px\" class=\"wp-caption alignright\"><a href=\"https:\/\/vandorboy.com\/wp-content\/uploads\/2011\/02\/affect-positively.jpg\"><img loading=\"lazy\" decoding=\"async\" class=\"size-medium wp-image-2668\" title=\"affect positively\" src=\"https:\/\/vandorboy.com\/wp-content\/uploads\/2011\/02\/affect-positively-285x300.jpg\" alt=\"affect positively\" width=\"285\" height=\"300\" srcset=\"https:\/\/vandorboy.com\/wp-content\/uploads\/2011\/02\/affect-positively-285x300.jpg 285w, https:\/\/vandorboy.com\/wp-content\/uploads\/2011\/02\/affect-positively.jpg 860w\" sizes=\"auto, (max-width: 285px) 100vw, 285px\" \/><\/a><figcaption id=\"caption-attachment-2668\" class=\"wp-caption-text\">affect positively<\/figcaption><\/figure>\n<p>Some will get angry when the rhythm changes. But life is changing all the time.<\/p>\n<p>Never give up on things make you smile!!!!<\/p>\n<p>Close your eyes, and you&#8217;ll see that you&#8217;re really need!<\/p>\n<p>Ne \u00e1lmodd az \u00e9leted, \u00e9ld az \u00e1lmaidat. (Don&#8217;t dream your life, live your dreams!)<\/p>\n<p>Anyone can make you smile,<\/p>\n<p>Many people can make you cry, but<\/p>\n<p>It takes someone really special<\/p>\n<p>To make you smile with tears in your eyes.<\/p>\n<p>To wish you were someone else is to waste the person you are!<\/p>\n<p>There are no original ideas,<\/p>\n<p>there are only original people!<\/p>\n<p>The difference between genius and stupidity is that genius has its limits<\/p>\n<p>You touched my heart you touched my soul,<\/p>\n<figure id=\"attachment_2664\" aria-describedby=\"caption-attachment-2664\" style=\"width: 300px\" class=\"wp-caption alignright\"><a href=\"https:\/\/vandorboy.com\/wp-content\/uploads\/2011\/02\/im-different.jpg\"><img loading=\"lazy\" decoding=\"async\" class=\"size-medium wp-image-2664\" title=\"im different\" src=\"https:\/\/vandorboy.com\/wp-content\/uploads\/2011\/02\/im-different-300x199.jpg\" alt=\"nevetnek rajtam\" width=\"300\" height=\"199\" srcset=\"https:\/\/vandorboy.com\/wp-content\/uploads\/2011\/02\/im-different-300x199.jpg 300w, https:\/\/vandorboy.com\/wp-content\/uploads\/2011\/02\/im-different.jpg 616w\" sizes=\"auto, (max-width: 300px) 100vw, 300px\" \/><\/a><figcaption id=\"caption-attachment-2664\" class=\"wp-caption-text\">nevetnek rajtam<\/figcaption><\/figure>\n<p>You changed my life and all my goals.<\/p>\n<p>Whenever you are lonely, remember this truth: someone, somewhere is thinking of you &#8230;<\/p>\n<p>The only reason anyone would ever hate you is because they want to be just like you!<\/p>\n<p>-The best day of your life will begin with a morning<\/p>\n<p>-If all my friends were to jump off a bridge, I wouldn&#8217;t jump with them, I&#8217;d be at the bottom to catch them.<\/p>\n<p>-When words fall musik speaks.<\/p>\n<p><strong>-The best way to make your dreams come true is to wake up!<\/strong><\/p>\n<p>-Love is when you don&#8217;t want to go to sleep because reality is better than a dream \u00a0\u00a0J<\/p>\n<p>-You know that you love someone when you can&#8217;t put into words how you feel.<\/p>\n<p>-A mosoly egy olyan g\u00f6rbe vonal, amely k\u00e9pes egyenesbe hozni mindent. (smile is a curve that sets everything straight)<\/p>\n<p>-In dance there are no rules. If you&#8217;re feeling the music, you can&#8217;t go wrong!<\/p>\n<figure id=\"attachment_2672\" aria-describedby=\"caption-attachment-2672\" style=\"width: 300px\" class=\"wp-caption alignright\"><a href=\"https:\/\/vandorboy.com\/wp-content\/uploads\/2011\/02\/developed-country.jpg\"><img loading=\"lazy\" decoding=\"async\" class=\"size-medium wp-image-2672\" title=\"developed country\" src=\"https:\/\/vandorboy.com\/wp-content\/uploads\/2011\/02\/developed-country-300x300.jpg\" alt=\"developed country\" width=\"300\" height=\"300\" srcset=\"https:\/\/vandorboy.com\/wp-content\/uploads\/2011\/02\/developed-country-300x300.jpg 300w, https:\/\/vandorboy.com\/wp-content\/uploads\/2011\/02\/developed-country-150x150.jpg 150w, https:\/\/vandorboy.com\/wp-content\/uploads\/2011\/02\/developed-country.jpg 960w\" sizes=\"auto, (max-width: 300px) 100vw, 300px\" \/><\/a><figcaption id=\"caption-attachment-2672\" class=\"wp-caption-text\">developed country<\/figcaption><\/figure>\n<p>-Believe in yourself and your dreams. If you don&#8217;t, who will?!<\/p>\n<p>Too many people put off something that brings them joy just because they haven&#8217;t thought about it, don&#8217;t have it on their schedule, didn&#8217;t know it was coming or are too rigid to depart from their routine.Does the word &#8216;refrigeration&#8217; mean nothing to you?we tend to schedule our headaches.. We live on a sparse diet of promises we make to ourselves when all the conditions are perfect!<\/p>\n<p>Life has a way of accelerating as we get older. The days get shorter, and the list of promises to ourselves gets longer. One morning, we awaken, and all we have to show for our lives is a litany of &#8216;I&#8217;m going to,&#8217; &#8216;I plan on,&#8217; and &#8216;Someday, when things are settled down a bit.&#8217;<\/p>\n<p>Now&#8230;go on and have a nice day. Do something you WANT to&#8230;not something on your SHOULD DO list. If you were going to die soon and had only one phone call you could make, who would you call and what would you say? And why are you waiting?<\/p>\n<p>When the day is done, do you lie in your bed with the next hundred chores running through your head? Ever told your child, &#8216;We&#8217;ll do it tomorrow.&#8217; And in your haste, not see his sorrow? Ever lost touch? Let a good friendship die? Just call to say &#8216;Hi&#8217;?<\/p>\n<p>When you worry and hurry through your day, it is like an unopened gift&#8230;.Thrown away&#8230;. Life is not a race. Take it slower. Hear the music before the song is over.<\/p>\n<p>Show your friends how much you care. Send this to everyone you consider a FRIEND including me if you consider me a friend.<\/p>\n<figure id=\"attachment_1794\" aria-describedby=\"caption-attachment-1794\" style=\"width: 300px\" class=\"wp-caption alignright\"><a href=\"https:\/\/vandorboy.com\/wp-content\/uploads\/2011\/02\/g-sevan-39.jpg\"><img loading=\"lazy\" decoding=\"async\" class=\"size-medium wp-image-1794\" title=\"Armenia\" src=\"https:\/\/vandorboy.com\/wp-content\/uploads\/2011\/02\/g-sevan-39-300x200.jpg\" alt=\"To see the trouth\" width=\"300\" height=\"200\" srcset=\"https:\/\/vandorboy.com\/wp-content\/uploads\/2011\/02\/g-sevan-39-300x200.jpg 300w, https:\/\/vandorboy.com\/wp-content\/uploads\/2011\/02\/g-sevan-39.jpg 640w\" sizes=\"auto, (max-width: 300px) 100vw, 300px\" \/><\/a><figcaption id=\"caption-attachment-1794\" class=\"wp-caption-text\">To see the trouth<\/figcaption><\/figure>\n<p>To those I have sent this to&#8230; I cherish our friendship and appreciate all you do. We have some history together.<\/p>\n<p>&#8216;Life may not be the party we hoped for&#8230; but while we are here we might as well dance&#8217;<\/p>\n<p>\u00a0<\/p>\n<p><strong>1.<\/strong> \u201cEverybody is a genius. But if you judge a fish by its ability to climb a tree, it will live its whole life believing that it is stupid.\u201d \u2013 Albert Einstein<\/p>\n<p><strong>2.<\/strong> \u201cBefore you diagnose yourself with depression or low self-esteem, first make sure that you are not, in fact, just surrounded by assholes.\u201d \u2013 Sigmund Freud<\/p>\n<p><strong>3.<\/strong> \u201cIn seeking happiness for others, you will find it in yourself.\u201d \u2013 Unknown<\/p>\n<p><strong>4.<\/strong> \u201cLove is a verb. Love \u2013 the feeling \u2013 is a fruit of love, the verb.\u201d \u2013 Stephen Covey<\/p>\n<p><strong>5.<\/strong> \u201cEverything can be taken from a man but one thing: the last of the human freedoms\u2014to choose one\u2019s attitude in any given set of circumstances, to choose one\u2019s own way.\u201d \u2013 Viktor Frankl<\/p>\n<p><strong>6.<\/strong> \u201cHe who fears he will suffer, already suffers because he fears.\u201d \u2013 Michel De Montaigne<\/p>\n<p><strong>7.<\/strong> \u201cSuccess is stumbling from failure to failure with no loss of enthusiasm.\u201d \u2013 Winston Churchill<\/p>\n<p><strong>8.<\/strong> \u201cYou must be the change you wish to see in the world.\u201d \u2013 Gandhi<\/p>\n<p><strong>9.<\/strong> \u201cWhen one door of happiness closes, another opens, but often we look so long at the closed door that we do not see the one that has been opened for us.\u201d \u2013 Helen Keller<\/p>\n<p><strong>10<\/strong>. \u201cChallenges is what makes life interesting and overcoming them is what makes life meaningful.\u201d \u2013 Joshua J. Marine<\/p>\n<p><strong>11.<\/strong> \u201cIf you want happiness for an hour \u2013 take a nap. If you want happiness for a day \u2013 go fishing. If you want happiness for a year \u2013 inherit a fortune. If you want happiness for a life time \u2013 help someone else.\u201d \u2013 Chinese proverb<\/p>\n<p><strong>12.<\/strong> \u201cLife is never made unbearable by circumstances, but only by lack of meaning and purpose.\u201d \u2013 Viktor Frankl<\/p>\n<p><strong>13.<\/strong> \u201cA mind that is stretched by a new experience can never go back to its old dimensions.\u201d \u2013 Oliver Wendell Holmes<\/p>\n<p><strong>14.<\/strong> \u201cLife is really simple, but we insist on making it complicated.\u201d \u2013 Confucius<\/p>\n<p><strong>15.<\/strong> \u201cMany people are passionate, but because of their limiting beliefs about who they are and what they can do, they never take actions that could make their dream a reality\u201d \u2013 Anthony Robins<\/p>\n<p><strong>16.<\/strong> \u201cTrue success is overcoming the fear of being unsuccessful.\u201d \u2013 Paul Sweeney<\/p>\n<p><strong>17.<\/strong> \u201cThe only way that we can live is if we grow. The only way we can grow is if we change. The only way we can change is if we learn. The only way we can learn is if we are exposed. And the only way that we are exposed is if we throw ourselves into the open.\u201d \u2013 C. Joybell<\/p>\n<p><strong>18.<\/strong> \u201cIf you don\u2019t like something, change it. If you can\u2019t change it, change the way you think about it.\u201d \u2013 Mary Engelbreit<\/p>\n<p><strong>19.<\/strong> \u201cA life spent making mistakes is not only more honorable, but more useful than a life spent doing nothing.\u201d \u2013 George Bernhard Shaw<\/p>\n<p><strong>20.<\/strong> \u201cTime is too slow for those who wait, too swift for those who fear, too long for those who grieve, too short for those who rejoice, but for those who love, time is eternity.\u201d \u2013 Henry van Dyke<\/p>\n<p><strong>21.<\/strong> \u201cI would rather die a meaningful death than to live a meaningless life.\u201d \u2013 Corazon Aquino<\/p>\n<p><strong>22.<\/strong> \u201cGod, grant me the serenity to accept the things I cannot change, the courage to change the things I can, and the wisdom to know the difference.\u201d \u2013 Reinhold Niebuhr<\/p>\n<p><strong>23.<\/strong> \u201cMost people do not listen with the intent to understand; they listen with the intent to reply.\u201d \u2013 Stephen Covey<\/p>\n<p><strong>24.<\/strong> \u201cWe think sometimes that poverty is only being hungry, naked and homeless. The poverty of being unwanted, unloved and uncared for is the greatest poverty. We must start in our own homes to remedy this kind of poverty.\u201d \u2013 Mother Theresa<\/p>\n<p><strong>25.<\/strong> \u201cYesterday is history, tomorrow is a mystery, today is a gift of God, which is why we call it the present.\u201d \u2013 Bil Keane<\/p>\n<p><strong>26.<\/strong> \u201cFalling in love is not a choice. To stay in love is.\u201d \u2013 Unknown<\/p>\n<p><strong>27.<\/strong> \u201cThe most beautiful people we have known are those who have known defeat, known suffering, known struggle, known loss, and have found their way out of the depths. These persons have an appreciation, sensitivity, and an understanding of life that fills them with compassion, gentleness, and a deep loving concern. Beautiful people do not just happen.\u201d \u2013 Elisabeth K\u00fcbler-Ross<\/p>\n<p><strong>28.<\/strong> \u201cThe world as we have created it is a process of our thinking. It cannot be changed without changing our thinking.\u201d \u2013 Albert Einstein<\/p>","protected":false},"excerpt":{"rendered":"<p>The man who follows the crowd will usually get no further than the crowd. The man who walks alone is likely to find himself in places no one has ever&#8230;<\/p>\n","protected":false},"author":1,"featured_media":0,"parent":1240,"menu_order":7,"comment_status":"open","ping_status":"closed","template":"","meta":{"ngg_post_thumbnail":0,"footnotes":""},"class_list":["post-622","page","type-page","status-publish","hentry"],"_links":{"self":[{"href":"https:\/\/vandorboy.com\/en\/wp-json\/wp\/v2\/pages\/622","targetHints":{"allow":["GET"]}}],"collection":[{"href":"https:\/\/vandorboy.com\/en\/wp-json\/wp\/v2\/pages"}],"about":[{"href":"https:\/\/vandorboy.com\/en\/wp-json\/wp\/v2\/types\/page"}],"author":[{"embeddable":true,"href":"https:\/\/vandorboy.com\/en\/wp-json\/wp\/v2\/users\/1"}],"replies":[{"embeddable":true,"href":"https:\/\/vandorboy.com\/en\/wp-json\/wp\/v2\/comments?post=622"}],"version-history":[{"count":1,"href":"https:\/\/vandorboy.com\/en\/wp-json\/wp\/v2\/pages\/622\/revisions"}],"predecessor-version":[{"id":38550,"href":"https:\/\/vandorboy.com\/en\/wp-json\/wp\/v2\/pages\/622\/revisions\/38550"}],"up":[{"embeddable":true,"href":"https:\/\/vandorboy.com\/en\/wp-json\/wp\/v2\/pages\/1240"}],"wp:attachment":[{"href":"https:\/\/vandorboy.com\/en\/wp-json\/wp\/v2\/media?parent=622"}],"curies":[{"name":"wp","href":"https:\/\/api.w.org\/{rel}","templated":true}]}}