{"id":6271,"date":"2015-03-16T11:15:40","date_gmt":"2015-03-16T11:15:40","guid":{"rendered":"https:\/\/vandorboy.com\/?page_id=6271"},"modified":"2015-04-08T06:08:46","modified_gmt":"2015-04-08T06:08:46","slug":"jegyrendeles-kedvezmennyel-apr-12-jaratlan-utak-fesztival","status":"publish","type":"page","link":"https:\/\/vandorboy.com\/en\/fesztival\/2-jaratlan-utak-fesztival-2015-apr-12\/jegyrendeles-kedvezmennyel-apr-12-jaratlan-utak-fesztival\/","title":{"rendered":"(Magyar) Jegyrendel\u00e9s kedvezm\u00e9nnyel, \u00e1pr.12. j\u00e1ratlan utak fesztiv\u00e1l"},"content":{"rendered":"<p><\/p>\n<p><\/p>","protected":false},"excerpt":{"rendered":"","protected":false},"author":1,"featured_media":0,"parent":6101,"menu_order":0,"comment_status":"open","ping_status":"closed","template":"","meta":{"ngg_post_thumbnail":0,"footnotes":""},"class_list":["post-6271","page","type-page","status-publish","hentry"],"_links":{"self":[{"href":"https:\/\/vandorboy.com\/en\/wp-json\/wp\/v2\/pages\/6271","targetHints":{"allow":["GET"]}}],"collection":[{"href":"https:\/\/vandorboy.com\/en\/wp-json\/wp\/v2\/pages"}],"about":[{"href":"https:\/\/vandorboy.com\/en\/wp-json\/wp\/v2\/types\/page"}],"author":[{"embeddable":true,"href":"https:\/\/vandorboy.com\/en\/wp-json\/wp\/v2\/users\/1"}],"replies":[{"embeddable":true,"href":"https:\/\/vandorboy.com\/en\/wp-json\/wp\/v2\/comments?post=6271"}],"version-history":[{"count":0,"href":"https:\/\/vandorboy.com\/en\/wp-json\/wp\/v2\/pages\/6271\/revisions"}],"up":[{"embeddable":true,"href":"https:\/\/vandorboy.com\/en\/wp-json\/wp\/v2\/pages\/6101"}],"wp:attachment":[{"href":"https:\/\/vandorboy.com\/en\/wp-json\/wp\/v2\/media?parent=6271"}],"curies":[{"name":"wp","href":"https:\/\/api.w.org\/{rel}","templated":true}]}}