{"id":636,"date":"2011-02-13T11:20:14","date_gmt":"2011-02-13T11:20:14","guid":{"rendered":"https:\/\/vandorboy.com\/?page_id=636"},"modified":"2025-09-30T22:35:04","modified_gmt":"2025-09-30T20:35:04","slug":"hogyan-tamogathatsz","status":"publish","type":"page","link":"https:\/\/vandorboy.com\/en\/hogyan-tamogathatsz\/","title":{"rendered":"How to support me?"},"content":{"rendered":"<p><\/p>\n<p style=\"text-align: center;\">How you can support me? In many different way.<br \/>\n<span style=\"color: #99cc00;\"><strong>How to support me?\u00a0<\/strong><\/span><\/p>\n<h2 style=\"text-align: center;\"><span style=\"color: #ff0000;\"><span style=\"color: #99cc00;\">[donate]<\/span><\/span><\/h2>\n<p>The simpliest way\u00a0is just to visit my website regularly, share it, like it, comment it<\/p>\n<p>If you have computer knowledge, you can help with editing my page. (word press)<\/p>\n<p>If you can type some text, it would be a great help for me.<\/p>\n<p>You can tell about me and my web site to people who wish to travel or promote on web forums, fb etc.<\/p>\n<p>Invite me and i will\u00a0give a lecture, slide shows to those people\u00a0 who are interested in traveling.<\/p>\n<p>I can give Travel advices for\u00a0 the sum we agreed upon. You can save a lot of yime and money in this way. (\u00a0If you book a tour with me, these free\u00a0of charge)<\/p>\n<p>I can make a tour itinary according to your time and budget.<\/p>\n<p>I can send you postcards, stamps, old coins in circulation from different parts of the world, and you transfer a reasonable amount of money in return.<\/p>\n<p>transfer a reasonable amount of money just because you\u00a0 like what I do. \ud83d\ude42<\/p>\n<p>You can offer or recommend some interesting, creative work, which\u00a0 i can earn money while i\u00a0 remain independent.<\/p>\n<div id=\"yiv4431891654yui_3_16_0_1_1435614901809_3025\" class=\"\" dir=\"ltr\"><\/div>\n<div id=\"yiv4431891654yui_3_16_0_1_1435614901809_3025\" class=\"\" dir=\"ltr\" data-setdir=\"false\">\n<p>Forint for Erste Bank, name: Pint\u00e9rn\u00e9 Zsuzsanna n\u00e9vre<\/p>\n<p>Swift: \u00a0GIBAHUHB<\/p>\n<p>Iban: HU53 \u00a0\u00a0116 00006 3000 0005-0261 7435 avagy<\/p>\n<p>Eur\u00f3 utal\u00e1s eset\u00e9n:<\/p>\n<p>Iban: HU77 \u00a0 \u00a0 \u00a01160 0006 4000 0005 0261 7443<\/p>\n<h5>Usa doll\u00e1r eset\u00e9n: Iban: \u00a0HU15\u00a0 \u00a0 116 00006 \u00a05000 0005 0274 5972<\/h5>\n<\/div>\n<p>&nbsp;<\/p>\n<p>or click to the donation button<\/p>\n<h2><a href=\"https:\/\/vandorboy.com\/en\/magamrol\/elerhetosegem\/\" target=\"_blank\" rel=\"noopener noreferrer\"><span style=\"color: #99cc00;\">Contact me<\/span><\/a> if you think we can cooperate.<\/h2>\n<p>Thanks<\/p>\n<p>GAbor &#8211; the global nomad hungarian traveler<\/p>\n<p>vandorboy@freemail.hu<\/p>","protected":false},"excerpt":{"rendered":"<p>How you can support me? In many different way. How to support me?\u00a0 [donate] The simpliest way\u00a0is just to visit my website regularly, share it, like it, comment it If&#8230;<\/p>\n","protected":false},"author":1,"featured_media":0,"parent":0,"menu_order":5,"comment_status":"open","ping_status":"closed","template":"","meta":{"ngg_post_thumbnail":0,"footnotes":""},"class_list":["post-636","page","type-page","status-publish","hentry"],"_links":{"self":[{"href":"https:\/\/vandorboy.com\/en\/wp-json\/wp\/v2\/pages\/636","targetHints":{"allow":["GET"]}}],"collection":[{"href":"https:\/\/vandorboy.com\/en\/wp-json\/wp\/v2\/pages"}],"about":[{"href":"https:\/\/vandorboy.com\/en\/wp-json\/wp\/v2\/types\/page"}],"author":[{"embeddable":true,"href":"https:\/\/vandorboy.com\/en\/wp-json\/wp\/v2\/users\/1"}],"replies":[{"embeddable":true,"href":"https:\/\/vandorboy.com\/en\/wp-json\/wp\/v2\/comments?post=636"}],"version-history":[{"count":2,"href":"https:\/\/vandorboy.com\/en\/wp-json\/wp\/v2\/pages\/636\/revisions"}],"predecessor-version":[{"id":38872,"href":"https:\/\/vandorboy.com\/en\/wp-json\/wp\/v2\/pages\/636\/revisions\/38872"}],"wp:attachment":[{"href":"https:\/\/vandorboy.com\/en\/wp-json\/wp\/v2\/media?parent=636"}],"curies":[{"name":"wp","href":"https:\/\/api.w.org\/{rel}","templated":true}]}}