{"id":6732,"date":"2015-03-30T11:29:41","date_gmt":"2015-03-30T11:29:41","guid":{"rendered":"https:\/\/vandorboy.com\/?page_id=6732"},"modified":"2015-03-30T18:52:03","modified_gmt":"2015-03-30T18:52:03","slug":"utazasi-utalvany-ajandek","status":"publish","type":"page","link":"https:\/\/vandorboy.com\/en\/hogyan-tamogathatsz\/utazasi-utalvany-ajandek\/","title":{"rendered":"(Magyar) Utaz\u00e1si utalv\u00e1ny aj\u00e1nd\u00e9k"},"content":{"rendered":"<p><\/p>\n<p><\/p>","protected":false},"excerpt":{"rendered":"","protected":false},"author":1,"featured_media":0,"parent":636,"menu_order":9,"comment_status":"open","ping_status":"closed","template":"","meta":{"ngg_post_thumbnail":0,"footnotes":""},"class_list":["post-6732","page","type-page","status-publish","hentry"],"_links":{"self":[{"href":"https:\/\/vandorboy.com\/en\/wp-json\/wp\/v2\/pages\/6732","targetHints":{"allow":["GET"]}}],"collection":[{"href":"https:\/\/vandorboy.com\/en\/wp-json\/wp\/v2\/pages"}],"about":[{"href":"https:\/\/vandorboy.com\/en\/wp-json\/wp\/v2\/types\/page"}],"author":[{"embeddable":true,"href":"https:\/\/vandorboy.com\/en\/wp-json\/wp\/v2\/users\/1"}],"replies":[{"embeddable":true,"href":"https:\/\/vandorboy.com\/en\/wp-json\/wp\/v2\/comments?post=6732"}],"version-history":[{"count":0,"href":"https:\/\/vandorboy.com\/en\/wp-json\/wp\/v2\/pages\/6732\/revisions"}],"up":[{"embeddable":true,"href":"https:\/\/vandorboy.com\/en\/wp-json\/wp\/v2\/pages\/636"}],"wp:attachment":[{"href":"https:\/\/vandorboy.com\/en\/wp-json\/wp\/v2\/media?parent=6732"}],"curies":[{"name":"wp","href":"https:\/\/api.w.org\/{rel}","templated":true}]}}