{"id":693,"date":"2012-02-19T08:52:56","date_gmt":"2012-02-19T08:52:56","guid":{"rendered":"https:\/\/vandorboy.com\/?page_id=693"},"modified":"2015-05-19T07:59:40","modified_gmt":"2015-05-19T07:59:40","slug":"20003-2","status":"publish","type":"page","link":"https:\/\/vandorboy.com\/en\/tura-szervezes\/utazasi-tanacsadas\/utvonalam-2\/20003-2\/","title":{"rendered":"2003  Indonesia,  Australia"},"content":{"rendered":"<p>http:\/\/goo.gl\/maps\/rYmDF<\/p>\n<p><iframe loading=\"lazy\" width=\"725\" height=\"750\" frameborder=\"0\" scrolling=\"no\" marginheight=\"0\" marginwidth=\"0\" src=\"https:\/\/maps.google.com\/maps?f=d&#038;source=s_d&#038;saddr=Bangkok,+Thaif%C3%B6ld&#038;daddr=Mae+Hong+Son+Thaif%C3%B6ld+to:Chiang+Mai,+Thaif%C3%B6ld+to:Sukhothai,+Thaif%C3%B6ld+to:Bangkok,+Thaif%C3%B6ld+to:Vienti%C3%A1n+tartom%C3%A1ny,+Laosz+to:Ban+Nieng,+Xiangkhouang,+Laos+to:Hanoi,+Vietnam+to:C%E1%BA%A7n+Th%C6%A1,+Vi%E1%BB%87t+Nam+to:Phnom+Penh,+Cambodia+to:Siem+Reap,+Cambodia+to:Bangkok,+Thaif%C3%B6ld+to:Georgetown+Penang+Malaysia+to:Brinchang+Pahang+Malaysia+to:Kuala+Lumpur+Wilayah+Persekutuan+Kuala+Lumpur+Malajzia+to:Singapore&#038;geocode=FZ7X0QAdQWr9BSnzYQ0oMmAdMTEgSOJdsgABAQ%3BFYfnHQEdIGnVBSlvm17gg9naMDEgS4r6xUYDAQ%3BFbDPHgEd227hBSlBeJnCyMzQMDHUAyWSduFpag%3BFRMdBwEdA6jxBSlhO_Xn5O_eMDGAS4r6xUYDAQ%3BFZ7X0QAdQWr9BSnzYQ0oMmAdMTEgSOJdsgABAQ%3BFU1YFAEdC3scBilpb_QY1FskMTFCZrJnlBiO6A%3BFakJKwEdHsAtBindVl5pkyUwMTFFGGkQbhUv8A%3BFXXxQAEdkCRPBimhHIbZm6s1MTGpF8pye3-I5w%3BFdYSmQAd9iFOBim37eNtn2KgMTFZtiD72wl_Ug%3BFa9fsAAdxelABinja2rHPVEJMTG7JbVa6A4BnA%3BFVT9ywAdU9gwBin1oNQHCxcQMTEQVHIL-O7rPg%3BFZ7X0QAdQWr9BSnzYQ0oMmAdMTEgSOJdsgABAQ%3BFcCrUgAdfej6BSnVeyutl8NKMDE0ual4WeSaIw%3BFXS2RAAdLD0LBimnOErpplnKMTHXEU9-w6a2aw%3BFbvlLwAdR54PBinn6u8Bx0nMMTF9KBwvW47Z9A%3BFZOhFAAdPCowBil1k4uKIxHaMTHE9atSz2l4iA&#038;aq=&#038;sll=14.774883,116.982422&#038;sspn=53.100254,73.476563&#038;hl=hu&#038;mra=ls&#038;ie=UTF8&#038;ll=11.195575,103.01944&#038;spn=19.67689,10.25538&#038;t=m&#038;output=embed\"><\/iframe><br \/><small><a href=\"https:\/\/maps.google.com\/maps?f=d&#038;source=embed&#038;saddr=Bangkok,+Thaif%C3%B6ld&#038;daddr=Mae+Hong+Son+Thaif%C3%B6ld+to:Chiang+Mai,+Thaif%C3%B6ld+to:Sukhothai,+Thaif%C3%B6ld+to:Bangkok,+Thaif%C3%B6ld+to:Vienti%C3%A1n+tartom%C3%A1ny,+Laosz+to:Ban+Nieng,+Xiangkhouang,+Laos+to:Hanoi,+Vietnam+to:C%E1%BA%A7n+Th%C6%A1,+Vi%E1%BB%87t+Nam+to:Phnom+Penh,+Cambodia+to:Siem+Reap,+Cambodia+to:Bangkok,+Thaif%C3%B6ld+to:Georgetown+Penang+Malaysia+to:Brinchang+Pahang+Malaysia+to:Kuala+Lumpur+Wilayah+Persekutuan+Kuala+Lumpur+Malajzia+to:Singapore&#038;geocode=FZ7X0QAdQWr9BSnzYQ0oMmAdMTEgSOJdsgABAQ%3BFYfnHQEdIGnVBSlvm17gg9naMDEgS4r6xUYDAQ%3BFbDPHgEd227hBSlBeJnCyMzQMDHUAyWSduFpag%3BFRMdBwEdA6jxBSlhO_Xn5O_eMDGAS4r6xUYDAQ%3BFZ7X0QAdQWr9BSnzYQ0oMmAdMTEgSOJdsgABAQ%3BFU1YFAEdC3scBilpb_QY1FskMTFCZrJnlBiO6A%3BFakJKwEdHsAtBindVl5pkyUwMTFFGGkQbhUv8A%3BFXXxQAEdkCRPBimhHIbZm6s1MTGpF8pye3-I5w%3BFdYSmQAd9iFOBim37eNtn2KgMTFZtiD72wl_Ug%3BFa9fsAAdxelABinja2rHPVEJMTG7JbVa6A4BnA%3BFVT9ywAdU9gwBin1oNQHCxcQMTEQVHIL-O7rPg%3BFZ7X0QAdQWr9BSnzYQ0oMmAdMTEgSOJdsgABAQ%3BFcCrUgAdfej6BSnVeyutl8NKMDE0ual4WeSaIw%3BFXS2RAAdLD0LBimnOErpplnKMTHXEU9-w6a2aw%3BFbvlLwAdR54PBinn6u8Bx0nMMTF9KBwvW47Z9A%3BFZOhFAAdPCowBil1k4uKIxHaMTHE9atSz2l4iA&#038;aq=&#038;sll=14.774883,116.982422&#038;sspn=53.100254,73.476563&#038;hl=hu&#038;mra=ls&#038;ie=UTF8&#038;ll=11.195575,103.01944&#038;spn=19.67689,10.25538&#038;t=m\" style=\"color:#0000FF;text-align:left\">Nagyobb t\u00e9rk\u00e9pre v\u00e1lt\u00e1s<\/a><\/small><\/p>\n<p>http:\/\/goo.gl\/maps\/VaWIF<\/p>\n<p><iframe loading=\"lazy\" width=\"800\" height=\"700\" frameborder=\"0\" scrolling=\"no\" marginheight=\"0\" marginwidth=\"0\" src=\"https:\/\/maps.google.com\/maps?f=d&#038;source=s_d&#038;saddr=Melbourne,+Victoria,+Ausztr%C3%A1lia&#038;daddr=Sydney,+%C3%9Aj-D%C3%A9l-Wales,+Ausztr%C3%A1lia+to:Brisbane,+Queensland,+Ausztr%C3%A1lia+to:Cairns,+Queensland,+Australia+to:Cooktown,+Queensland,+Australia+to:Darwin+%C3%89szaki+ter%C3%BClet,+Ausztr%C3%A1lia+to:Adelaide,+South+Australia,+Australia+to:Warnambool+Health+Wise+Pharmacy,+Liebig+Street,+Warrnambool,+Victoria,+Australia+to:Melbourne+Victoria,+Ausztr%C3%A1lia&#038;geocode=FVkLv_0dNRikCCn3TbrStUbWajGQzYwhdVYEBA%3BFSE5-_0dTjwDCSk_dJrzOJgSazFQqDIWaH0BAw%3BFV3TXP4d2fMeCSkz0pOsmleRazFAr97zWqMCBA%3BFbbC_f4dbEmwCCkTJKJbVWJ4aTFgeCB_8e4ABA%3BFZP5E_8dy1ioCCkt0quKD8udaTFQciB_8e4ABA%3BFRzVQf8dqXzMByk_BFmf_KDALDEgfCQqqBcCAw%3BFRMI6_0dF95CCCk_sybFxzW3ajFAxo5iVDYDBA%3BFddQtv0daSJ-CCHOnC9Z1uvdxCmRusYvVEzNajHOnC9Z1uvdxA%3BFVkLv_0dNRikCCn3TbrStUbWajGQzYwhdVYEBA&#038;aq=0&#038;oq=melbourne&#038;sll=-25.40949,142.202005&#038;sspn=48.95178,93.076172&#038;hl=hu&#038;mra=ls&#038;ie=UTF8&#038;t=m&#038;ll=-25.410445,142.202005&#038;spn=25.95617,22.72045&#038;output=embed\"><\/iframe><br \/><small><a href=\"https:\/\/maps.google.com\/maps?f=d&#038;source=embed&#038;saddr=Melbourne,+Victoria,+Ausztr%C3%A1lia&#038;daddr=Sydney,+%C3%9Aj-D%C3%A9l-Wales,+Ausztr%C3%A1lia+to:Brisbane,+Queensland,+Ausztr%C3%A1lia+to:Cairns,+Queensland,+Australia+to:Cooktown,+Queensland,+Australia+to:Darwin+%C3%89szaki+ter%C3%BClet,+Ausztr%C3%A1lia+to:Adelaide,+South+Australia,+Australia+to:Warnambool+Health+Wise+Pharmacy,+Liebig+Street,+Warrnambool,+Victoria,+Australia+to:Melbourne+Victoria,+Ausztr%C3%A1lia&#038;geocode=FVkLv_0dNRikCCn3TbrStUbWajGQzYwhdVYEBA%3BFSE5-_0dTjwDCSk_dJrzOJgSazFQqDIWaH0BAw%3BFV3TXP4d2fMeCSkz0pOsmleRazFAr97zWqMCBA%3BFbbC_f4dbEmwCCkTJKJbVWJ4aTFgeCB_8e4ABA%3BFZP5E_8dy1ioCCkt0quKD8udaTFQciB_8e4ABA%3BFRzVQf8dqXzMByk_BFmf_KDALDEgfCQqqBcCAw%3BFRMI6_0dF95CCCk_sybFxzW3ajFAxo5iVDYDBA%3BFddQtv0daSJ-CCHOnC9Z1uvdxCmRusYvVEzNajHOnC9Z1uvdxA%3BFVkLv_0dNRikCCn3TbrStUbWajGQzYwhdVYEBA&#038;aq=0&#038;oq=melbourne&#038;sll=-25.40949,142.202005&#038;sspn=48.95178,93.076172&#038;hl=hu&#038;mra=ls&#038;ie=UTF8&#038;t=m&#038;ll=-25.410445,142.202005&#038;spn=25.95617,22.72045\" style=\"color:#0000FF;text-align:left\">Nagyobb t\u00e9rk\u00e9pre v\u00e1lt\u00e1s<\/a><\/small><\/p>\n<p>http:\/\/goo.gl\/maps\/yzufd<br \/>\nGmap couldnt include destinations on Sulavesi and West Papua..<\/p>\n<p><iframe loading=\"lazy\" width=\"800\" height=\"550\" frameborder=\"0\" scrolling=\"no\" marginheight=\"0\" marginwidth=\"0\" src=\"https:\/\/maps.google.com\/maps?f=d&#038;source=s_d&#038;saddr=Jakarta,+Indon%C3%A9zia&#038;daddr=Jogjakarta,+Indonesi%C3%AB+to:Surabaya,+Kelet-J%C3%A1va,+Indon%C3%A9zia+to:Mount+Bromo,+Sukapura,+East+Java,+Indonesia+to:Ijen,+Wongsorejo,+East+Java,+Indonesia+to:Denpasar,+Bali,+Indonesia+to:Mataram,+Nusa+Tenggara+Barat,+Indonesia+to:Selong,+Nusa+Tenggara+Barat,+Indonesia+to:Makassar,+Sulawesi+Selatan,+Indonesia+to:Maiwa,+Sulawesi+Selatan,+Indonesia&#038;geocode=FSg4of8d9FNeBimdS-NF6fNpLjGihtfaD79xUw%3BFRgGif8dHRiUBinFa1u9h1d6LjFxT2jT1D9yIQ%3BFbLGkP8dvjC4Bil_xBo4-PvXLTFAvlLjdnoCAw%3BFXDMhv8dIYq7BilBSnmrqjfWLTHdpdLsNg2krQ%3BFXALhf8d0DHPBin927PUBzbRLTFoPVukBJhyjw%3BFV7qe_8dUybeBinbgF4Om0DSLTFKN7nM6DRz4g%3BFVsHff8du8zrBinxHt4iX7_NLTHQ0PfK-wsDAw%3BFfH-e_8d8kfyBin_mXGUHk_MLTEw0vfK-wsDBA%3BFeursf8dWyceBylxRmzZKeO-LTGwcPfK-wsDAw%3BFZMLx_8diRclByk7deEEGTSULTHV53s-VaSD4g&#038;aq=0&#038;oq=maiwa&#038;sll=-4.00811,119.480438&#038;sspn=0.886338,1.148071&#038;t=h&#038;hl=hu&#038;mra=ls&#038;ie=UTF8&#038;ll=-6.23938,113.35675&#038;spn=5.00878,13.02582&#038;output=embed\"><\/iframe><br \/><small><a href=\"https:\/\/maps.google.com\/maps?f=d&#038;source=embed&#038;saddr=Jakarta,+Indon%C3%A9zia&#038;daddr=Jogjakarta,+Indonesi%C3%AB+to:Surabaya,+Kelet-J%C3%A1va,+Indon%C3%A9zia+to:Mount+Bromo,+Sukapura,+East+Java,+Indonesia+to:Ijen,+Wongsorejo,+East+Java,+Indonesia+to:Denpasar,+Bali,+Indonesia+to:Mataram,+Nusa+Tenggara+Barat,+Indonesia+to:Selong,+Nusa+Tenggara+Barat,+Indonesia+to:Makassar,+Sulawesi+Selatan,+Indonesia+to:Maiwa,+Sulawesi+Selatan,+Indonesia&#038;geocode=FSg4of8d9FNeBimdS-NF6fNpLjGihtfaD79xUw%3BFRgGif8dHRiUBinFa1u9h1d6LjFxT2jT1D9yIQ%3BFbLGkP8dvjC4Bil_xBo4-PvXLTFAvlLjdnoCAw%3BFXDMhv8dIYq7BilBSnmrqjfWLTHdpdLsNg2krQ%3BFXALhf8d0DHPBin927PUBzbRLTFoPVukBJhyjw%3BFV7qe_8dUybeBinbgF4Om0DSLTFKN7nM6DRz4g%3BFVsHff8du8zrBinxHt4iX7_NLTHQ0PfK-wsDAw%3BFfH-e_8d8kfyBin_mXGUHk_MLTEw0vfK-wsDBA%3BFeursf8dWyceBylxRmzZKeO-LTGwcPfK-wsDAw%3BFZMLx_8diRclByk7deEEGTSULTHV53s-VaSD4g&#038;aq=0&#038;oq=maiwa&#038;sll=-4.00811,119.480438&#038;sspn=0.886338,1.148071&#038;t=h&#038;hl=hu&#038;mra=ls&#038;ie=UTF8&#038;ll=-6.23938,113.35675&#038;spn=5.00878,13.02582\" style=\"color:#0000FF;text-align:left\">Nagyobb t\u00e9rk\u00e9pre v\u00e1lt\u00e1s<\/a><\/small><\/p>","protected":false},"excerpt":{"rendered":"<p>http:\/\/goo.gl\/maps\/rYmDF Nagyobb t\u00e9rk\u00e9pre v\u00e1lt\u00e1s http:\/\/goo.gl\/maps\/VaWIF Nagyobb t\u00e9rk\u00e9pre v\u00e1lt\u00e1s http:\/\/goo.gl\/maps\/yzufd Gmap couldnt include destinations on Sulavesi and West Papua.. Nagyobb t\u00e9rk\u00e9pre v\u00e1lt\u00e1s<\/p>\n","protected":false},"author":1,"featured_media":0,"parent":687,"menu_order":6,"comment_status":"open","ping_status":"closed","template":"","meta":{"ngg_post_thumbnail":0,"footnotes":""},"class_list":["post-693","page","type-page","status-publish","hentry"],"_links":{"self":[{"href":"https:\/\/vandorboy.com\/en\/wp-json\/wp\/v2\/pages\/693","targetHints":{"allow":["GET"]}}],"collection":[{"href":"https:\/\/vandorboy.com\/en\/wp-json\/wp\/v2\/pages"}],"about":[{"href":"https:\/\/vandorboy.com\/en\/wp-json\/wp\/v2\/types\/page"}],"author":[{"embeddable":true,"href":"https:\/\/vandorboy.com\/en\/wp-json\/wp\/v2\/users\/1"}],"replies":[{"embeddable":true,"href":"https:\/\/vandorboy.com\/en\/wp-json\/wp\/v2\/comments?post=693"}],"version-history":[{"count":0,"href":"https:\/\/vandorboy.com\/en\/wp-json\/wp\/v2\/pages\/693\/revisions"}],"up":[{"embeddable":true,"href":"https:\/\/vandorboy.com\/en\/wp-json\/wp\/v2\/pages\/687"}],"wp:attachment":[{"href":"https:\/\/vandorboy.com\/en\/wp-json\/wp\/v2\/media?parent=693"}],"curies":[{"name":"wp","href":"https:\/\/api.w.org\/{rel}","templated":true}]}}