{"id":695,"date":"2012-02-19T08:54:46","date_gmt":"2012-02-19T08:54:46","guid":{"rendered":"https:\/\/vandorboy.com\/?page_id=695"},"modified":"2023-01-21T21:12:19","modified_gmt":"2023-01-21T20:12:19","slug":"2004-2","status":"publish","type":"page","link":"https:\/\/vandorboy.com\/en\/tura-szervezes\/utazasi-tanacsadas\/utvonalam-2\/2004-2\/","title":{"rendered":"2004 New Zealand, South America"},"content":{"rendered":"<p>New Zealand<br \/>\n http:\/\/goo.gl\/maps\/6qYT7<\/p>\n<p><iframe loading=\"lazy\" width=\"640\" height=\"480\" frameborder=\"0\" scrolling=\"no\" marginheight=\"0\" marginwidth=\"0\" src=\"https:\/\/maps.google.com\/maps?saddr=Western+Bay+Rd%2FState+Highway+32&#038;daddr=Tauranga,+Bay+Of+Plenty,+New+Zealand+to:Napier,+Hawke's+Bay,+New+Zealand+to:Wellington,+New+Zealand+to:Christchurch,+Canterbury,+%C3%9Aj-Z%C3%A9land+to:Hokitika,+West+Coast,+New+Zealand+to:Wanaka,+Otago,+New+Zealand+to:Queenstown,+Otago,+New+Zealand+to:Milford+Sound,+Southland,+New+Zealand+to:Bluff,+Southland,+New+Zealand+to:Christchurch,+%C3%9Aj-Z%C3%A9land&#038;hl=hu&#038;ie=UTF8&#038;sll=-45.151053,176.154785&#038;sspn=9.793545,23.269043&#038;geocode=FTLgrv0dFL54Cg%3BFQvuwP0dChGACinlZNR753ZubTEmmaNDYe8ABQ%3BFRRjpf0dknaLCimZyrFP1slpbTFQ6KJDYe8ABQ%3BFcQEiv0drN9qCinLdOlJ_LE4bTFwtBOiY-8ACg%3BFerAZ_0dQThKCikB7cVjSC8ybTFFmXmEhu8ABQ%3BFUcvdP0dD74wCilzv0UQFzsvbTGAd3mEhu8ABQ%3BFcn6Vf0dor0UCilvLey5HUbVqTHgwXmEhu8ABQ%3BFQbhUP0ddJYNCilf3qjX8R3VqTEApnmEhu8ABQ%3BFXddVv0ddVcCCil18X88vwvWqTGgjnmEhu8ABQ%3BFUTyOP0dbcAICim7RzpOZLjSqTGQYXmEhu8ABQ%3BFerAZ_0dQThKCikB7cVjSC8ybTFFmXmEhu8ABQ&#038;oq=christ&#038;mra=ls&#038;t=m&#038;ll=-42.130821,172.353516&#038;spn=15.634204,28.125&#038;z=5&#038;output=embed\"><\/iframe><br \/><small><a href=\"https:\/\/maps.google.com\/maps?saddr=Western+Bay+Rd%2FState+Highway+32&#038;daddr=Tauranga,+Bay+Of+Plenty,+New+Zealand+to:Napier,+Hawke's+Bay,+New+Zealand+to:Wellington,+New+Zealand+to:Christchurch,+Canterbury,+%C3%9Aj-Z%C3%A9land+to:Hokitika,+West+Coast,+New+Zealand+to:Wanaka,+Otago,+New+Zealand+to:Queenstown,+Otago,+New+Zealand+to:Milford+Sound,+Southland,+New+Zealand+to:Bluff,+Southland,+New+Zealand+to:Christchurch,+%C3%9Aj-Z%C3%A9land&#038;hl=hu&#038;ie=UTF8&#038;sll=-45.151053,176.154785&#038;sspn=9.793545,23.269043&#038;geocode=FTLgrv0dFL54Cg%3BFQvuwP0dChGACinlZNR753ZubTEmmaNDYe8ABQ%3BFRRjpf0dknaLCimZyrFP1slpbTFQ6KJDYe8ABQ%3BFcQEiv0drN9qCinLdOlJ_LE4bTFwtBOiY-8ACg%3BFerAZ_0dQThKCikB7cVjSC8ybTFFmXmEhu8ABQ%3BFUcvdP0dD74wCilzv0UQFzsvbTGAd3mEhu8ABQ%3BFcn6Vf0dor0UCilvLey5HUbVqTHgwXmEhu8ABQ%3BFQbhUP0ddJYNCilf3qjX8R3VqTEApnmEhu8ABQ%3BFXddVv0ddVcCCil18X88vwvWqTGgjnmEhu8ABQ%3BFUTyOP0dbcAICim7RzpOZLjSqTGQYXmEhu8ABQ%3BFerAZ_0dQThKCikB7cVjSC8ybTFFmXmEhu8ABQ&#038;oq=christ&#038;mra=ls&#038;t=m&#038;ll=-42.130821,172.353516&#038;spn=15.634204,28.125&#038;z=5&#038;source=embed\" style=\"color:#0000FF;text-align:left\">Nagyobb t\u00e9rk\u00e9pre v\u00e1lt\u00e1s<\/a><\/small><\/p>","protected":false},"excerpt":{"rendered":"<p>New Zealand http:\/\/goo.gl\/maps\/6qYT7 Nagyobb t\u00e9rk\u00e9pre v\u00e1lt\u00e1s<\/p>\n","protected":false},"author":1,"featured_media":35376,"parent":687,"menu_order":1,"comment_status":"open","ping_status":"closed","template":"","meta":{"ngg_post_thumbnail":0,"footnotes":""},"class_list":["post-695","page","type-page","status-publish","has-post-thumbnail","hentry"],"_links":{"self":[{"href":"https:\/\/vandorboy.com\/en\/wp-json\/wp\/v2\/pages\/695","targetHints":{"allow":["GET"]}}],"collection":[{"href":"https:\/\/vandorboy.com\/en\/wp-json\/wp\/v2\/pages"}],"about":[{"href":"https:\/\/vandorboy.com\/en\/wp-json\/wp\/v2\/types\/page"}],"author":[{"embeddable":true,"href":"https:\/\/vandorboy.com\/en\/wp-json\/wp\/v2\/users\/1"}],"replies":[{"embeddable":true,"href":"https:\/\/vandorboy.com\/en\/wp-json\/wp\/v2\/comments?post=695"}],"version-history":[{"count":0,"href":"https:\/\/vandorboy.com\/en\/wp-json\/wp\/v2\/pages\/695\/revisions"}],"up":[{"embeddable":true,"href":"https:\/\/vandorboy.com\/en\/wp-json\/wp\/v2\/pages\/687"}],"wp:featuredmedia":[{"embeddable":true,"href":"https:\/\/vandorboy.com\/en\/wp-json\/wp\/v2\/media\/35376"}],"wp:attachment":[{"href":"https:\/\/vandorboy.com\/en\/wp-json\/wp\/v2\/media?parent=695"}],"curies":[{"name":"wp","href":"https:\/\/api.w.org\/{rel}","templated":true}]}}