{"id":697,"date":"2012-02-19T08:55:42","date_gmt":"2012-02-19T08:55:42","guid":{"rendered":"https:\/\/vandorboy.com\/?page_id=697"},"modified":"2015-05-19T07:54:59","modified_gmt":"2015-05-19T07:54:59","slug":"2005-2","status":"publish","type":"page","link":"https:\/\/vandorboy.com\/en\/tura-szervezes\/utazasi-tanacsadas\/utvonalam-2\/2005-2\/","title":{"rendered":"2005 Southern Africa"},"content":{"rendered":"<p>Southern Africa round trip<\/p>\n<p><iframe loading=\"lazy\" width=\"425\" height=\"350\" frameborder=\"0\" scrolling=\"no\" marginheight=\"0\" marginwidth=\"0\" src=\"https:\/\/maps.google.com\/maps?f=d&#038;source=s_d&#038;saddr=Johannesburg,+Gauteng,+D%C3%A9l-afrikai+K%C3%B6zt%C3%A1rsas%C3%A1g&#038;daddr=Pretoria,+Gauteng,+D%C3%A9l-afrikai+K%C3%B6zt%C3%A1rsas%C3%A1g+to:Durban,+KwaZulu-Natal,+D%C3%A9l-afrikai+K%C3%B6zt%C3%A1rsas%C3%A1g+to:Lesotho+to:Mbabane,+Hhohho,+Swaziland+to:Maputo,+Maputo+City,+Mozambik+to:Beira,+Sofala,+Mozambik+to:103.+%C3%BAt+to:Lusaka,+Zambia+to:Upper+Rd,+Chobe,+North+West,+Botswana+to:Rundu,+Nam%C3%ADbia+to:C38+to:Opuwo,+Nam%C3%ADbia+to:Windhoek,+Nam%C3%ADbia+to:B1%2FC19+to:C12+to:Johanesburg+Shopping+Centre,+Jeppe+Street,+Johannesburg,+Gauteng,+South+Africa&#038;geocode=FTkocP4dyferASlRakDwaAyVHjFBQNOx2cmKIw%3BFfRed_4dApSuASkzUMa-nGGVHjFMe4R6sGJi9g%3BFaxnOP4dfXHZASm3YbwBAKr3HjGBbqrERlWnzA%3BFfwvPP4diM-uASnrjF_WJ0iMHjGzHtF4uFctIw%3BFZ9obv4dFDfbASkHDzJH4c7oHjGf3eF68pi_eg%3BFbXHc_4dpS7xASlV2ma2I5fmHjFCtGuaV39JQg%3BFQte0f4d0MQTAinBR6BdX2oqHzHmtrNQLt3ToQ%3BFYzzCP8d7HoAAg%3BFb_jFP8dv6CvASlJqrw8ffNAGTHrEyBGwZPQ0A%3BFcr97_4dD8d_ASkjjXXtBnZQGTHobR3dIZ5jvg%3BFfBo7v4dgIMtASlDYepNdXDlGzH4-gKHjAMRfQ%3BFUhi3v4d-Nn6AA%3BFXx-7P4drDDTACmPLBFbS5KQGzG07MM2J7ncMA%3BFUjHp_4dcagEASntAQyzXBsLHDE7XUTMQEm45A%3BFXBbi_4dwrjyAA%3BFbg1X_4dVqYRAQ%3BFZA1cP4dnf-rASFbDCEr9vYmFimhnuQ3nA6VHjFbDCEr9vYmFg&#038;aq=&#038;sll=-16.288506,34.28833&#038;sspn=3.331902,5.817261&#038;hl=hu&#038;mra=ps&#038;ie=UTF8&#038;ll=-22.079995,24.614365&#038;spn=15.58185,21.54847&#038;t=m&#038;output=embed\"><\/iframe><br \/><small><a href=\"https:\/\/maps.google.com\/maps?f=d&#038;source=embed&#038;saddr=Johannesburg,+Gauteng,+D%C3%A9l-afrikai+K%C3%B6zt%C3%A1rsas%C3%A1g&#038;daddr=Pretoria,+Gauteng,+D%C3%A9l-afrikai+K%C3%B6zt%C3%A1rsas%C3%A1g+to:Durban,+KwaZulu-Natal,+D%C3%A9l-afrikai+K%C3%B6zt%C3%A1rsas%C3%A1g+to:Lesotho+to:Mbabane,+Hhohho,+Swaziland+to:Maputo,+Maputo+City,+Mozambik+to:Beira,+Sofala,+Mozambik+to:103.+%C3%BAt+to:Lusaka,+Zambia+to:Upper+Rd,+Chobe,+North+West,+Botswana+to:Rundu,+Nam%C3%ADbia+to:C38+to:Opuwo,+Nam%C3%ADbia+to:Windhoek,+Nam%C3%ADbia+to:B1%2FC19+to:C12+to:Johanesburg+Shopping+Centre,+Jeppe+Street,+Johannesburg,+Gauteng,+South+Africa&#038;geocode=FTkocP4dyferASlRakDwaAyVHjFBQNOx2cmKIw%3BFfRed_4dApSuASkzUMa-nGGVHjFMe4R6sGJi9g%3BFaxnOP4dfXHZASm3YbwBAKr3HjGBbqrERlWnzA%3BFfwvPP4diM-uASnrjF_WJ0iMHjGzHtF4uFctIw%3BFZ9obv4dFDfbASkHDzJH4c7oHjGf3eF68pi_eg%3BFbXHc_4dpS7xASlV2ma2I5fmHjFCtGuaV39JQg%3BFQte0f4d0MQTAinBR6BdX2oqHzHmtrNQLt3ToQ%3BFYzzCP8d7HoAAg%3BFb_jFP8dv6CvASlJqrw8ffNAGTHrEyBGwZPQ0A%3BFcr97_4dD8d_ASkjjXXtBnZQGTHobR3dIZ5jvg%3BFfBo7v4dgIMtASlDYepNdXDlGzH4-gKHjAMRfQ%3BFUhi3v4d-Nn6AA%3BFXx-7P4drDDTACmPLBFbS5KQGzG07MM2J7ncMA%3BFUjHp_4dcagEASntAQyzXBsLHDE7XUTMQEm45A%3BFXBbi_4dwrjyAA%3BFbg1X_4dVqYRAQ%3BFZA1cP4dnf-rASFbDCEr9vYmFimhnuQ3nA6VHjFbDCEr9vYmFg&#038;aq=&#038;sll=-16.288506,34.28833&#038;sspn=3.331902,5.817261&#038;hl=hu&#038;mra=ps&#038;ie=UTF8&#038;ll=-22.079995,24.614365&#038;spn=15.58185,21.54847&#038;t=m\" style=\"color:#0000FF;text-align:left\">Nagyobb t\u00e9rk\u00e9pre v\u00e1lt\u00e1s<\/a><\/small><br \/>\n<\/p>","protected":false},"excerpt":{"rendered":"<p>Southern Africa round trip Nagyobb t\u00e9rk\u00e9pre v\u00e1lt\u00e1s<\/p>\n","protected":false},"author":1,"featured_media":0,"parent":687,"menu_order":2,"comment_status":"open","ping_status":"closed","template":"","meta":{"ngg_post_thumbnail":0,"footnotes":""},"class_list":["post-697","page","type-page","status-publish","hentry"],"_links":{"self":[{"href":"https:\/\/vandorboy.com\/en\/wp-json\/wp\/v2\/pages\/697","targetHints":{"allow":["GET"]}}],"collection":[{"href":"https:\/\/vandorboy.com\/en\/wp-json\/wp\/v2\/pages"}],"about":[{"href":"https:\/\/vandorboy.com\/en\/wp-json\/wp\/v2\/types\/page"}],"author":[{"embeddable":true,"href":"https:\/\/vandorboy.com\/en\/wp-json\/wp\/v2\/users\/1"}],"replies":[{"embeddable":true,"href":"https:\/\/vandorboy.com\/en\/wp-json\/wp\/v2\/comments?post=697"}],"version-history":[{"count":0,"href":"https:\/\/vandorboy.com\/en\/wp-json\/wp\/v2\/pages\/697\/revisions"}],"up":[{"embeddable":true,"href":"https:\/\/vandorboy.com\/en\/wp-json\/wp\/v2\/pages\/687"}],"wp:attachment":[{"href":"https:\/\/vandorboy.com\/en\/wp-json\/wp\/v2\/media?parent=697"}],"curies":[{"name":"wp","href":"https:\/\/api.w.org\/{rel}","templated":true}]}}