{"id":699,"date":"2012-02-19T08:58:28","date_gmt":"2012-02-19T08:58:28","guid":{"rendered":"https:\/\/vandorboy.com\/?page_id=699"},"modified":"2015-05-19T07:55:11","modified_gmt":"2015-05-19T07:55:11","slug":"2006-2","status":"publish","type":"page","link":"https:\/\/vandorboy.com\/en\/tura-szervezes\/utazasi-tanacsadas\/utvonalam-2\/2006-2\/","title":{"rendered":"2006 South Asia"},"content":{"rendered":"<p>China &#8211; Budapest<\/p>\n<p><iframe loading=\"lazy\" width=\"625\" height=\"550\" frameborder=\"0\" scrolling=\"no\" marginheight=\"0\" marginwidth=\"0\" src=\"https:\/\/maps.google.com\/maps?f=d&#038;source=s_d&#038;saddr=Shenzhen+The+Bauhinia+Hotel,+Sencsen,+K%C3%ADna&#038;daddr=Sanghaj,+K%C3%ADna+to:%E4%B8%AD%E5%9B%BD%E6%B9%96%E5%8C%97%E7%9C%81%E6%AD%A6%E6%B1%89+to:%E4%B8%AD%E5%9B%BD%E6%B9%96%E5%8D%97%E7%9C%81%E9%95%BF%E6%B2%99+to:%E4%B8%AD%E5%9B%BD%E4%BA%91%E5%8D%97%E7%9C%81%E6%98%86%E6%98%8E+to:%E4%B8%AD%E5%9B%BD%E4%BA%91%E5%8D%97%E7%9C%81%E5%A4%A7%E7%90%86+to:%E4%B8%AD%E5%9B%BD%E4%BA%91%E5%8D%97%E7%9C%81%E4%B8%BD%E6%B1%9F%E5%B8%82+to:%E4%B8%AD%E5%9B%BD%E5%B9%BF%E8%A5%BF%E5%A3%AE%E6%97%8F%E8%87%AA%E6%B2%BB%E5%8C%BA%E5%8D%97%E5%AE%81+to:%E4%B8%AD%E5%9B%BD%E5%B9%BF%E8%A5%BF%E5%A3%AE%E6%97%8F%E8%87%AA%E6%B2%BB%E5%8C%BA%E6%A1%82%E6%9E%97+to:%E4%B8%AD%E5%9B%BD%E5%B9%BF%E4%B8%9C%E7%9C%81%E6%B1%9F%E9%97%A8&#038;geocode=Fc8OWAEdvILNBiFhVtBtX4vaDikftBmSl_UDNDFhVtBtX4vaDg%3BFbmJ3AEdqIo9BykzPPWxQHCyNTGhZMMjlBKVAg%3BFT_Q0gEdTSnQBilv8oXd-K4uNDEQIlhsrMnCOQ%3BFXG6rgEdPk-7BinFZBye8zUnNDGApvGhnLvlsQ%3BFZkLfgEdmmofBinL0ycSw4PQNjE2Ck-YpPOxzA%3BFVa5hgEddvb5BSm3V9pVo7gnNzFWuNfJ9qhO3A%3BFWYbmgEd6GT5BSnp0wtA5q8gNzGoXUc9g1jUuA%3BFWorXAEdP4d1Bil59GDbKWGxNjGyv-kigklSgA%3BFd6kgQEdE-WSBikzUSF1NvSkNjHhSnAdGcGG_w%3BFTKGWAEdLX69BimBuXlsMuABNDEMAIXFFKKvBA&#038;aq=0&#038;oq=shen&#038;sll=22.69512,114.477539&#038;sspn=6.837971,11.634521&#038;hl=hu&#038;doflg=ptm&#038;mra=ls&#038;ie=UTF8&#038;t=m&#038;ll=27.332735,110.786133&#038;spn=21.379464,27.421875&#038;z=5&#038;output=embed\"><\/iframe><br \/><small><a href=\"https:\/\/maps.google.com\/maps?f=d&#038;source=embed&#038;saddr=Shenzhen+The+Bauhinia+Hotel,+Sencsen,+K%C3%ADna&#038;daddr=Sanghaj,+K%C3%ADna+to:%E4%B8%AD%E5%9B%BD%E6%B9%96%E5%8C%97%E7%9C%81%E6%AD%A6%E6%B1%89+to:%E4%B8%AD%E5%9B%BD%E6%B9%96%E5%8D%97%E7%9C%81%E9%95%BF%E6%B2%99+to:%E4%B8%AD%E5%9B%BD%E4%BA%91%E5%8D%97%E7%9C%81%E6%98%86%E6%98%8E+to:%E4%B8%AD%E5%9B%BD%E4%BA%91%E5%8D%97%E7%9C%81%E5%A4%A7%E7%90%86+to:%E4%B8%AD%E5%9B%BD%E4%BA%91%E5%8D%97%E7%9C%81%E4%B8%BD%E6%B1%9F%E5%B8%82+to:%E4%B8%AD%E5%9B%BD%E5%B9%BF%E8%A5%BF%E5%A3%AE%E6%97%8F%E8%87%AA%E6%B2%BB%E5%8C%BA%E5%8D%97%E5%AE%81+to:%E4%B8%AD%E5%9B%BD%E5%B9%BF%E8%A5%BF%E5%A3%AE%E6%97%8F%E8%87%AA%E6%B2%BB%E5%8C%BA%E6%A1%82%E6%9E%97+to:%E4%B8%AD%E5%9B%BD%E5%B9%BF%E4%B8%9C%E7%9C%81%E6%B1%9F%E9%97%A8&#038;geocode=Fc8OWAEdvILNBiFhVtBtX4vaDikftBmSl_UDNDFhVtBtX4vaDg%3BFbmJ3AEdqIo9BykzPPWxQHCyNTGhZMMjlBKVAg%3BFT_Q0gEdTSnQBilv8oXd-K4uNDEQIlhsrMnCOQ%3BFXG6rgEdPk-7BinFZBye8zUnNDGApvGhnLvlsQ%3BFZkLfgEdmmofBinL0ycSw4PQNjE2Ck-YpPOxzA%3BFVa5hgEddvb5BSm3V9pVo7gnNzFWuNfJ9qhO3A%3BFWYbmgEd6GT5BSnp0wtA5q8gNzGoXUc9g1jUuA%3BFWorXAEdP4d1Bil59GDbKWGxNjGyv-kigklSgA%3BFd6kgQEdE-WSBikzUSF1NvSkNjHhSnAdGcGG_w%3BFTKGWAEdLX69BimBuXlsMuABNDEMAIXFFKKvBA&#038;aq=0&#038;oq=shen&#038;sll=22.69512,114.477539&#038;sspn=6.837971,11.634521&#038;hl=hu&#038;doflg=ptm&#038;mra=ls&#038;ie=UTF8&#038;t=m&#038;ll=27.332735,110.786133&#038;spn=21.379464,27.421875&#038;z=5\" style=\"color:#0000FF;text-align:left\">Nagyobb t\u00e9rk\u00e9pre v\u00e1lt\u00e1s<\/a><\/small><\/p>\n<p>Thai -Burma &#8211; India<br \/>\n<iframe loading=\"lazy\" width=\"425\" height=\"350\" frameborder=\"0\" scrolling=\"no\" marginheight=\"0\" marginwidth=\"0\" src=\"https:\/\/maps.google.com\/maps?f=d&#038;source=s_d&#038;saddr=Bangkok+Thaif%C3%B6ld&#038;daddr=Ayutthaya+Tailandia+to:Sukhothai,+Thaif%C3%B6ld+to:Chiang+Mai+Thailand+to:Pai+Mae+Hong+Son+Thailand+to:Chiang+Rai+Thailand+to:Tachileik,+Shan,+Burma+to:Phuket+Thaif%C3%B6ld+to:Yangon,+Yangon+Region,+Burma+to:Lashio,+Shan,+Burma+to:Bagan,+%E1%80%99%E1%80%94%E1%80%B9%E1%80%90%E1%80%9C%E1%80%B1%E1%80%B8%E1%80%90%E1%80%AD%E1%80%AF%E1%80%84%E1%80%BA%E1%80%B8%E1%80%92%E1%80%B1%E1%80%9E%E1%80%80%E1%80%BC%E1%80%AE%E1%80%B8,+Burma+to:Taunggyi,+Shan,+Burma+to:Kalkutta,+Nyugat-Beng%C3%A1l,+India+to:%C3%9Aj-Delhi,+Delhi,+India+to:Srinagar+to:Kargil+to:Leh+to:Manali,+Himachal+Pradesh,+India+to:%C3%9Aj-Delhi,+Delhi,+India+to:Amritsar,+Punjab,+India&#038;geocode=FZ7X0QAdQWr9BSnzYQ0oMmAdMTEgSOJdsgABAQ%3BFUOq2gAdzPX9BSl_j_1bb3PiMDFgSAxFN5IBAQ%3BFRMdBwEdA6jxBSlhO_Xn5O_eMDGAS4r6xUYDAQ%3BFbDPHgEd227hBSlBeJnCyMzQMDHUAyWSduFpag%3BFalkJwEdOwbeBSm_VzDqBILaMDGQdIr6xUYDAw%3BFc4_LwEdA6jxBSlL6icJZwbXMDEepjq5EdhrOA%3BFdAKOAEdRRn0BSn96eL5WPXWMDGB1bCKrQim9w%3BFbfUeQAde2jcBSlPUmLE4jFQMDEhuj0GhZrK6Q%3BFQBZAAEd8CG7BSlrGT4inpTBMDG0Cwj4cdL7Vg%3BFfcTXgEdL33TBSm3e8nRqJ0yNzFzg_AyUnxZUQ%3BFYsHRgEdq7SwBSmnvckkRj_KMDGuqRxAk9E8rg%3BFREiPQEdYaTIBSkPzIgaOIbOMDFLsj4mxIMw9Q%3BFWZuWAEdd1NEBSln9ghJ24L4OTG8LGyP5jDjQw%3BFazwtAEdAFyaBCkttn40W_0MOTHOTSBOSbfCUg%3BFUoTCAIdOFF1BCnvxeOGVoXhODHGBePBfEskZg%3BFUoNDwIdyseJBCm73lLAsSPjODGuzE_rIyA_pw%3BFYogCQIdXbufBCmF7V9EIev9ODEQ94ZQlwm70Q%3BFRDw6wEdas6ZBCk_0D8WCIcEOTHNdlC-DqgpgQ%3BFazwtAEdAFyaBCkttn40W_0MOTHOTSBOSbfCUg%3BFTuy4gEdyHV2BClVc55WqmQZOTF974TuW2Ci7g&#038;aq=0&#038;oq=amritsa&#038;sll=30.666266,77.909546&#038;sspn=3.189003,5.817261&#038;hl=hu&#038;mra=ls&#038;ie=UTF8&#038;ll=21.29458,87.70314&#038;spn=26.62206,25.85646&#038;t=m&#038;output=embed\"><\/iframe><br \/><small><a href=\"https:\/\/maps.google.com\/maps?f=d&#038;source=embed&#038;saddr=Bangkok+Thaif%C3%B6ld&#038;daddr=Ayutthaya+Tailandia+to:Sukhothai,+Thaif%C3%B6ld+to:Chiang+Mai+Thailand+to:Pai+Mae+Hong+Son+Thailand+to:Chiang+Rai+Thailand+to:Tachileik,+Shan,+Burma+to:Phuket+Thaif%C3%B6ld+to:Yangon,+Yangon+Region,+Burma+to:Lashio,+Shan,+Burma+to:Bagan,+%E1%80%99%E1%80%94%E1%80%B9%E1%80%90%E1%80%9C%E1%80%B1%E1%80%B8%E1%80%90%E1%80%AD%E1%80%AF%E1%80%84%E1%80%BA%E1%80%B8%E1%80%92%E1%80%B1%E1%80%9E%E1%80%80%E1%80%BC%E1%80%AE%E1%80%B8,+Burma+to:Taunggyi,+Shan,+Burma+to:Kalkutta,+Nyugat-Beng%C3%A1l,+India+to:%C3%9Aj-Delhi,+Delhi,+India+to:Srinagar+to:Kargil+to:Leh+to:Manali,+Himachal+Pradesh,+India+to:%C3%9Aj-Delhi,+Delhi,+India+to:Amritsar,+Punjab,+India&#038;geocode=FZ7X0QAdQWr9BSnzYQ0oMmAdMTEgSOJdsgABAQ%3BFUOq2gAdzPX9BSl_j_1bb3PiMDFgSAxFN5IBAQ%3BFRMdBwEdA6jxBSlhO_Xn5O_eMDGAS4r6xUYDAQ%3BFbDPHgEd227hBSlBeJnCyMzQMDHUAyWSduFpag%3BFalkJwEdOwbeBSm_VzDqBILaMDGQdIr6xUYDAw%3BFc4_LwEdA6jxBSlL6icJZwbXMDEepjq5EdhrOA%3BFdAKOAEdRRn0BSn96eL5WPXWMDGB1bCKrQim9w%3BFbfUeQAde2jcBSlPUmLE4jFQMDEhuj0GhZrK6Q%3BFQBZAAEd8CG7BSlrGT4inpTBMDG0Cwj4cdL7Vg%3BFfcTXgEdL33TBSm3e8nRqJ0yNzFzg_AyUnxZUQ%3BFYsHRgEdq7SwBSmnvckkRj_KMDGuqRxAk9E8rg%3BFREiPQEdYaTIBSkPzIgaOIbOMDFLsj4mxIMw9Q%3BFWZuWAEdd1NEBSln9ghJ24L4OTG8LGyP5jDjQw%3BFazwtAEdAFyaBCkttn40W_0MOTHOTSBOSbfCUg%3BFUoTCAIdOFF1BCnvxeOGVoXhODHGBePBfEskZg%3BFUoNDwIdyseJBCm73lLAsSPjODGuzE_rIyA_pw%3BFYogCQIdXbufBCmF7V9EIev9ODEQ94ZQlwm70Q%3BFRDw6wEdas6ZBCk_0D8WCIcEOTHNdlC-DqgpgQ%3BFazwtAEdAFyaBCkttn40W_0MOTHOTSBOSbfCUg%3BFTuy4gEdyHV2BClVc55WqmQZOTF974TuW2Ci7g&#038;aq=0&#038;oq=amritsa&#038;sll=30.666266,77.909546&#038;sspn=3.189003,5.817261&#038;hl=hu&#038;mra=ls&#038;ie=UTF8&#038;ll=21.29458,87.70314&#038;spn=26.62206,25.85646&#038;t=m\" style=\"color:#0000FF;text-align:left\">Nagyobb t\u00e9rk\u00e9pre v\u00e1lt\u00e1s<\/a><\/small><\/p>\n<p>pakistan, iran<br \/>\n<iframe loading=\"lazy\" width=\"425\" height=\"350\" frameborder=\"0\" scrolling=\"no\" marginheight=\"0\" marginwidth=\"0\" src=\"https:\/\/maps.google.com\/maps?f=d&#038;source=s_d&#038;saddr=Amritsar,+Pandzs%C3%A1b,+India&#038;daddr=Lahor,+Pandzs%C3%A1b,+Pakiszt%C3%A1n+to:Peshawar,+Khyber+Pakhtunkhwa,+Pakistan+to:Chitr%C4%81l,+Khyber+Pakhtunkhwa,+Pakistan+to:Mastuj,+Khyber+Pakhtunkhwa,+Pakistan+to:Gilgit+to:Khunjerab+Pass,+Karakoram+Highway+to:Islamabad,+Islamabad+Capital+Territory,+Pakistan+to:Quetta,+Balochistan,+Pakistan+to:Kerm%C3%A1n,+Kerman,+Ir%C3%A1n+to:Shiraz,+Fars,+Iran+to:Iszfah%C3%A1n,+Ir%C3%A1n+to:Yazd,+Iran+to:Teher%C3%A1n,+Ir%C3%A1n+to:Qazvin,+Iran+to:Rasht,+Gilan,+Iran+to:Ardabil+tartom%C3%A1ny,+Ir%C3%A1n+to:Zanjan,+Iran+to:Hamad%C3%A1n,+Hamadan,+Ir%C3%A1n+to:Kermanshah,+Iran+to:Pawe,+Kermanshah,+Iran+to:Sanandaj,+Kordestan,+Iran+to:Marivan,+Kordestan,+Iran+to:Tabriz,+Azarbayjan-e-Sharqi,+Iran+to:Budapest,+Magyarorsz%C3%A1g&#038;geocode=FTuy4gEdyHV2BClVc55WqmQZOTF974TuW2Ci7g%3BFdpW4QEdS1luBCnZB4HlgwQZOTFiJH7MbL46wg%3BFUvdBgId_q9DBCnPeQ4PuRfZODESpFh1Y7IWqA%3BFZLdIgIdyUZHBCkn1usgjVLbODEPTtquNvlLDw%3BFcWjKQIdO4RSBClt_YX9zjzDODFyQYgq_eTxPQ%3BFQsRJAIdi5JtBCmxQyVk40nmODErKBfKowz9QA%3BFWgXJAIdUDhuBCGslzd90l6MyykVRaPGHzbmODGslzd90l6Myw%3BFYd_AgIdw9BaBCkvcpF40L_fODG2Ats7XFFZYA%3BFbP1zAEdvZ3-Aynpqn_KNN7SPjGX8W9LTNSWRg%3BFU4KzgEdDMZmAynR0LHbURgCPzG2jtf1VXQfzQ%3BFRvqwwEdVZghAynj8oWMDA2yPzH2TGvvilsMbQ%3BFX448gEd2I8UAymZZzKM_jW8PzH1N1jvFni1eg%3BFSK05gEdaHo9AymRKlsDkxmmPzEModTXnaGSXQ%3BFe-tIAIdUKcQAynZ3PMfSQCOPzG8JHBWfGmz8A%3BFUNjKQIdY__6Aimf5RqeJFXzPzG2A8uONnZCmw%3BFUHcOAId0JP0Ail1VvFDDWL1PzH2-xyT-UDdQQ%3BFVA9SwIdscLaAilvvmWD1XsYQDHVrx52nDKEoQ%3BFdyNLwId99LjAimT7WKwrRD2PzGQhrSYk-q0Cg%3BFYABEwIdO07kAimTtaqzxOzxPzFbSwf03YILew%3BFbeXCwIdqCfOAilvQ3m3n-36PzHTisbM8g7U3w%3BFei4FgIdeGXDAinDhqon-Tf5PzHnZhdaqEh2eg%3BFQzbGgIdXgvNAinbE3g74pf5PzFVrMOaHeWTiA%3BFSAZHgIdhZjAAik7WGADcDX_PzFdUOG80TOPUQ%3BFdIRRQIdx1TCAinhKYRbFwUaQDH7MxLyxh3LWQ%3BFabE1AId9okiASnJz9TRNMNBRzFgER4MKcQABA&#038;aq=0&#038;oq=budapest&#038;sll=35.817813,48.845215&#038;sspn=6.011654,11.634521&#038;hl=hu&#038;mra=ls&#038;ie=UTF8&#038;t=m&#038;ll=38.10498,46.956405&#038;spn=18.78686,55.83171&#038;output=embed\"><\/iframe><br \/><small><a href=\"https:\/\/maps.google.com\/maps?f=d&#038;source=embed&#038;saddr=Amritsar,+Pandzs%C3%A1b,+India&#038;daddr=Lahor,+Pandzs%C3%A1b,+Pakiszt%C3%A1n+to:Peshawar,+Khyber+Pakhtunkhwa,+Pakistan+to:Chitr%C4%81l,+Khyber+Pakhtunkhwa,+Pakistan+to:Mastuj,+Khyber+Pakhtunkhwa,+Pakistan+to:Gilgit+to:Khunjerab+Pass,+Karakoram+Highway+to:Islamabad,+Islamabad+Capital+Territory,+Pakistan+to:Quetta,+Balochistan,+Pakistan+to:Kerm%C3%A1n,+Kerman,+Ir%C3%A1n+to:Shiraz,+Fars,+Iran+to:Iszfah%C3%A1n,+Ir%C3%A1n+to:Yazd,+Iran+to:Teher%C3%A1n,+Ir%C3%A1n+to:Qazvin,+Iran+to:Rasht,+Gilan,+Iran+to:Ardabil+tartom%C3%A1ny,+Ir%C3%A1n+to:Zanjan,+Iran+to:Hamad%C3%A1n,+Hamadan,+Ir%C3%A1n+to:Kermanshah,+Iran+to:Pawe,+Kermanshah,+Iran+to:Sanandaj,+Kordestan,+Iran+to:Marivan,+Kordestan,+Iran+to:Tabriz,+Azarbayjan-e-Sharqi,+Iran+to:Budapest,+Magyarorsz%C3%A1g&#038;geocode=FTuy4gEdyHV2BClVc55WqmQZOTF974TuW2Ci7g%3BFdpW4QEdS1luBCnZB4HlgwQZOTFiJH7MbL46wg%3BFUvdBgId_q9DBCnPeQ4PuRfZODESpFh1Y7IWqA%3BFZLdIgIdyUZHBCkn1usgjVLbODEPTtquNvlLDw%3BFcWjKQIdO4RSBClt_YX9zjzDODFyQYgq_eTxPQ%3BFQsRJAIdi5JtBCmxQyVk40nmODErKBfKowz9QA%3BFWgXJAIdUDhuBCGslzd90l6MyykVRaPGHzbmODGslzd90l6Myw%3BFYd_AgIdw9BaBCkvcpF40L_fODG2Ats7XFFZYA%3BFbP1zAEdvZ3-Aynpqn_KNN7SPjGX8W9LTNSWRg%3BFU4KzgEdDMZmAynR0LHbURgCPzG2jtf1VXQfzQ%3BFRvqwwEdVZghAynj8oWMDA2yPzH2TGvvilsMbQ%3BFX448gEd2I8UAymZZzKM_jW8PzH1N1jvFni1eg%3BFSK05gEdaHo9AymRKlsDkxmmPzEModTXnaGSXQ%3BFe-tIAIdUKcQAynZ3PMfSQCOPzG8JHBWfGmz8A%3BFUNjKQIdY__6Aimf5RqeJFXzPzG2A8uONnZCmw%3BFUHcOAId0JP0Ail1VvFDDWL1PzH2-xyT-UDdQQ%3BFVA9SwIdscLaAilvvmWD1XsYQDHVrx52nDKEoQ%3BFdyNLwId99LjAimT7WKwrRD2PzGQhrSYk-q0Cg%3BFYABEwIdO07kAimTtaqzxOzxPzFbSwf03YILew%3BFbeXCwIdqCfOAilvQ3m3n-36PzHTisbM8g7U3w%3BFei4FgIdeGXDAinDhqon-Tf5PzHnZhdaqEh2eg%3BFQzbGgIdXgvNAinbE3g74pf5PzFVrMOaHeWTiA%3BFSAZHgIdhZjAAik7WGADcDX_PzFdUOG80TOPUQ%3BFdIRRQIdx1TCAinhKYRbFwUaQDH7MxLyxh3LWQ%3BFabE1AId9okiASnJz9TRNMNBRzFgER4MKcQABA&#038;aq=0&#038;oq=budapest&#038;sll=35.817813,48.845215&#038;sspn=6.011654,11.634521&#038;hl=hu&#038;mra=ls&#038;ie=UTF8&#038;t=m&#038;ll=38.10498,46.956405&#038;spn=18.78686,55.83171\" style=\"color:#0000FF;text-align:left\">Nagyobb t\u00e9rk\u00e9pre v\u00e1lt\u00e1s<\/a><\/small><\/p>","protected":false},"excerpt":{"rendered":"<p>China &#8211; Budapest Nagyobb t\u00e9rk\u00e9pre v\u00e1lt\u00e1s Thai -Burma &#8211; India Nagyobb t\u00e9rk\u00e9pre v\u00e1lt\u00e1s pakistan, iran Nagyobb t\u00e9rk\u00e9pre v\u00e1lt\u00e1s<\/p>\n","protected":false},"author":1,"featured_media":0,"parent":687,"menu_order":3,"comment_status":"open","ping_status":"closed","template":"","meta":{"ngg_post_thumbnail":0,"footnotes":""},"class_list":["post-699","page","type-page","status-publish","hentry"],"_links":{"self":[{"href":"https:\/\/vandorboy.com\/en\/wp-json\/wp\/v2\/pages\/699","targetHints":{"allow":["GET"]}}],"collection":[{"href":"https:\/\/vandorboy.com\/en\/wp-json\/wp\/v2\/pages"}],"about":[{"href":"https:\/\/vandorboy.com\/en\/wp-json\/wp\/v2\/types\/page"}],"author":[{"embeddable":true,"href":"https:\/\/vandorboy.com\/en\/wp-json\/wp\/v2\/users\/1"}],"replies":[{"embeddable":true,"href":"https:\/\/vandorboy.com\/en\/wp-json\/wp\/v2\/comments?post=699"}],"version-history":[{"count":0,"href":"https:\/\/vandorboy.com\/en\/wp-json\/wp\/v2\/pages\/699\/revisions"}],"up":[{"embeddable":true,"href":"https:\/\/vandorboy.com\/en\/wp-json\/wp\/v2\/pages\/687"}],"wp:attachment":[{"href":"https:\/\/vandorboy.com\/en\/wp-json\/wp\/v2\/media?parent=699"}],"curies":[{"name":"wp","href":"https:\/\/api.w.org\/{rel}","templated":true}]}}