{"id":721,"date":"2012-02-23T14:23:05","date_gmt":"2012-02-23T14:23:05","guid":{"rendered":"https:\/\/vandorboy.com\/?page_id=721"},"modified":"2015-05-19T08:00:57","modified_gmt":"2015-05-19T08:00:57","slug":"2008-2","status":"publish","type":"page","link":"https:\/\/vandorboy.com\/en\/tura-szervezes\/utazasi-tanacsadas\/utvonalam-2\/2008-2\/","title":{"rendered":"2008 Middle East"},"content":{"rendered":"<p><\/p>\n<p>Turkey, Georgia, Armenia, Irak, syria, Jordan, Egypt<\/p>\n<p>T\u00f6r\u00f6k o. , Gr\u00faz, \u00d6rm\u00e9ny, Irak, Syria, Jordan, Egypt,<\/p>\n<p><\/p>","protected":false},"excerpt":{"rendered":"<p>Turkey, Georgia, Armenia, Irak, syria, Jordan, Egypt T\u00f6r\u00f6k o. , Gr\u00faz, \u00d6rm\u00e9ny, Irak, Syria, Jordan, Egypt,<\/p>\n","protected":false},"author":1,"featured_media":0,"parent":687,"menu_order":6,"comment_status":"open","ping_status":"closed","template":"","meta":{"ngg_post_thumbnail":0,"footnotes":""},"class_list":["post-721","page","type-page","status-publish","hentry"],"_links":{"self":[{"href":"https:\/\/vandorboy.com\/en\/wp-json\/wp\/v2\/pages\/721","targetHints":{"allow":["GET"]}}],"collection":[{"href":"https:\/\/vandorboy.com\/en\/wp-json\/wp\/v2\/pages"}],"about":[{"href":"https:\/\/vandorboy.com\/en\/wp-json\/wp\/v2\/types\/page"}],"author":[{"embeddable":true,"href":"https:\/\/vandorboy.com\/en\/wp-json\/wp\/v2\/users\/1"}],"replies":[{"embeddable":true,"href":"https:\/\/vandorboy.com\/en\/wp-json\/wp\/v2\/comments?post=721"}],"version-history":[{"count":0,"href":"https:\/\/vandorboy.com\/en\/wp-json\/wp\/v2\/pages\/721\/revisions"}],"up":[{"embeddable":true,"href":"https:\/\/vandorboy.com\/en\/wp-json\/wp\/v2\/pages\/687"}],"wp:attachment":[{"href":"https:\/\/vandorboy.com\/en\/wp-json\/wp\/v2\/media?parent=721"}],"curies":[{"name":"wp","href":"https:\/\/api.w.org\/{rel}","templated":true}]}}