{"id":723,"date":"2012-02-23T14:32:41","date_gmt":"2012-02-23T14:32:41","guid":{"rendered":"https:\/\/vandorboy.com\/?page_id=723"},"modified":"2015-05-19T07:59:52","modified_gmt":"2015-05-19T07:59:52","slug":"2009-2","status":"publish","type":"page","link":"https:\/\/vandorboy.com\/en\/tura-szervezes\/utazasi-tanacsadas\/utvonalam-2\/2009-2\/","title":{"rendered":"2009 West Africa"},"content":{"rendered":"<p>(Marokko, Maurit\u00e1nia, Mali, Szeneg\u00e1l, Guinea Bissau, Guinea, Elef\u00e1ntcsont part, Gh\u00e1na, Togo, Benin, Burkina Fasso, Niger<br \/>\nA Budapest &#8211; Bamako rallyval indultam, majd stoppal tov\u00e1bb egy f\u00e9l \u00e9vig:<\/p>\n<p>Marokko, Mauritania &#8211;  Mali<br \/>\nhttp:\/\/goo.gl\/maps\/5I6Bt<\/p>\n<p><iframe loading=\"lazy\" width=\"800\" height=\"500\" frameborder=\"0\" scrolling=\"no\" marginheight=\"0\" marginwidth=\"0\" src=\"https:\/\/maps.google.com\/maps?f=d&#038;source=s_d&#038;saddr=Agadir,+Souss-Massa-Dr%C3%A2a,+Maroc&#038;daddr=Nouadhibou,+Dakhlet+Nouadhibou,+Mauritania+to:Nouakchott,+Maurit%C3%A1nia+to:Ayoun+el+Atrous,+Hodh+El+Gharbi,+Mauritania+to:Bamako,+Mali+to:Djenn%C3%A9,+R%C3%A9gion+de+Mopti,+Mali+to:Bandiagara,+Mopti,+Mali+to:Douentza,+Mopti,+Mali+to:Bamako,+Mali+to:Kayes,+Mali+to:Alahina,+Kidira,+Tambacounda,+S%C3%A9n%C3%A9gal&#038;geocode=FTVg0AEdAIRt_ynJHK3a6bazDTF0hPSLt9D4vA%3BFbaOPwEdPQz8_in_SX-cCLOhDjHEf8buahUqoA%3BFd3wEwEdTDAM_ym96ewWbFKWDjH54cFTvQUAJw%3BFRM6_gAdrEBt_ylFMfEolJRgDjGvGm2Ra41pRg%3BFRAGwQAdAO6F_ymRCkUnEs1RDjEVYFBS4UA8ng%3BFfMt1AAdJXu6_ymzG3lKdDY4DjEk-5ivuZHiGA%3BFSrh2gAdn_zI_ynh2HuVI9I7DjEOoQ98fKQI3Q%3BFcDh5AAdkPzS_ymbuWwTQX07DjE5HI5MV-T-Mw%3BFRAGwQAdAO6F_ymRCkUnEs1RDjEVYFBS4UA8ng%3BFYuS3AAdg3pR_ynrvvhxCYz2DjGCpOrkDELMIA%3BFRQ73AAdQthF_ymRaNDS0k7xDjHJnRDq2_ug7A&#038;aq=0&#038;oq=alahina&#038;sll=14.43867,-12.271729&#038;sspn=0.420252,0.727158&#038;hl=hu&#038;mra=ls&#038;ie=UTF8&#038;ll=21.50484,-9.99507&#038;spn=17.85698,14.08976&#038;t=m&#038;output=embed\"><\/iframe><br \/><small><a href=\"https:\/\/maps.google.com\/maps?f=d&#038;source=embed&#038;saddr=Agadir,+Souss-Massa-Dr%C3%A2a,+Maroc&#038;daddr=Nouadhibou,+Dakhlet+Nouadhibou,+Mauritania+to:Nouakchott,+Maurit%C3%A1nia+to:Ayoun+el+Atrous,+Hodh+El+Gharbi,+Mauritania+to:Bamako,+Mali+to:Djenn%C3%A9,+R%C3%A9gion+de+Mopti,+Mali+to:Bandiagara,+Mopti,+Mali+to:Douentza,+Mopti,+Mali+to:Bamako,+Mali+to:Kayes,+Mali+to:Alahina,+Kidira,+Tambacounda,+S%C3%A9n%C3%A9gal&#038;geocode=FTVg0AEdAIRt_ynJHK3a6bazDTF0hPSLt9D4vA%3BFbaOPwEdPQz8_in_SX-cCLOhDjHEf8buahUqoA%3BFd3wEwEdTDAM_ym96ewWbFKWDjH54cFTvQUAJw%3BFRM6_gAdrEBt_ylFMfEolJRgDjGvGm2Ra41pRg%3BFRAGwQAdAO6F_ymRCkUnEs1RDjEVYFBS4UA8ng%3BFfMt1AAdJXu6_ymzG3lKdDY4DjEk-5ivuZHiGA%3BFSrh2gAdn_zI_ynh2HuVI9I7DjEOoQ98fKQI3Q%3BFcDh5AAdkPzS_ymbuWwTQX07DjE5HI5MV-T-Mw%3BFRAGwQAdAO6F_ymRCkUnEs1RDjEVYFBS4UA8ng%3BFYuS3AAdg3pR_ynrvvhxCYz2DjGCpOrkDELMIA%3BFRQ73AAdQthF_ymRaNDS0k7xDjHJnRDq2_ug7A&#038;aq=0&#038;oq=alahina&#038;sll=14.43867,-12.271729&#038;sspn=0.420252,0.727158&#038;hl=hu&#038;mra=ls&#038;ie=UTF8&#038;ll=21.50484,-9.99507&#038;spn=17.85698,14.08976&#038;t=m\" style=\"color:#0000FF;text-align:left\">Nagyobb t\u00e9rk\u00e9pre v\u00e1lt\u00e1s<\/a><\/small><\/p>\n<p><\/p>","protected":false},"excerpt":{"rendered":"<p>(Marokko, Maurit\u00e1nia, Mali, Szeneg\u00e1l, Guinea Bissau, Guinea, Elef\u00e1ntcsont part, Gh\u00e1na, Togo, Benin, Burkina Fasso, Niger A Budapest &#8211; Bamako rallyval indultam, majd stoppal tov\u00e1bb egy f\u00e9l \u00e9vig: Marokko, Mauritania &#8211;&#8230;<\/p>\n","protected":false},"author":1,"featured_media":0,"parent":687,"menu_order":7,"comment_status":"open","ping_status":"closed","template":"","meta":{"ngg_post_thumbnail":0,"footnotes":""},"class_list":["post-723","page","type-page","status-publish","hentry"],"_links":{"self":[{"href":"https:\/\/vandorboy.com\/en\/wp-json\/wp\/v2\/pages\/723","targetHints":{"allow":["GET"]}}],"collection":[{"href":"https:\/\/vandorboy.com\/en\/wp-json\/wp\/v2\/pages"}],"about":[{"href":"https:\/\/vandorboy.com\/en\/wp-json\/wp\/v2\/types\/page"}],"author":[{"embeddable":true,"href":"https:\/\/vandorboy.com\/en\/wp-json\/wp\/v2\/users\/1"}],"replies":[{"embeddable":true,"href":"https:\/\/vandorboy.com\/en\/wp-json\/wp\/v2\/comments?post=723"}],"version-history":[{"count":0,"href":"https:\/\/vandorboy.com\/en\/wp-json\/wp\/v2\/pages\/723\/revisions"}],"up":[{"embeddable":true,"href":"https:\/\/vandorboy.com\/en\/wp-json\/wp\/v2\/pages\/687"}],"wp:attachment":[{"href":"https:\/\/vandorboy.com\/en\/wp-json\/wp\/v2\/media?parent=723"}],"curies":[{"name":"wp","href":"https:\/\/api.w.org\/{rel}","templated":true}]}}