{"id":727,"date":"2012-02-23T14:34:53","date_gmt":"2012-02-23T14:34:53","guid":{"rendered":"https:\/\/vandorboy.com\/?page_id=727"},"modified":"2015-05-19T08:01:10","modified_gmt":"2015-05-19T08:01:10","slug":"2010-2","status":"publish","type":"page","link":"https:\/\/vandorboy.com\/en\/tura-szervezes\/utazasi-tanacsadas\/utvonalam-2\/2010-2\/","title":{"rendered":"2010 Central Asia"},"content":{"rendered":"<p>http:\/\/goo.gl\/maps\/XEtMV<\/p>\n<p><iframe loading=\"lazy\" width=\"725\" height=\"650\" frameborder=\"0\" scrolling=\"no\" marginheight=\"0\" marginwidth=\"0\" src=\"https:\/\/maps.google.com\/maps?f=d&#038;source=s_d&#038;saddr=Budapest,+Magyarorsz%C3%A1g&#038;daddr=%C4%B0stanbul,+T%C3%B6r%C3%B6korsz%C3%A1g+to:Tehran,+Iran+to:Isfahan,+Esfahan,+Iran+to:Ahvaz,+Khuzestan,+Iran+to:Mashhad,+Ir%C3%A1n+to:Ashgabat,+Turkmenistan+to:Turkmenabat,+Lebap,+Turkmenistan+to:Khiva,+%C3%9Czbegiszt%C3%A1n+to:Szamarkand,+%C3%9Czbegiszt%C3%A1n+to:Hudzsand,+T%C3%A1dzsikiszt%C3%A1n+to:Taskent,+%C3%9Czbegiszt%C3%A1n+to:Mazari+Sharif,+Balkh,+Afghanistan+to:Kabul,+Afganiszt%C3%A1n&#038;geocode=FabE1AId9okiASnJz9TRNMNBRzFgER4MKcQABA%3BFdawcQIdQCe6ASlrCGgABKfKFDHQsAG8mP7M4Q%3BFe-tIAIdUKcQAynZ3PMfSQCOPzG8JHBWfGmz8A%3BFX448gEd2I8UAymZZzKM_jW8PzH1N1jvFni1eg%3BFeba3QEdXN3mAin1uymNi9_DPzFcYolX3fFoSQ%3BFeDkKQIdgGyNAynXMUG-GpFsPzE7dRiTOn7FyQ%3BFfUSQwIdv896AynZhDarG_5vPzHprdNiPwHePA%3BFbpvVAIdfQvKAyndOFwNBOBEPzFB53VpaTekXA%3BFdJqdwIdTQOZAyn5jOT_E6TfQTHNwG16f_R1zQ%3BFW0gXQIdEYr9Ayn3fQdgGRlNPzFXLz_R2TZ2SA%3BFcWsZgIdNYUmBCkNPqvD3bKxODE37k_PRdxMHw%3BFeutdQIdmykgBCnD6XnDDIuuODGYy6VKOzKppQ%3BFWD_LwIdex4ABCm9FFNgo7g0PzFxzx9sGl56sg%3BFcfcDgId93kfBClJbR48TGnRODEpRCF4NUff6w&#038;aq=&#038;sll=39.3693,44.33729&#038;sspn=42.571038,93.076172&#038;hl=hu&#038;mra=ls&#038;ie=UTF8&#038;t=m&#038;ll=39.3693,44.33729&#038;spn=16.2604,50.59306&#038;output=embed\"><\/iframe><br \/><small><a href=\"https:\/\/maps.google.com\/maps?f=d&#038;source=embed&#038;saddr=Budapest,+Magyarorsz%C3%A1g&#038;daddr=%C4%B0stanbul,+T%C3%B6r%C3%B6korsz%C3%A1g+to:Tehran,+Iran+to:Isfahan,+Esfahan,+Iran+to:Ahvaz,+Khuzestan,+Iran+to:Mashhad,+Ir%C3%A1n+to:Ashgabat,+Turkmenistan+to:Turkmenabat,+Lebap,+Turkmenistan+to:Khiva,+%C3%9Czbegiszt%C3%A1n+to:Szamarkand,+%C3%9Czbegiszt%C3%A1n+to:Hudzsand,+T%C3%A1dzsikiszt%C3%A1n+to:Taskent,+%C3%9Czbegiszt%C3%A1n+to:Mazari+Sharif,+Balkh,+Afghanistan+to:Kabul,+Afganiszt%C3%A1n&#038;geocode=FabE1AId9okiASnJz9TRNMNBRzFgER4MKcQABA%3BFdawcQIdQCe6ASlrCGgABKfKFDHQsAG8mP7M4Q%3BFe-tIAIdUKcQAynZ3PMfSQCOPzG8JHBWfGmz8A%3BFX448gEd2I8UAymZZzKM_jW8PzH1N1jvFni1eg%3BFeba3QEdXN3mAin1uymNi9_DPzFcYolX3fFoSQ%3BFeDkKQIdgGyNAynXMUG-GpFsPzE7dRiTOn7FyQ%3BFfUSQwIdv896AynZhDarG_5vPzHprdNiPwHePA%3BFbpvVAIdfQvKAyndOFwNBOBEPzFB53VpaTekXA%3BFdJqdwIdTQOZAyn5jOT_E6TfQTHNwG16f_R1zQ%3BFW0gXQIdEYr9Ayn3fQdgGRlNPzFXLz_R2TZ2SA%3BFcWsZgIdNYUmBCkNPqvD3bKxODE37k_PRdxMHw%3BFeutdQIdmykgBCnD6XnDDIuuODGYy6VKOzKppQ%3BFWD_LwIdex4ABCm9FFNgo7g0PzFxzx9sGl56sg%3BFcfcDgId93kfBClJbR48TGnRODEpRCF4NUff6w&#038;aq=&#038;sll=39.3693,44.33729&#038;sspn=42.571038,93.076172&#038;hl=hu&#038;mra=ls&#038;ie=UTF8&#038;t=m&#038;ll=39.3693,44.33729&#038;spn=16.2604,50.59306\" style=\"color:#0000FF;text-align:left\">Nagyobb t\u00e9rk\u00e9pre v\u00e1lt\u00e1s<\/a><\/small><\/p>\n<p>http:\/\/goo.gl\/maps\/nnrS7<\/p>\n<blockquote>\n<p><iframe loading=\"lazy\" width=\"740\" height=\"680\" frameborder=\"0\" scrolling=\"no\" marginheight=\"0\" marginwidth=\"0\" src=\"https:\/\/maps.google.com\/maps?f=d&#038;source=s_d&#038;saddr=Panjakent,+Sughd+Province,+Tajikistan&#038;daddr=Hudzsand,+T%C3%A1dzsikiszt%C3%A1n+to:Os,+Kirgiziszt%C3%A1n+to:Biskek,+Kirgiziszt%C3%A1n+to:Karakol,+Issyk+Kul+Province,+Kyrgyzstan+to:Biskek,+Kirgiziszt%C3%A1n+to:Almaty+City,+Almaty+Province,+Kazakhstan+to:Kegen,+Almaty+Province,+Kazakhstan+to:P-16+to:Almati,+Kazahszt%C3%A1n&#038;geocode=FWmVWgIdzYMHBClnBRYbdTqzODGskcnU7EzZcQ%3BFcWsZgIdNYUmBCkNPqvD3bKxODE37k_PRdxMHw%3BFVlXagId_dJWBCmFLlp_Aay9ODGVe_TGHcaj4A%3BFQYljgId6x5yBCmByLOR3LeeODF94t589bouSQ%3BFYU-iAIdAEqsBCkLTPDhkVuGODH67OcAOf5b6w%3BFQYljgId6x5yBCmByLOR3LeeODF94t589bouSQ%3BFRIFlAId9JeVBCmry8UWfW6DODF2bZitj2ZEPQ%3BFQJokAIdi9i4BCll-V5T51yHODEc3f9Utk6C9Q%3BFZcvkQId2XCsBA%3BFRIFlAId9JeVBCmry8UWfW6DODF2bZitj2ZEPQ&#038;aq=&#038;sll=39.419221,71.125488&#038;sspn=10.722648,23.269043&#038;hl=hu&#038;dirflg=w&#038;mra=ls&#038;ie=UTF8&#038;t=m&#038;ll=41.508577,73.410645&#038;spn=7.896728,14.0625&#038;z=6&#038;output=embed\"><\/iframe><br \/><small><a href=\"https:\/\/maps.google.com\/maps?f=d&#038;source=embed&#038;saddr=Panjakent,+Sughd+Province,+Tajikistan&#038;daddr=Hudzsand,+T%C3%A1dzsikiszt%C3%A1n+to:Os,+Kirgiziszt%C3%A1n+to:Biskek,+Kirgiziszt%C3%A1n+to:Karakol,+Issyk+Kul+Province,+Kyrgyzstan+to:Biskek,+Kirgiziszt%C3%A1n+to:Almaty+City,+Almaty+Province,+Kazakhstan+to:Kegen,+Almaty+Province,+Kazakhstan+to:P-16+to:Almati,+Kazahszt%C3%A1n&#038;geocode=FWmVWgIdzYMHBClnBRYbdTqzODGskcnU7EzZcQ%3BFcWsZgIdNYUmBCkNPqvD3bKxODE37k_PRdxMHw%3BFVlXagId_dJWBCmFLlp_Aay9ODGVe_TGHcaj4A%3BFQYljgId6x5yBCmByLOR3LeeODF94t589bouSQ%3BFYU-iAIdAEqsBCkLTPDhkVuGODH67OcAOf5b6w%3BFQYljgId6x5yBCmByLOR3LeeODF94t589bouSQ%3BFRIFlAId9JeVBCmry8UWfW6DODF2bZitj2ZEPQ%3BFQJokAIdi9i4BCll-V5T51yHODEc3f9Utk6C9Q%3BFZcvkQId2XCsBA%3BFRIFlAId9JeVBCmry8UWfW6DODF2bZitj2ZEPQ&#038;aq=&#038;sll=39.419221,71.125488&#038;sspn=10.722648,23.269043&#038;hl=hu&#038;dirflg=w&#038;mra=ls&#038;ie=UTF8&#038;t=m&#038;ll=41.508577,73.410645&#038;spn=7.896728,14.0625&#038;z=6\" style=\"color:#0000FF;text-align:left\">Nagyobb t\u00e9rk\u00e9pre v\u00e1lt\u00e1s<\/a><\/small><\/p>","protected":false},"excerpt":{"rendered":"<p>http:\/\/goo.gl\/maps\/XEtMV Nagyobb t\u00e9rk\u00e9pre v\u00e1lt\u00e1s http:\/\/goo.gl\/maps\/nnrS7 Nagyobb t\u00e9rk\u00e9pre v\u00e1lt\u00e1s<\/p>\n","protected":false},"author":1,"featured_media":0,"parent":687,"menu_order":9,"comment_status":"open","ping_status":"closed","template":"","meta":{"ngg_post_thumbnail":0,"footnotes":""},"class_list":["post-727","page","type-page","status-publish","hentry"],"_links":{"self":[{"href":"https:\/\/vandorboy.com\/en\/wp-json\/wp\/v2\/pages\/727","targetHints":{"allow":["GET"]}}],"collection":[{"href":"https:\/\/vandorboy.com\/en\/wp-json\/wp\/v2\/pages"}],"about":[{"href":"https:\/\/vandorboy.com\/en\/wp-json\/wp\/v2\/types\/page"}],"author":[{"embeddable":true,"href":"https:\/\/vandorboy.com\/en\/wp-json\/wp\/v2\/users\/1"}],"replies":[{"embeddable":true,"href":"https:\/\/vandorboy.com\/en\/wp-json\/wp\/v2\/comments?post=727"}],"version-history":[{"count":0,"href":"https:\/\/vandorboy.com\/en\/wp-json\/wp\/v2\/pages\/727\/revisions"}],"up":[{"embeddable":true,"href":"https:\/\/vandorboy.com\/en\/wp-json\/wp\/v2\/pages\/687"}],"wp:attachment":[{"href":"https:\/\/vandorboy.com\/en\/wp-json\/wp\/v2\/media?parent=727"}],"curies":[{"name":"wp","href":"https:\/\/api.w.org\/{rel}","templated":true}]}}