{"id":729,"date":"2012-02-23T14:36:31","date_gmt":"2012-02-23T14:36:31","guid":{"rendered":"https:\/\/vandorboy.com\/?page_id=729"},"modified":"2020-04-12T16:09:54","modified_gmt":"2020-04-12T16:09:54","slug":"2011-2","status":"publish","type":"page","link":"https:\/\/vandorboy.com\/en\/tura-szervezes\/utazasi-tanacsadas\/utvonalam-2\/2011-2\/","title":{"rendered":"2011 Oman, Kenya, Ethiopia, Sudan, Egypt"},"content":{"rendered":"<p><iframe loading=\"lazy\" src=\"https:\/\/maps.google.com\/maps?f=d&amp;source=s_d&amp;saddr=Nairobi,+Kenya&amp;daddr=Mombasa,+Parti+tartom%C3%A1ny,+Kenya+to:Lamu,+Coast,+Kenya+to:Nairobi,+Kenya+to:Lodwar,+Rift+Valley,+Kenya+to:D+348+to:Lodwar+-+Lokichogio+Rd%2FA1+to:Eldoret,+Hasad%C3%A9kv%C3%B6lgy+tartom%C3%A1ny,+Kenya+to:Masai+Mara+Sopa+Lodge,+Narok,+Rift+Valley,+Kenya+to:C12+to:Marsabit,+Eastern,+Kenya+to:Moyale,+Oromia,+Ethiopia&amp;geocode=Fd5I7P8dutsxAimnSU3YchEvGDFMkpeyVALP9w%3BFStNwv8d7kldAil9LMCO5xJAGDFa29A1vIthyw%3BFYpe3f8dIRhwAimVFWWrPxkXGDE1KLo4zJHXfQ%3BFd5I7P8dutsxAimnSU3YchEvGDFMkpeyVALP9w%3BFXuOLwAdgDYfAilj26MRJaKeFzHtdiZVFizNCQ%3BFXPVNQAddQkjAg%3BFb5EOQAd6MgQAg%3BFajcBwAdQR8aAik19fk3rgGBFzEgCPzwfTPb4g%3BFUml7_8dSi8jAiHsPAI05ziXdymJA8n7pQMsGDHsPAI05ziXdw%3BFeLg5_8dktQZAg%3BFZWaIwAdZZRDAil5OF3wR62RFzF6n5Da-jRyvA%3BFREENgAdKeZTAimvIc3DXreVFzFMkWv8I3OfSQ&amp;aq=0&amp;oq=moyale&amp;sll=3.869735,39.740295&amp;sspn=1.731817,2.90863&amp;hl=hu&amp;mra=ls&amp;ie=UTF8&amp;t=m&amp;ll=-0.14461,37.779185&amp;spn=7.80874,6.24949&amp;output=embed\" width=\"425\" height=\"350\" frameborder=\"0\" marginwidth=\"0\" marginheight=\"0\" scrolling=\"no\"><\/iframe><br \/>\n<small><a style=\"color: #0000ff; text-align: left;\" href=\"https:\/\/maps.google.com\/maps?f=d&amp;source=embed&amp;saddr=Nairobi,+Kenya&amp;daddr=Mombasa,+Parti+tartom%C3%A1ny,+Kenya+to:Lamu,+Coast,+Kenya+to:Nairobi,+Kenya+to:Lodwar,+Rift+Valley,+Kenya+to:D+348+to:Lodwar+-+Lokichogio+Rd%2FA1+to:Eldoret,+Hasad%C3%A9kv%C3%B6lgy+tartom%C3%A1ny,+Kenya+to:Masai+Mara+Sopa+Lodge,+Narok,+Rift+Valley,+Kenya+to:C12+to:Marsabit,+Eastern,+Kenya+to:Moyale,+Oromia,+Ethiopia&amp;geocode=Fd5I7P8dutsxAimnSU3YchEvGDFMkpeyVALP9w%3BFStNwv8d7kldAil9LMCO5xJAGDFa29A1vIthyw%3BFYpe3f8dIRhwAimVFWWrPxkXGDE1KLo4zJHXfQ%3BFd5I7P8dutsxAimnSU3YchEvGDFMkpeyVALP9w%3BFXuOLwAdgDYfAilj26MRJaKeFzHtdiZVFizNCQ%3BFXPVNQAddQkjAg%3BFb5EOQAd6MgQAg%3BFajcBwAdQR8aAik19fk3rgGBFzEgCPzwfTPb4g%3BFUml7_8dSi8jAiHsPAI05ziXdymJA8n7pQMsGDHsPAI05ziXdw%3BFeLg5_8dktQZAg%3BFZWaIwAdZZRDAil5OF3wR62RFzF6n5Da-jRyvA%3BFREENgAdKeZTAimvIc3DXreVFzFMkWv8I3OfSQ&amp;aq=0&amp;oq=moyale&amp;sll=3.869735,39.740295&amp;sspn=1.731817,2.90863&amp;hl=hu&amp;mra=ls&amp;ie=UTF8&amp;t=m&amp;ll=-0.14461,37.779185&amp;spn=7.80874,6.24949\">Nagyobb t\u00e9rk\u00e9pre v\u00e1lt\u00e1s<\/a><\/small><\/p>\n<p>gmap<\/p>","protected":false},"excerpt":{"rendered":"<p>Nagyobb t\u00e9rk\u00e9pre v\u00e1lt\u00e1s gmap<\/p>\n","protected":false},"author":1,"featured_media":0,"parent":687,"menu_order":11,"comment_status":"open","ping_status":"closed","template":"","meta":{"ngg_post_thumbnail":0,"footnotes":""},"class_list":["post-729","page","type-page","status-publish","hentry"],"_links":{"self":[{"href":"https:\/\/vandorboy.com\/en\/wp-json\/wp\/v2\/pages\/729","targetHints":{"allow":["GET"]}}],"collection":[{"href":"https:\/\/vandorboy.com\/en\/wp-json\/wp\/v2\/pages"}],"about":[{"href":"https:\/\/vandorboy.com\/en\/wp-json\/wp\/v2\/types\/page"}],"author":[{"embeddable":true,"href":"https:\/\/vandorboy.com\/en\/wp-json\/wp\/v2\/users\/1"}],"replies":[{"embeddable":true,"href":"https:\/\/vandorboy.com\/en\/wp-json\/wp\/v2\/comments?post=729"}],"version-history":[{"count":0,"href":"https:\/\/vandorboy.com\/en\/wp-json\/wp\/v2\/pages\/729\/revisions"}],"up":[{"embeddable":true,"href":"https:\/\/vandorboy.com\/en\/wp-json\/wp\/v2\/pages\/687"}],"wp:attachment":[{"href":"https:\/\/vandorboy.com\/en\/wp-json\/wp\/v2\/media?parent=729"}],"curies":[{"name":"wp","href":"https:\/\/api.w.org\/{rel}","templated":true}]}}