{"id":731,"date":"2012-02-23T14:37:09","date_gmt":"2012-02-23T14:37:09","guid":{"rendered":"https:\/\/vandorboy.com\/?page_id=731"},"modified":"2015-05-19T08:01:31","modified_gmt":"2015-05-19T08:01:31","slug":"2012-2","status":"publish","type":"page","link":"https:\/\/vandorboy.com\/en\/tura-szervezes\/utazasi-tanacsadas\/utvonalam-2\/2012-2\/","title":{"rendered":"2012 N.E. India, Sri Lanka, Nepal, Georgia, Armenia, Central Asia"},"content":{"rendered":"<p><\/p>\n<p>India &#8211; sri lanka &#8211; nepal<\/p>\n<p>http:\/\/goo.gl\/maps\/PTDTd<\/p>\n<p><iframe loading=\"lazy\" width=\"425\" height=\"350\" frameborder=\"0\" scrolling=\"no\" marginheight=\"0\" marginwidth=\"0\" src=\"https:\/\/maps.google.com\/maps?f=d&#038;source=s_d&#038;saddr=Guwahati,+Assam,+India&#038;daddr=Silchar,+Assam,+India+to:Aizawl,+Mizoram,+India+to:Agartala,+Tripura,+India+to:Udaipur,+Tripura,+India+to:Imphal,+Manipur,+India+to:Ukhrul,+Manipur,+India+to:NH+150+to:Kohima,+N%C3%A1gaf%C3%B6ld,+India+to:Dibrugarh,+Assam,+India+to:Ismeretlen+%C3%BAt+to:Along+to:Daporijo+to:Ziro+to:Tawang+Monastery,+Tawang+to:Guwahati,+Assz%C3%A1m,+India+to:Tizit,+Nagaland,+India+to:Guwahati,+Assz%C3%A1m,+India&#038;geocode=FTn5jgEd_8V3BSn_M5F_KFpaNzEy3mtDMhO9Kw%3BFRu0egEdWeKHBSndzehaYkpONzGYAzgVGtSDFw%3BFQMMagEdR8KGBSk_OpF2tpRNNzFs21AJWRIb-g%3BFaGjawEd-uxwBSmnI0HJDfRTNzHHyEBsPCah0A%3BFfQWZwEdpOxzBSm9L1LQTZhTNzHFpktEAU3WwQ%3BFZuDegEdJYmZBSnbkGPxWyZJNzEkVDwmrppJGQ%3BFdrsfgEdNNifBSmfoqaAefZINzGgHUZV60fzyg%3BFfrchgEdNI2iBQ%3BFc6yhwEdS_-bBSkxPcY0CSFGNzH8WSUkwTTpuQ%3BFcEzowEd2j2oBSlVj_1JA5hANzHUS7IQK6V0MA%3BFebnuQEdwnqnBQ%3BFW_YrQEdFJCmBSkvoWDug2tANzHEiIzspmtT2w%3BFXAJqwEd6bCdBSmZi6C1kaVBNzHUp4j0hF_4vQ%3BFYxUpAEdxoeXBSnTfFFkKGFBNzHqxDx3OYbnuQ%3BFbHrpAEdkKB5BSF5Dh1a-Hr37CmvLOJGp_VcNzF5Dh1a-Hr37A%3BFTn5jgEd_8V3BSn_M5F_KFpaNzEy3mtDMhO9Kw%3BFfKCmgEditiqBSkNc8vkcqg4NzFGl9dN1hLVhQ%3BFTn5jgEd_8V3BSn_M5F_KFpaNzEy3mtDMhO9Kw&#038;aq=0&#038;oq=guwaha&#038;sll=26.25401,93.306885&#038;sspn=6.224776,11.634521&#038;hl=hu&#038;mra=ls&#038;ie=UTF8&#038;t=m&#038;ll=26.249695,93.303125&#038;spn=5.43245,4.08059&#038;output=embed\"><\/iframe><br \/><small><a href=\"https:\/\/maps.google.com\/maps?f=d&#038;source=embed&#038;saddr=Guwahati,+Assam,+India&#038;daddr=Silchar,+Assam,+India+to:Aizawl,+Mizoram,+India+to:Agartala,+Tripura,+India+to:Udaipur,+Tripura,+India+to:Imphal,+Manipur,+India+to:Ukhrul,+Manipur,+India+to:NH+150+to:Kohima,+N%C3%A1gaf%C3%B6ld,+India+to:Dibrugarh,+Assam,+India+to:Ismeretlen+%C3%BAt+to:Along+to:Daporijo+to:Ziro+to:Tawang+Monastery,+Tawang+to:Guwahati,+Assz%C3%A1m,+India+to:Tizit,+Nagaland,+India+to:Guwahati,+Assz%C3%A1m,+India&#038;geocode=FTn5jgEd_8V3BSn_M5F_KFpaNzEy3mtDMhO9Kw%3BFRu0egEdWeKHBSndzehaYkpONzGYAzgVGtSDFw%3BFQMMagEdR8KGBSk_OpF2tpRNNzFs21AJWRIb-g%3BFaGjawEd-uxwBSmnI0HJDfRTNzHHyEBsPCah0A%3BFfQWZwEdpOxzBSm9L1LQTZhTNzHFpktEAU3WwQ%3BFZuDegEdJYmZBSnbkGPxWyZJNzEkVDwmrppJGQ%3BFdrsfgEdNNifBSmfoqaAefZINzGgHUZV60fzyg%3BFfrchgEdNI2iBQ%3BFc6yhwEdS_-bBSkxPcY0CSFGNzH8WSUkwTTpuQ%3BFcEzowEd2j2oBSlVj_1JA5hANzHUS7IQK6V0MA%3BFebnuQEdwnqnBQ%3BFW_YrQEdFJCmBSkvoWDug2tANzHEiIzspmtT2w%3BFXAJqwEd6bCdBSmZi6C1kaVBNzHUp4j0hF_4vQ%3BFYxUpAEdxoeXBSnTfFFkKGFBNzHqxDx3OYbnuQ%3BFbHrpAEdkKB5BSF5Dh1a-Hr37CmvLOJGp_VcNzF5Dh1a-Hr37A%3BFTn5jgEd_8V3BSn_M5F_KFpaNzEy3mtDMhO9Kw%3BFfKCmgEditiqBSkNc8vkcqg4NzFGl9dN1hLVhQ%3BFTn5jgEd_8V3BSn_M5F_KFpaNzEy3mtDMhO9Kw&#038;aq=0&#038;oq=guwaha&#038;sll=26.25401,93.306885&#038;sspn=6.224776,11.634521&#038;hl=hu&#038;mra=ls&#038;ie=UTF8&#038;t=m&#038;ll=26.249695,93.303125&#038;spn=5.43245,4.08059\" style=\"color:#0000FF;text-align:left\">Nagyobb t\u00e9rk\u00e9pre v\u00e1lt\u00e1s<\/a><\/small><\/p>\n<p><\/p>","protected":false},"excerpt":{"rendered":"<p>India &#8211; sri lanka &#8211; nepal http:\/\/goo.gl\/maps\/PTDTd Nagyobb t\u00e9rk\u00e9pre v\u00e1lt\u00e1s<\/p>\n","protected":false},"author":1,"featured_media":0,"parent":687,"menu_order":13,"comment_status":"open","ping_status":"closed","template":"","meta":{"ngg_post_thumbnail":0,"footnotes":""},"class_list":["post-731","page","type-page","status-publish","hentry"],"_links":{"self":[{"href":"https:\/\/vandorboy.com\/en\/wp-json\/wp\/v2\/pages\/731","targetHints":{"allow":["GET"]}}],"collection":[{"href":"https:\/\/vandorboy.com\/en\/wp-json\/wp\/v2\/pages"}],"about":[{"href":"https:\/\/vandorboy.com\/en\/wp-json\/wp\/v2\/types\/page"}],"author":[{"embeddable":true,"href":"https:\/\/vandorboy.com\/en\/wp-json\/wp\/v2\/users\/1"}],"replies":[{"embeddable":true,"href":"https:\/\/vandorboy.com\/en\/wp-json\/wp\/v2\/comments?post=731"}],"version-history":[{"count":0,"href":"https:\/\/vandorboy.com\/en\/wp-json\/wp\/v2\/pages\/731\/revisions"}],"up":[{"embeddable":true,"href":"https:\/\/vandorboy.com\/en\/wp-json\/wp\/v2\/pages\/687"}],"wp:attachment":[{"href":"https:\/\/vandorboy.com\/en\/wp-json\/wp\/v2\/media?parent=731"}],"curies":[{"name":"wp","href":"https:\/\/api.w.org\/{rel}","templated":true}]}}