{"id":788,"date":"2018-04-07T16:00:11","date_gmt":"2018-04-07T16:00:11","guid":{"rendered":"https:\/\/vandorboy.com\/?page_id=788"},"modified":"2025-03-12T13:30:31","modified_gmt":"2025-03-12T12:30:31","slug":"turaajanlataim-2022","status":"publish","type":"page","link":"https:\/\/vandorboy.com\/en\/tura-szervezes\/turaajanlataim-2022\/","title":{"rendered":"Tour offers"},"content":{"rendered":"<p><figure id=\"attachment_1786\" aria-describedby=\"caption-attachment-1786\" style=\"width: 200px\" class=\"wp-caption alignright\"><a href=\"https:\/\/vandorboy.com\/wp-content\/uploads\/2012\/04\/Nanjing-4_resize.jpg\"><img loading=\"lazy\" decoding=\"async\" class=\"size-medium wp-image-1786\" title=\"China, Nanjing\" src=\"https:\/\/vandorboy.com\/wp-content\/uploads\/2012\/04\/Nanjing-4_resize-200x300.jpg\" alt=\"China, Nanjing\" width=\"200\" height=\"300\" srcset=\"https:\/\/vandorboy.com\/wp-content\/uploads\/2012\/04\/Nanjing-4_resize-200x300.jpg 200w, https:\/\/vandorboy.com\/wp-content\/uploads\/2012\/04\/Nanjing-4_resize.jpg 492w\" sizes=\"auto, (max-width: 200px) 100vw, 200px\" \/><\/a><figcaption id=\"caption-attachment-1786\" class=\"wp-caption-text\">China, Nanjing<\/figcaption><\/figure><\/p>\n<p>If you want to travel with me, see my schedule..and if read my tour plans.. then if you interested to join me let me know.<\/p>\n<p>All&nbsp;itineraries of&nbsp;my journey&nbsp;can be&nbsp;done as a&nbsp;self-drive tours. We will provide you with&nbsp;all&nbsp;necessary documentation: maps, brochures of lodges, hotels, guest farms and detailed routes.<\/p>\n<p>Please also take a look at our&nbsp;travel <a title=\"https:\/\/vandorboy.com\/en\/magamrol\/elerhetosegem\/\" href=\"https:\/\/vandorboy.com\/en\/magamrol\/elerhetosegem\/\">consultancy service page<\/a>.<\/p>\n<p>If you you are&nbsp;independent and&nbsp;wish to explore any destination&nbsp; on your own this isthe site to ask about your plans.. The detailed itineraries in combination&nbsp;with the street signs will&nbsp;help you&nbsp;find your way&nbsp;easily. If&nbsp; you prefer changing the route, duration or type of accommodation, we will plan the itinerary to suit your personal interests. We can quote on any tailor made itinerary.<\/p>\n<p>We&nbsp;will&nbsp;prepare all necessary information, bookings, brochures and maps. All information will be handed to you upon your arrival to&nbsp; your destination or sent&nbsp;to&nbsp;you prior to arrival by airmail\/e-mail. We can be contacted 24 hours a day in case of emergency on our telephone numbers.<\/p>\n<p>Please indicate in your inquiry if you like to receive a complete quotation with one final price for the tour or costs of all components separately.<\/p>\n<p>If you want to join to one of my existing tour chechk my&nbsp;<a title=\"https:\/\/vandorboy.com\/tura-szervezes\/turaajanlataim-2012\/\" href=\"https:\/\/vandorboy.com\/tura-szervezes\/turaajanlataim-2012\/\">actual journeys here<\/a>&nbsp;.<\/p>\n<p>If you want &nbsp;a special time or plan, please&nbsp;<a title=\"https:\/\/vandorboy.com\/en\/magamrol\/elerhetosegem\/\" href=\"https:\/\/vandorboy.com\/en\/magamrol\/elerhetosegem\/\">let me know<\/a>.<\/p>\n<p><strong>So with fixed dates:<\/strong><\/p>\n<p>Georgia &nbsp;<a title=\"https:\/\/vandorboy.com\/gruzia-korutazas\/\" href=\"https:\/\/vandorboy.com\/gruzia-korutazas\/\">Gr\u00fazia<\/a>&nbsp;&#8211; july 15<\/p>\n<p>Armenia &#8211;&nbsp;<a title=\"https:\/\/vandorboy.com\/ormeny-korutazas\/\" href=\"https:\/\/vandorboy.com\/ormeny-korutazas\/\">\u00d6rm\u00e9nyorsz\u00e1g<\/a>&nbsp;july 28<\/p>\n<p>Kazahstan &#8211;&nbsp;<a title=\"https:\/\/vandorboy.com\/kazahsztan-korutazas\/\" href=\"https:\/\/vandorboy.com\/kazahsztan-korutazas\/\">Kazahszt\u00e1n<\/a>&nbsp;j\u00falius 28 &#8211;<\/p>\n<p>Kyrgizistan &#8211;&nbsp;<a title=\"https:\/\/vandorboy.com\/kirgizisztan-korutazas\/\" href=\"https:\/\/vandorboy.com\/kirgizisztan-korutazas\/\">Kirgiziszt\u00e1n<\/a>&nbsp;aug -5-15<\/p>\n<p>Tajikistan &#8211;&nbsp;<a title=\"https:\/\/vandorboy.com\/tadzsik-pamir-korutazas\/\" href=\"https:\/\/vandorboy.com\/tadzsik-pamir-korutazas\/\">Tadzsikiszt\u00e1n<\/a>, Pam\u00edr highway aug 15-szept 1<\/p>\n<p>Iran &#8211;&nbsp; 1 may and szept 20-&nbsp;<\/p>\n<p>Egypt&nbsp; Sinai &#8211; Black and white desert &#8211;&nbsp;<a title=\"https:\/\/vandorboy.com\/sinai-felszigetre-utazas-programja\/\" href=\"https:\/\/vandorboy.com\/sinai-felszigetre-utazas-programja\/\">Egyiptom \u2013 Sinai-f\u00e9lsziget,<\/a>&nbsp;Fekete \u00e9s Feh\u00e9r sivatag<\/p>\n<p>Southern Africa &#8211;&nbsp;<a title=\"https:\/\/vandorboy.com\/namibia-botswana-zambia-utazas\/\" href=\"https:\/\/vandorboy.com\/namibia-botswana-zambia-utazas\/\">Nam\u00edbia- Botswana-<\/a>&nbsp;Zambia \u00e9s Afrika d\u00e9li r\u00e9sze November<\/p>\n<p><a href=\"https:\/\/vandorboy.com\/event\/ndia-nepal\/\">India<\/a>&nbsp;\u00e9szaki r\u00e9sze<\/p>\n<p>Norvay &#8211;&nbsp;<a title=\"https:\/\/vandorboy.com\/norvegia-utazas-augusztus\/\" href=\"https:\/\/vandorboy.com\/norvegia-utazas-augusztus\/\">Norv\u00e9gia<\/a><\/p>\n<p>Thailand journey &#8211;&nbsp;<a title=\"https:\/\/vandorboy.com\/thaifold-laosz-vietnam-utazas-2\/\" href=\"https:\/\/vandorboy.com\/thaifold-laosz-vietnam-utazas-2\/\">Thaif\u00f6ld -Laosz \u2013 Vietn\u00e1m<\/a><\/p>\n<p><a title=\"https:\/\/vandorboy.com\/sri-lanka-karacsonykor\/\" href=\"https:\/\/vandorboy.com\/sri-lanka-karacsonykor\/\">Sri Lanka<\/a>&nbsp;&#8211; kar\u00e1csonykor<\/p>\n<p><a href=\"https:\/\/vandorboy.com\/izrael-korutazas-termeszeti-latvanyossagok\/\">Izrael<\/a>&nbsp;term\u00e9szeti l\u00e1tv\u00e1nyoss\u00e1gai &#8211; okt\u00f3ber 18<\/p>\n<p>Oman &#8211;&nbsp;<a title=\"https:\/\/vandorboy.com\/oman-utazas-dec-15-26-jan-2-11\/\" href=\"https:\/\/vandorboy.com\/oman-utazas-dec-15-26-jan-2-11\/\">Om\u00e1n<\/a>&nbsp;febru\u00e1r<\/p>\n<p>or Ethiopia &#8211;&nbsp;<a title=\"https:\/\/vandorboy.com\/etiopia-a-torzsek-es-az-okeresztenyseg-foldjen\/\" href=\"https:\/\/vandorboy.com\/etiopia-a-torzsek-es-az-okeresztenyseg-foldjen\/\">Eti\u00f3pia<\/a><\/p>\n<p><a title=\"https:\/\/vandorboy.com\/burma-utazas-nov-dec\/\" href=\"https:\/\/vandorboy.com\/burma-utazas-nov-dec\/\">Burma&nbsp;&nbsp;<\/a>&nbsp;janu\u00e1r 5<\/p>\n<p>Gabor<\/p>","protected":false},"excerpt":{"rendered":"<p>If you want to travel with me, see my schedule..and if read my tour plans.. then if you interested to join me let me know. All&nbsp;itineraries of&nbsp;my journey&nbsp;can be&nbsp;done as&#8230;<\/p>\n","protected":false},"author":1,"featured_media":19082,"parent":2514,"menu_order":1,"comment_status":"open","ping_status":"closed","template":"","meta":{"ngg_post_thumbnail":0,"footnotes":""},"class_list":["post-788","page","type-page","status-publish","has-post-thumbnail","hentry"],"_links":{"self":[{"href":"https:\/\/vandorboy.com\/en\/wp-json\/wp\/v2\/pages\/788","targetHints":{"allow":["GET"]}}],"collection":[{"href":"https:\/\/vandorboy.com\/en\/wp-json\/wp\/v2\/pages"}],"about":[{"href":"https:\/\/vandorboy.com\/en\/wp-json\/wp\/v2\/types\/page"}],"author":[{"embeddable":true,"href":"https:\/\/vandorboy.com\/en\/wp-json\/wp\/v2\/users\/1"}],"replies":[{"embeddable":true,"href":"https:\/\/vandorboy.com\/en\/wp-json\/wp\/v2\/comments?post=788"}],"version-history":[{"count":1,"href":"https:\/\/vandorboy.com\/en\/wp-json\/wp\/v2\/pages\/788\/revisions"}],"predecessor-version":[{"id":38447,"href":"https:\/\/vandorboy.com\/en\/wp-json\/wp\/v2\/pages\/788\/revisions\/38447"}],"up":[{"embeddable":true,"href":"https:\/\/vandorboy.com\/en\/wp-json\/wp\/v2\/pages\/2514"}],"wp:featuredmedia":[{"embeddable":true,"href":"https:\/\/vandorboy.com\/en\/wp-json\/wp\/v2\/media\/19082"}],"wp:attachment":[{"href":"https:\/\/vandorboy.com\/en\/wp-json\/wp\/v2\/media?parent=788"}],"curies":[{"name":"wp","href":"https:\/\/api.w.org\/{rel}","templated":true}]}}