{"id":8070,"date":"2015-08-16T21:14:27","date_gmt":"2015-08-16T21:14:27","guid":{"rendered":"https:\/\/vandorboy.com\/?page_id=8070"},"modified":"2020-04-15T15:03:12","modified_gmt":"2020-04-15T15:03:12","slug":"erdekes-linkek-2","status":"publish","type":"page","link":"https:\/\/vandorboy.com\/en\/erdekes-linkek\/erdekes-linkek-2\/","title":{"rendered":"Interesting links, I recommend"},"content":{"rendered":"<p>Interesting links to read:<\/p>\n<p>ker\u00e9kp\u00e1r akrobatika<\/p>\n<p><a href=\"https:\/\/video-vie1-1.xx.fbcdn.net\/hvideo-xlp1\/v\/t42.1790-2\/11959635_981993541865241_1154092895_n.mp4?rl=662&amp;vabr=368&amp;oh=867cd0b32ba0781b75ab94e1d541edb7&amp;oe=55E06E5F\">https:\/\/video-vie1-1.xx.fbcdn.net\/hvideo-xlp1\/v\/t42.1790-2\/11959635_981993541865241_1154092895_n.mp4?rl=662&amp;vabr=368&amp;oh=867cd0b32ba0781b75ab94e1d541edb7&amp;oe=55E06E5F<\/a><\/p>\n<p>&nbsp;<\/p>\n<p>ir\u00e1n<\/p>\n<blockquote class=\"wp-embedded-content\" data-secret=\"sxZAJifZEt\"><p><a href=\"https:\/\/pulptastic.com\/17-reasons-never-visit-iran\/\">20 Reasons Why You Should Never Visit Iran<\/a><\/p><\/blockquote>\n<p><iframe loading=\"lazy\" class=\"wp-embedded-content\" sandbox=\"allow-scripts\" security=\"restricted\" style=\"position: absolute; clip: rect(1px, 1px, 1px, 1px);\" title=\"&#8220;20 Reasons Why You Should Never Visit Iran&#8221; &#8212; Pulptastic\" src=\"https:\/\/pulptastic.com\/17-reasons-never-visit-iran\/embed\/#?secret=RMBMnNfIvw#?secret=sxZAJifZEt\" data-secret=\"sxZAJifZEt\" width=\"600\" height=\"338\" frameborder=\"0\" marginwidth=\"0\" marginheight=\"0\" scrolling=\"no\"><\/iframe><\/p>\n<p>&nbsp;<\/p>\n<p>\u00e9letem hagyjon nyomot, ne a hal\u00e1lom<\/p>\n<p>office j\u00f3ga<\/p>\n<p><a href=\"http:\/\/divany.hu\/eletmod\/2015\/08\/25\/5_jogagyakorlat_amit_az_irodaszekben_ulve_is_vegezhet\/\">http:\/\/divany.hu\/eletmod\/2015\/08\/25\/5_jogagyakorlat_amit_az_irodaszekben_ulve_is_vegezhet\/<\/a><\/p>\n<p>V\u00c1ROSFELFEDEZ\u0150 J\u00c1T\u00c9K<\/p>\n<p>http:\/\/games.miratia.com\/FelkaruZongorista\/<\/p>\n<p>testtart\u00e1s<\/p>\n<p><a href=\"http:\/\/www.idealistrevolution.org\/this-is-what-sitting-for-too-long-can-do-to-your-body\/\">http:\/\/www.idealistrevolution.org\/this-is-what-sitting-for-too-long-can-do-to-your-body\/<\/a><\/p>\n<p>kis kece l\u00e1nyom izlandi verzi\u00f3<\/p>\n<p>https:\/\/www.youtube.com\/watch?v=iKEMl1kBwiw<\/p>\n<p><iframe loading=\"lazy\" width=\"846\" height=\"506\" src=\"https:\/\/www.youtube.com\/embed\/YlJQEx-rkD0\" frameborder=\"0\" allowfullscreen=\"\"><\/iframe><\/p>\n<p><a href=\"http:\/\/player.hu\/eletmod\/emberiseg-baj\/\">http:\/\/player.hu\/eletmod\/emberiseg-baj\/<\/a><\/p>\n<p>T\u00f6rzsek<\/p>\n<p><a href=\"http:\/\/www.idealistrevolution.org\/vanishing-tribes-before-they-pass-away-jimmy-nelson\/\">http:\/\/www.idealistrevolution.org\/vanishing-tribes-before-they-pass-away-jimmy-nelson\/<\/a><\/p>\n<p><a href=\"http:\/\/www.architecturendesign.net\/photos-look-fake-but-theyre-absolutely-real\/\">http:\/\/www.architecturendesign.net\/photos-look-fake-but-theyre-absolutely-real\/<\/a><\/p>\n<p><a href=\"http:\/\/www.idealistrevolution.org\/21-cartoons-that-show-how-smartphones-are-killing-real-conversations\/\">http:\/\/www.idealistrevolution.org\/21-cartoons-that-show-how-smartphones-are-killing-real-conversations\/<\/a><\/p>\n<p><a href=\"http:\/\/www.idealistrevolution.org\/google-has-gathered-a-ton-of-info-on-you-heres-how-to-delete-it\/\">http:\/\/www.idealistrevolution.org\/google-has-gathered-a-ton-of-info-on-you-heres-how-to-delete-it\/<\/a><\/p>\n<p>blog<\/p>\n<p><a href=\"http:\/\/varositulelo.blog.hu\/\">http:\/\/varositulelo.blog.hu\/<\/a><\/p>\n<p>fogyassz<\/p>\n<p><a href=\"http:\/\/www.youtube.com\/watch?v=coRpVq3BqHo\">http:\/\/www.youtube.com\/watch?v=coRpVq3BqHo<\/a><\/p>\n<p><a href=\"http:\/\/www.famoushungarians.com\/\">http:\/\/www.famoushungarians.com\/<\/a><\/p>\n<p><a href=\"http:\/\/www.szeretlekmagyarorszag.hu\/19-agy-amirol-nem-is-almodtal\">http:\/\/www.szeretlekmagyarorszag.hu\/19-agy-amirol-nem-is-almodtal<\/a><\/p>\n<p>r\u00e9gen \u00e9s most<\/p>\n<p><a href=\"http:\/\/worldtruth.tv\/11-pictures-that-compare-life-today-with-how-it-used-to-be\/\">http:\/\/worldtruth.tv\/11-pictures-that-compare-life-today-with-how-it-used-to-be\/<\/a><\/p>\n<p><a href=\"http:\/\/kinai-medicina.tienshoni.hu\/kinai-medicina\/betegsegek-a-z.html\">http:\/\/kinai-medicina.tienshoni.hu\/kinai-medicina\/betegsegek-a-z.html<\/a><\/p>\n<p><a href=\"http:\/\/www.erdekesvilag.hu\/a-kozuti-szallitas-nehezsegei-es-kulonleges-modszerei-50-foton-bemutatva\/\">http:\/\/www.erdekesvilag.hu\/a-kozuti-szallitas-nehezsegei-es-kulonleges-modszerei-50-foton-bemutatva\/<\/a><\/p>\n<p><a href=\"http:\/\/www.peaceful-traveler.com\/15-reasons-why-meditation-will-make-you-successful\/\">http:\/\/www.peaceful-traveler.com\/15-reasons-why-meditation-will-make-you-successful\/<\/a><\/p>\n<p>Mature couples don\u2019t \u201cfall in love,\u201d they step into it.<\/p>\n<p><a href=\"http:\/\/www.idealistrevolution.org\/new-venture\/\">http:\/\/www.idealistrevolution.org\/new-venture\/<\/a><\/p>\n<p><a href=\"http:\/\/www.whydontyoutrythis.com\/2014\/01\/40-maps-that-will-help-you-make-sense-of-the-world.html\">http:\/\/www.whydontyoutrythis.com\/2014\/01\/40-maps-that-will-help-you-make-sense-of-the-world.html<\/a><\/p>\n<p>film<\/p>\n<p><a href=\"http:\/\/gloria.tv\/media\/PEdyxQxi3Rk\">http:\/\/gloria.tv\/media\/PEdyxQxi3Rk<\/a><\/p>\n<p><a href=\"http:\/\/www.afoldgomb.hu\/fu-fa-virag\/1361-az-igazsag-ideat-van-foldi-urlenyek-az-ocean-melyen\">http:\/\/www.afoldgomb.hu\/fu-fa-virag\/1361-az-igazsag-ideat-van-foldi-urlenyek-az-ocean-melyen<\/a><\/p>\n<p>juggling<\/p>\n<p><a href=\"https:\/\/www.youtube.com\/watch?v=M2GKfVl9_A0\">https:\/\/www.youtube.com\/watch?v=M2GKfVl9_A0<\/a><\/p>\n<p><a href=\"https:\/\/www.youtube.com\/watch?v=Zaz5m4ffKGs\">https:\/\/www.youtube.com\/watch?v=Zaz5m4ffKGs<\/a><\/p>\n<p>es\u0151<\/p>\n<p><a href=\"http:\/\/www.origo.hu\/kornyezet\/20150227-igy-szaguldanak-az-esofelhok-foldunkon-muhold-csapadek-nasa.html\">http:\/\/www.origo.hu\/kornyezet\/20150227-igy-szaguldanak-az-esofelhok-foldunkon-muhold-csapadek-nasa.html<\/a><\/p>\n<p><a href=\"http:\/\/biotopia.blog.hu\/2015\/02\/19\/puska_a_hasznos_novenytarsitashoz\">http:\/\/biotopia.blog.hu\/2015\/02\/19\/puska_a_hasznos_novenytarsitashoz<\/a><\/p>\n<p><a href=\"http:\/\/www.boredpanda.com\/awesome-recycling-ideas\/\">http:\/\/www.boredpanda.com\/awesome-recycling-ideas\/<\/a><\/p>\n<p>veg\u00e1n \u00e9ttermek<\/p>\n<p><a href=\"http:\/\/divany.hu\/alapkonyha\/2015\/08\/06\/vega_vegan_tura_budapesten_etteremkorkep\/\">http:\/\/divany.hu\/alapkonyha\/2015\/08\/06\/vega_vegan_tura_budapesten_etteremkorkep\/<\/a><\/p>\n<p>repjegyek<\/p>\n<p><a href=\"http:\/\/kulfoldremennek.hu\/utazas\/329-te-vasarolhatod-meg-a-legolcsobb-repulojegyeket-ha-megfogadsz-nehany-egyszeru-tanacsot\">http:\/\/kulfoldremennek.hu\/utazas\/329-te-vasarolhatod-meg-a-legolcsobb-repulojegyeket-ha-megfogadsz-nehany-egyszeru-tanacsot<\/a><\/p>\n<p>napi t\u00f6bbsz\u00f6ri tusol\u00e1s ugyanis elmossa a b\u0151r term\u00e9szetes v\u00e9dekez\u0151k\u00e9pess\u00e9g\u00e9t, az azon tal\u00e1lhat\u00f3 \u201ej\u00f3\u201d bakt\u00e9riumokat, amikre pedig nagy sz\u00fcks\u00e9g\u00fcnk lenne.<\/p>\n<p>neml\u00e9tez\u0151 t\u00e1rgyak<\/p>\n<p><a href=\"https:\/\/www.facebook.com\/szucs.laszlo.790\/media_set?set=a.766583676691688.1073741836.100000201883855&amp;type=1\">https:\/\/www.facebook.com\/szucs.laszlo.790\/media_set?set=a.766583676691688.1073741836.100000201883855&amp;type=1<\/a><\/p>\n<p><a href=\"http:\/\/www.idealistrevolution.org\/unbelievable-these-23-mind-blowing-facts-will-destroy-your-understanding-of-time\/\">http:\/\/www.idealistrevolution.org\/unbelievable-these-23-mind-blowing-facts-will-destroy-your-understanding-of-time\/<\/a><\/p>\n<p><a href=\"https:\/\/www.facebook.com\/NapfenyesEtterem\/photos\/a.358624494177904.87065.206908936016128\/951704488203232\/?type=1&amp;fref=nf\">https:\/\/www.facebook.com\/NapfenyesEtterem\/photos\/a.358624494177904.87065.206908936016128\/951704488203232\/?type=1&amp;fref=nf<\/a><\/p>\n<p><a href=\"http:\/\/www.offgridquest.com\/homes-dwellings\/home-stylings\/15-ancient-house-designs\">http:\/\/www.offgridquest.com\/homes-dwellings\/home-stylings\/15-ancient-house-designs<\/a><\/p>\n<p><a href=\"http:\/\/www.penzcentrum.hu\/utazas\/a_legujabb_trukkok_igy_lopnak_meg_ha_utazol.1043935.html?utm_source=index_main&amp;utm_medium=portfolio_box&amp;utm_campaign=portfoliobox\">http:\/\/www.penzcentrum.hu\/utazas\/a_legujabb_trukkok_igy_lopnak_meg_ha_utazol.1043935.html?utm_source=index_main&amp;utm_medium=portfolio_box&amp;utm_campaign=portfoliobox<\/a><\/p>\n<p><a href=\"http:\/\/www.justtheflight.co.uk\/\">http:\/\/www.justtheflight.co.uk\/<\/a><\/p>\n<p><a href=\"http:\/\/www.idealistrevolution.org\/25-of-the-cutest-parenting-moments-in-the-animal-kingdom\/\">http:\/\/www.idealistrevolution.org\/25-of-the-cutest-parenting-moments-in-the-animal-kingdom\/<\/a><\/p>\n<p><a href=\"http:\/\/www.idealistrevolution.org\/what-if-animals-treated-us-how-we-treat-them\/\">http:\/\/www.idealistrevolution.org\/what-if-animals-treated-us-how-we-treat-them\/<\/a><\/p>\n<p><a href=\"http:\/\/www.idealistrevolution.org\/17-things-they-definitely-never-taught-you-in-school\/\">http:\/\/www.idealistrevolution.org\/17-things-they-definitely-never-taught-you-in-school\/<\/a><\/p>\n<p><a href=\"http:\/\/www.idealistrevolution.org\/50-rare-photos-that-will-destroy-everything-you-knew-about-the-past\/\">http:\/\/www.idealistrevolution.org\/50-rare-photos-that-will-destroy-everything-you-knew-about-the-past\/<\/a><\/p>\n<p>expectation<\/p>\n<p><a href=\"http:\/\/www.idealistrevolution.org\/7-things-you-should-stop-expecting-from-others\/\">http:\/\/www.idealistrevolution.org\/7-things-you-should-stop-expecting-from-others\/<\/a><\/p>\n<p>vision<\/p>\n<p><a href=\"http:\/\/www.quantumvisionsystem.com\/Video\/\">http:\/\/www.quantumvisionsystem.com\/Video\/<\/a><\/p>\n<p>sleeping<\/p>\n<p><a href=\"http:\/\/www.idealistrevolution.org\/10-cuddling-explanations-what-your-sleeping-habits-say-about-your-relationship\/\">http:\/\/www.idealistrevolution.org\/10-cuddling-explanations-what-your-sleeping-habits-say-about-your-relationship\/<\/a><\/p>\n<p>vipassana<\/p>\n<p><a href=\"http:\/\/knowledge.wharton.upenn.edu\/article\/making-big-small-decision-meditation-can-help\/\">http:\/\/knowledge.wharton.upenn.edu\/article\/making-big-small-decision-meditation-can-help\/<\/a><\/p>\n<p>\u201cWe found that one of the ways meditation is influencing the reduction in decision-making bias is through your mood,\u201d Barsade notes. \u201c<\/p>\n<p><strong>ust don\u2019t let the wrong emotions cloud the decision-making process.\u201d<\/strong><\/p>\n<p><\/p>","protected":false},"excerpt":{"rendered":"<p>Interesting links to read: ker\u00e9kp\u00e1r akrobatika https:\/\/video-vie1-1.xx.fbcdn.net\/hvideo-xlp1\/v\/t42.1790-2\/11959635_981993541865241_1154092895_n.mp4?rl=662&amp;vabr=368&amp;oh=867cd0b32ba0781b75ab94e1d541edb7&amp;oe=55E06E5F &nbsp; ir\u00e1n 20 Reasons Why You Should Never Visit Iran &nbsp; \u00e9letem hagyjon nyomot, ne a hal\u00e1lom office j\u00f3ga http:\/\/divany.hu\/eletmod\/2015\/08\/25\/5_jogagyakorlat_amit_az_irodaszekben_ulve_is_vegezhet\/ V\u00c1ROSFELFEDEZ\u0150 J\u00c1T\u00c9K http:\/\/games.miratia.com\/FelkaruZongorista\/&#8230;<\/p>\n","protected":false},"author":1,"featured_media":0,"parent":1240,"menu_order":0,"comment_status":"open","ping_status":"closed","template":"","meta":{"ngg_post_thumbnail":0,"footnotes":""},"class_list":["post-8070","page","type-page","status-publish","hentry"],"_links":{"self":[{"href":"https:\/\/vandorboy.com\/en\/wp-json\/wp\/v2\/pages\/8070","targetHints":{"allow":["GET"]}}],"collection":[{"href":"https:\/\/vandorboy.com\/en\/wp-json\/wp\/v2\/pages"}],"about":[{"href":"https:\/\/vandorboy.com\/en\/wp-json\/wp\/v2\/types\/page"}],"author":[{"embeddable":true,"href":"https:\/\/vandorboy.com\/en\/wp-json\/wp\/v2\/users\/1"}],"replies":[{"embeddable":true,"href":"https:\/\/vandorboy.com\/en\/wp-json\/wp\/v2\/comments?post=8070"}],"version-history":[{"count":0,"href":"https:\/\/vandorboy.com\/en\/wp-json\/wp\/v2\/pages\/8070\/revisions"}],"up":[{"embeddable":true,"href":"https:\/\/vandorboy.com\/en\/wp-json\/wp\/v2\/pages\/1240"}],"wp:attachment":[{"href":"https:\/\/vandorboy.com\/en\/wp-json\/wp\/v2\/media?parent=8070"}],"curies":[{"name":"wp","href":"https:\/\/api.w.org\/{rel}","templated":true}]}}