{"id":812,"date":"2012-04-13T11:12:23","date_gmt":"2012-04-13T11:12:23","guid":{"rendered":"https:\/\/vandorboy.com\/?page_id=812"},"modified":"2012-10-15T00:08:28","modified_gmt":"2012-10-15T00:08:28","slug":"koncertek-kiallitasok","status":"publish","type":"page","link":"https:\/\/vandorboy.com\/en\/magamrol\/aktualis\/koncertek-kiallitasok\/","title":{"rendered":"cultural programs in Bp."},"content":{"rendered":"<p>slam poetry<br \/>\nhttp:\/\/www.couchsurfing.org\/group_read.html?gid=567&#038;post=13355285<\/p>\n<p>2012 julius 6 ig, Kiss M\u00e1rti ki\u00e1ll\u00edt\u00e1sa,\u00a0, Karton gal\u00e9ria, Alkotm\u00e1ny u. 18.<\/p>\n<p><a href=\"http:\/\/kissmarta.com\/\">http:\/\/kissmarta.com\/<\/a><\/p>","protected":false},"excerpt":{"rendered":"<p>slam poetry http:\/\/www.couchsurfing.org\/group_read.html?gid=567&#038;post=13355285 2012 julius 6 ig, Kiss M\u00e1rti ki\u00e1ll\u00edt\u00e1sa,\u00a0, Karton gal\u00e9ria, Alkotm\u00e1ny u. 18. http:\/\/kissmarta.com\/<\/p>\n","protected":false},"author":1,"featured_media":0,"parent":680,"menu_order":2,"comment_status":"open","ping_status":"closed","template":"","meta":{"ngg_post_thumbnail":0,"footnotes":""},"class_list":["post-812","page","type-page","status-publish","hentry"],"_links":{"self":[{"href":"https:\/\/vandorboy.com\/en\/wp-json\/wp\/v2\/pages\/812","targetHints":{"allow":["GET"]}}],"collection":[{"href":"https:\/\/vandorboy.com\/en\/wp-json\/wp\/v2\/pages"}],"about":[{"href":"https:\/\/vandorboy.com\/en\/wp-json\/wp\/v2\/types\/page"}],"author":[{"embeddable":true,"href":"https:\/\/vandorboy.com\/en\/wp-json\/wp\/v2\/users\/1"}],"replies":[{"embeddable":true,"href":"https:\/\/vandorboy.com\/en\/wp-json\/wp\/v2\/comments?post=812"}],"version-history":[{"count":0,"href":"https:\/\/vandorboy.com\/en\/wp-json\/wp\/v2\/pages\/812\/revisions"}],"up":[{"embeddable":true,"href":"https:\/\/vandorboy.com\/en\/wp-json\/wp\/v2\/pages\/680"}],"wp:attachment":[{"href":"https:\/\/vandorboy.com\/en\/wp-json\/wp\/v2\/media?parent=812"}],"curies":[{"name":"wp","href":"https:\/\/api.w.org\/{rel}","templated":true}]}}