{"id":816,"date":"2012-04-13T12:06:00","date_gmt":"2012-04-13T12:06:00","guid":{"rendered":"https:\/\/vandorboy.com\/?page_id=816"},"modified":"2016-02-26T15:50:13","modified_gmt":"2016-02-26T15:50:13","slug":"gruzia-ormenyorszag-szept-10-26","status":"publish","type":"page","link":"https:\/\/vandorboy.com\/en\/tura-szervezes\/turaajanlataim-2022\/gruzia-ormenyorszag-szept-10-26\/","title":{"rendered":"Georgia- Armenia travel"},"content":{"rendered":"<p><figure id=\"attachment_3013\" aria-describedby=\"caption-attachment-3013\" style=\"width: 300px\" class=\"wp-caption alignright\"><a href=\"https:\/\/vandorboy.com\/wp-content\/uploads\/2013\/03\/05-Ushguli-55.jpg\"><img loading=\"lazy\" decoding=\"async\" class=\"size-medium wp-image-3013\" title=\"Gr\u00fazia, Ushguli\" src=\"https:\/\/vandorboy.com\/wp-content\/uploads\/2013\/03\/05-Ushguli-55-300x225.jpg\" alt=\"Gr\u00fazia, Ushguli\" width=\"300\" height=\"225\" srcset=\"https:\/\/vandorboy.com\/wp-content\/uploads\/2013\/03\/05-Ushguli-55-300x225.jpg 300w, https:\/\/vandorboy.com\/wp-content\/uploads\/2013\/03\/05-Ushguli-55.jpg 640w\" sizes=\"auto, (max-width: 300px) 100vw, 300px\" \/><\/a><figcaption id=\"caption-attachment-3013\" class=\"wp-caption-text\">Gr\u00fazia, Ushguli<\/figcaption><\/figure><\/p>\n<p style=\"text-align: justify;\"><a title=\"https:\/\/vandorboy.com\/gruzia-korutazas\/\" href=\"https:\/\/vandorboy.com\/gruzia-korutazas\/\"><span style=\"color: #ff6600;\"><strong><span style=\"color: #ff6600;\">Gr\u00fazi<\/span>a utunkban<\/strong><\/span><\/a>\u00a0megvan mindaz, amit l\u00e1tni lehet a korai kereszt\u00e9nys\u00e9g gy\u00f6ngyszemeib\u0151l, v\u00e1ltozatos \u00e9p\u00edt\u00e9szettel \u00e9s gy\u00f6ny\u00f6r\u0171 t\u00e1jakkal, valamint\u00a0\u00a0 bar\u00e1ts\u00e1gos emberekkel, \u00e9rdekes nyelvekkel, kultur\u00e1lis \u00e9s gasztron\u00f3miai \u00e9lvezetekkel, mindezeket \u00e9s sok m\u00e1st ezen az \u00faton mindenki garant\u00e1ltan megtal\u00e1lhatja. V\u00e1ltozatos programunkban l\u00e1tv\u00e1nyos r\u00e9szei az UNESCO vil\u00e1g\u00f6r\u00f6ks\u00e9g r\u00e9sz\u00e9t k\u00e9pez\u0151 m\u0171eml\u00e9kek is, de nem csak t\u00f6rt\u00e9nelmi v\u00e1rosok, v\u00e1rak, kolostorok, templomok, zar\u00e1ndokhelyek, barlang v\u00e1rosok szerepelnek aj\u00e1nlatunkban, hanem tavak, erd\u0151k, sivatagi t\u00e1j, hegyek, gleccserek, h\u0151forr\u00e1sok, \u00e9s borvid\u00e9kek megl\u00e1togat\u00e1sa is.<\/p>\n<p style=\"text-align: justify;\">Utunk sor\u00e1n elm\u00e9lyedhet\u00fcnk ebben a Kauk\u00e1zus sz\u00ednes kultur\u00e1lis egyveleg\u00e9ben, szem\u00e9lyesen is megismerkedhet\u00fcnk a h\u00edres gr\u00faz vend\u00e9gszeretettel, mely fontos c\u00e9lkit\u0171z\u00e9s\u00fcnk utunk sor\u00e1n, s kis szerencs\u00e9vel r\u00e9szesei lehet\u00fcnk egy n\u00e9pzenei fesztiv\u00e1lnak j\u00faliusban, \u00e9s nem utols\u00f3sorban megk\u00f3stolhatjuk a helyi konyha remekeit.<\/p>\n<figure id=\"attachment_2992\" aria-describedby=\"caption-attachment-2992\" style=\"width: 300px\" class=\"wp-caption alignright\"><a href=\"https:\/\/vandorboy.com\/wp-content\/uploads\/2013\/03\/15.-Noravank-19.jpg\"><img loading=\"lazy\" decoding=\"async\" class=\"size-medium wp-image-2992\" title=\"Armenia, Noravank \" src=\"https:\/\/vandorboy.com\/wp-content\/uploads\/2013\/03\/15.-Noravank-19-300x200.jpg\" alt=\"Armenia, Noravank\" width=\"300\" height=\"200\" srcset=\"https:\/\/vandorboy.com\/wp-content\/uploads\/2013\/03\/15.-Noravank-19-300x200.jpg 300w, https:\/\/vandorboy.com\/wp-content\/uploads\/2013\/03\/15.-Noravank-19.jpg 640w\" sizes=\"auto, (max-width: 300px) 100vw, 300px\" \/><\/a><figcaption id=\"caption-attachment-2992\" class=\"wp-caption-text\">Armenia, Noravank<\/figcaption><\/figure>\n<p style=\"text-align: justify;\">H\u00e9t napos extra programmal v\u00e1rom azokat, akik m\u00e9g t\u00f6bbet szeretn\u00e9nek l\u00e1tni a Kauk\u00e1zus orsz\u00e1gaib\u00f3l. A kieg\u00e9sz\u00edt\u0151 program sor\u00e1n folytatjuk <a title=\"https:\/\/vandorboy.com\/ormeny-korutatas\/\" href=\"https:\/\/vandorboy.com\/ormeny-korutatas\/\">utunkat <span style=\"color: #ff0000;\"><strong>\u00d6rm\u00e9nyorsz\u00e1gba<\/strong><\/span><\/a>, mely a t\u00f6rt\u00e9nelem viharainak ellen\u00e9re meg\u0151rizte \u00f6sszet\u00e9veszthetetlen egyedis\u00e9g\u00e9t, kult\u00far\u00e1j\u00e1t. Itt, az Arar\u00e1t szent hegy\u00e9nek \u00e1rny\u00e9k\u00e1ban v\u00e1rj\u00e1k az utaz\u00f3t gy\u00f6ny\u00f6r\u0171 t\u00e1jak, hegyek, tavak, \u0151si kereszt\u00e9ny eml\u00e9kek, hegybe v\u00e1jt templomok, d\u00edszes k\u0151farag\u00e1sok, \u00e9s nem utols\u00f3sorban a felejthetetlen konyha.<\/p>\n<p style=\"text-align: justify;\">Megl\u00e1togatjuk a t\u00f6bb mint 2 700 \u00e9ves f\u0151v\u00e1rost, Jerev\u00e1nt, UNESCO Vil\u00e1g\u00f6r\u00f6ks\u00e9g r\u00e9sz\u00e9v\u00e9\u00a0nyilv\u00e1n\u00edtott telep\u00fcl\u00e9seket \u00e9s \u00e9p\u00edt\u00e9szeti eml\u00e9keket, kolostorokat, karav\u00e1nszer\u00e1jt, er\u0151d\u00f6t, Stonehenge szer\u0171 eml\u00e9keket stb.. K\u00f3stolunk vil\u00e1gh\u00edres \u00f6rm\u00e9ny konyakot, f\u00e9nyk\u00e9pezz\u00fck az Arar\u00e1tot, \u00e9s m\u00e9g sok \u00e9lm\u00e9ny v\u00e1r azokra akik a hosszabb\u00edt\u00e1st is v\u00e1lasztj\u00e1k. A program itt:<\/p>\n<p style=\"text-align: justify;\"><a title=\"https:\/\/vandorboy.com\/gruzia-korutazas\/\" href=\"https:\/\/vandorboy.com\/gruzia-korutazas\/\">https:\/\/vandorboy.com\/gruzia-korutazas\/<\/a><\/p>\n<p style=\"text-align: justify;\"><a title=\"https:\/\/vandorboy.com\/ormeny-korutatas\/\" href=\"https:\/\/vandorboy.com\/ormeny-korutatas\/\">https:\/\/vandorboy.com\/ormeny-korutatas\/<\/a><\/p>\n<p style=\"text-align: justify;\">Fot\u00f3k \u00edzel\u00edt\u0151nek:<\/p>\n<p style=\"text-align: justify;\"><strong>\u00a0<a href=\"https:\/\/picasaweb.google.com\/103594156112481728370\/Georgia\">https:\/\/picasaweb.google.com\/103594156112481728370\/Georgia<\/a><\/strong><\/p>\n<p><strong><a href=\"https:\/\/picasaweb.google.com\/103594156112481728370\/Armenia\">https:\/\/picasaweb.google.com\/103594156112481728370\/Armenia<\/a><\/strong><\/p>\n<p><\/p>","protected":false},"excerpt":{"rendered":"<p>Gr\u00fazia utunkban\u00a0megvan mindaz, amit l\u00e1tni lehet a korai kereszt\u00e9nys\u00e9g gy\u00f6ngyszemeib\u0151l, v\u00e1ltozatos \u00e9p\u00edt\u00e9szettel \u00e9s gy\u00f6ny\u00f6r\u0171 t\u00e1jakkal, valamint\u00a0\u00a0 bar\u00e1ts\u00e1gos emberekkel, \u00e9rdekes nyelvekkel, kultur\u00e1lis \u00e9s gasztron\u00f3miai \u00e9lvezetekkel, mindezeket \u00e9s sok m\u00e1st ezen az&#8230;<\/p>\n","protected":false},"author":1,"featured_media":0,"parent":788,"menu_order":0,"comment_status":"open","ping_status":"closed","template":"","meta":{"ngg_post_thumbnail":0,"footnotes":""},"class_list":["post-816","page","type-page","status-publish","hentry"],"_links":{"self":[{"href":"https:\/\/vandorboy.com\/en\/wp-json\/wp\/v2\/pages\/816","targetHints":{"allow":["GET"]}}],"collection":[{"href":"https:\/\/vandorboy.com\/en\/wp-json\/wp\/v2\/pages"}],"about":[{"href":"https:\/\/vandorboy.com\/en\/wp-json\/wp\/v2\/types\/page"}],"author":[{"embeddable":true,"href":"https:\/\/vandorboy.com\/en\/wp-json\/wp\/v2\/users\/1"}],"replies":[{"embeddable":true,"href":"https:\/\/vandorboy.com\/en\/wp-json\/wp\/v2\/comments?post=816"}],"version-history":[{"count":0,"href":"https:\/\/vandorboy.com\/en\/wp-json\/wp\/v2\/pages\/816\/revisions"}],"up":[{"embeddable":true,"href":"https:\/\/vandorboy.com\/en\/wp-json\/wp\/v2\/pages\/788"}],"wp:attachment":[{"href":"https:\/\/vandorboy.com\/en\/wp-json\/wp\/v2\/media?parent=816"}],"curies":[{"name":"wp","href":"https:\/\/api.w.org\/{rel}","templated":true}]}}