{"id":864,"date":"2012-04-23T17:38:58","date_gmt":"2012-04-23T17:38:58","guid":{"rendered":"https:\/\/vandorboy.com\/?page_id=864"},"modified":"2021-05-13T15:59:58","modified_gmt":"2021-05-13T13:59:58","slug":"linkek","status":"publish","type":"page","link":"https:\/\/vandorboy.com\/en\/erdekes-linkek\/linkek\/","title":{"rendered":"Links"},"content":{"rendered":"<p><figure id=\"attachment_1609\" aria-describedby=\"caption-attachment-1609\" style=\"width: 300px\" class=\"wp-caption alignright\"><a href=\"https:\/\/vandorboy.com\/wp-content\/uploads\/2012\/04\/kissmarta.jpg\"><img loading=\"lazy\" decoding=\"async\" class=\"size-medium wp-image-1609\" title=\"kissmarta.com\" src=\"https:\/\/vandorboy.com\/wp-content\/uploads\/2012\/04\/kissmarta-300x223.jpg\" alt=\"kissmarta.com\" width=\"300\" height=\"223\" srcset=\"https:\/\/vandorboy.com\/wp-content\/uploads\/2012\/04\/kissmarta-300x223.jpg 300w, https:\/\/vandorboy.com\/wp-content\/uploads\/2012\/04\/kissmarta.jpg 483w\" sizes=\"auto, (max-width: 300px) 100vw, 300px\" \/><\/a><figcaption id=\"caption-attachment-1609\" class=\"wp-caption-text\">kissmarta.com<\/figcaption><\/figure><\/p>\n<p>My favourite painter: \u00a0<a href=\"http:\/\/www.kissmarta.com\/\">http:\/\/www.kissmarta.com\/<\/a><\/p>\n<p>My friend makes delicious bottled pastos and chatnies:<\/p>\n<p><a href=\"http:\/\/www.facebook.com\/media\/set\/?set=a.3208220578549.116049.1657246858&#038;type=3\" rel=\"nofollow noopener noreferrer\" target=\"_blank\">http:\/\/www.facebook.com\/media\/set\/?set=a.3208220578549.116049.1657246858&#038;type=3<\/a><\/p>\n<p>organisations i belong to:<\/p>\n<p><a href=\"http:\/\/www.couchsurfing.org\/people\/vandorboy\/\">http:\/\/www.couchsurfing.org\/people\/vandorboy\/<\/a><\/p>\n<p>hospitalityclub.org<\/p>\n<p>servas.org<\/p>\n<p>story of stuff &#8211; about our consumer attitude 20 min.<\/p>\n<p><a href=\"http:\/\/www.youtube.com\/watch?v=gLBE5QAYXp8\">http:\/\/www.youtube.com\/watch?v=gLBE5QAYXp8<\/a><\/p>\n<p><a href=\"http:\/\/hitchwiki.org\/\">http:\/\/hitchwiki.org\/<\/a><\/p>\n<p>http:\/\/www.digihitch.com\/<\/p>\n<p>gustav &#8211; hungarian cartoon 5 min.<\/p>\n<p><a href=\"http:\/\/www.youtube.com\/watch?v=vz9TZE9oHNM\">http:\/\/www.youtube.com\/watch?v=vz9TZE9oHNM<\/a><\/p>\n<p>meatrix &#8211; about meat industry<\/p>\n<p><a href=\"http:\/\/www.youtube.com\/results?search_query=meatrix&#038;oq=meatrix&#038;aq=0&#038;aqi=g4&#038;aql=&#038;gs_l=youtube-psuggest-reduced.1.0.0l4.1652783.1654972.0.1657084.7.7.0.0.0.0.233.1034.2j3j2.7.0...0.0.\">http:\/\/www.youtube.com\/results?search_query=meatrix&#038;oq=meatrix&#038;aq=0&#038;aqi=g4&#038;aql=&#038;gs_l=youtube-psuggest-reduced.1.0.0l4.1652783.1654972.0.1657084.7.7.0.0.0.0.233.1034.2j3j2.7.0&#8230;0.0.<\/a><\/p>\n<p><a href=\"http:\/\/cre-art.blog.hu\/2011\/05\/29\/hihetetlen_makro_fotok_rovarokrol?utm_source=ketrec&#038;utm_medium=link&#038;utm_campaign=index\">http:\/\/cre-art.blog.hu\/2011\/05\/29\/hihetetlen_makro_fotok_rovarokrol?utm_source=ketrec&#038;utm_medium=link&#038;utm_campaign=index<\/a><\/p>\n<p>for climbers<\/p>\n<p>http:\/\/www.animatedknots.com\/index.php?LogoImage=LogoGrog.jpg&#038;Website=www.animatedknots.com<\/p>\n<p><a href=\"http:\/\/www.wimp.com\/amazingsights\/\" target=\"_blank\" rel=\"noopener noreferrer\">http:\/\/www.wimp.com\/<wbr>amazingsights\/<\/wbr><\/a><\/p>\n<p>WordPress<\/p>\n<p><a href=\"https:\/\/codex.wordpress.org\/WordPress_Lessons\">https:\/\/codex.wordpress.org\/WordPress_Lessons<\/a><\/p>\n<p><a href=\"https:\/\/codex.wordpress.org\/Getting_Started_with_WordPress#Posting_in_WordPress\">https:\/\/codex.wordpress.org\/Getting_Started_with_WordPress#Posting_in_WordPress<\/a><\/p>\n<p>https:\/\/www.bewelcome.org\/<\/p>\n<p>http:\/\/noserub.com\/<\/p>\n<p><a href=\"http:\/\/cre-art.blog.hu\/2011\/05\/29\/hihetetlen_makro_fotok_rovarokrol?utm_source=ketrec&#038;utm_medium=link&#038;utm_campaign=index\">http:\/\/cre-art.blog.hu\/2011\/05\/29\/hihetetlen_makro_fotok_rovarokrol?utm_source=ketrec&#038;utm_medium=link&#038;utm_campaign=index<\/a><\/p>\n<p>http:\/\/www.digihitch.com\/<\/p>\n<p><a href=\"http:\/\/www.youtube.com\/watch?v=Z7CpkzJU9kA\" target=\"_blank\" rel=\"noopener noreferrer\">http:\/\/www.youtube.com\/watch?v=Z7CpkzJU9kA<\/a><\/p>\n<p>Hungarian folk dances<\/p>\n<p><iframe loading=\"lazy\" title=\"Budapest T\u00e1ncegy\u00fcttes - Honv\u00e9d Egy\u00fcttes: Kalotaszegi t\u00e1ncok\" width=\"640\" height=\"480\" src=\"https:\/\/www.youtube.com\/embed\/9lR2ALPaB_Q?feature=oembed\" frameborder=\"0\" allow=\"accelerometer; autoplay; clipboard-write; encrypted-media; gyroscope; picture-in-picture; web-share\" referrerpolicy=\"strict-origin-when-cross-origin\" allowfullscreen><\/iframe><\/p>\n<p>http:\/\/youtube.com\/watch?v=JeL-_RUPEio<\/p>\n<p><iframe loading=\"lazy\" title=\"2006 Hungarian Bazaar: Kalotaszegi leg\u00e9nyes, cs\u00e1rd\u00e1s \u00e9s szapora [240p]\" width=\"640\" height=\"480\" src=\"https:\/\/www.youtube.com\/embed\/Crxfj6AZHXw?feature=oembed\" frameborder=\"0\" allow=\"accelerometer; autoplay; clipboard-write; encrypted-media; gyroscope; picture-in-picture; web-share\" referrerpolicy=\"strict-origin-when-cross-origin\" allowfullscreen><\/iframe><\/p>\n<p><iframe loading=\"lazy\" title=\"Hungarian Ugros and Cs\u00e1rd\u00e1s Folk Music\" width=\"640\" height=\"360\" src=\"https:\/\/www.youtube.com\/embed\/u5BobwJf6wI?feature=oembed\" frameborder=\"0\" allow=\"accelerometer; autoplay; clipboard-write; encrypted-media; gyroscope; picture-in-picture; web-share\" referrerpolicy=\"strict-origin-when-cross-origin\" allowfullscreen><\/iframe><\/p>\n<p><iframe loading=\"lazy\" title=\"Budapest T\u00e1ncegy\u00fcttes, BM Duna M\u0171v\u00e9szegy\u00fctte: S\u00e1rk\u00f6zi t\u00e1ncok\" width=\"640\" height=\"480\" src=\"https:\/\/www.youtube.com\/embed\/AhRl49wPddA?feature=oembed\" frameborder=\"0\" allow=\"accelerometer; autoplay; clipboard-write; encrypted-media; gyroscope; picture-in-picture; web-share\" referrerpolicy=\"strict-origin-when-cross-origin\" allowfullscreen><\/iframe><\/p>\n<p><iframe loading=\"lazy\" title=\"Palatka Band: Slow Dance part 2\" width=\"640\" height=\"480\" src=\"https:\/\/www.youtube.com\/embed\/M1iFsSRkwSQ?feature=oembed\" frameborder=\"0\" allow=\"accelerometer; autoplay; clipboard-write; encrypted-media; gyroscope; picture-in-picture; web-share\" referrerpolicy=\"strict-origin-when-cross-origin\" allowfullscreen><\/iframe><\/p>\n<p><a href=\"http:\/\/www.youtube.com\/watch?v=ckWYZHIdRBY\">http:\/\/www.youtube.com\/watch?v=ckWYZHIdRBY<\/a><\/p>\n<p><iframe loading=\"lazy\" title=\"Men&#039;s dance and couples&#039; dances from Kalotaszeg,Transylvania\" width=\"640\" height=\"480\" src=\"https:\/\/www.youtube.com\/embed\/klmTWgOb1WE?feature=oembed\" frameborder=\"0\" allow=\"accelerometer; autoplay; clipboard-write; encrypted-media; gyroscope; picture-in-picture; web-share\" referrerpolicy=\"strict-origin-when-cross-origin\" allowfullscreen><\/iframe><\/p>\n<p><iframe loading=\"lazy\" title=\"Three Transylvanian Dances\" width=\"640\" height=\"480\" src=\"https:\/\/www.youtube.com\/embed\/izWrWkygGdI?feature=oembed\" frameborder=\"0\" allow=\"accelerometer; autoplay; clipboard-write; encrypted-media; gyroscope; picture-in-picture; web-share\" referrerpolicy=\"strict-origin-when-cross-origin\" allowfullscreen><\/iframe><\/p>\n<p>moldvai<\/p>\n<p><a href=\"http:\/\/www.youtube.com\/watch?v=8mjf87oame4\">http:\/\/www.youtube.com\/watch?v=8mjf87oame4<\/a><\/p>\n<p><iframe loading=\"lazy\" title=\"Moldavian Fiddle and Kobza: Csango Bal\" width=\"640\" height=\"480\" src=\"https:\/\/www.youtube.com\/embed\/z_qW3-94fEo?feature=oembed\" frameborder=\"0\" allow=\"accelerometer; autoplay; clipboard-write; encrypted-media; gyroscope; picture-in-picture; web-share\" referrerpolicy=\"strict-origin-when-cross-origin\" allowfullscreen><\/iframe><\/p>\n<p><iframe loading=\"lazy\" title=\"Tatros at the Fon\u00f3 Buda Dance Hall\" width=\"640\" height=\"480\" src=\"https:\/\/www.youtube.com\/embed\/ntUEFTSG49I?feature=oembed\" frameborder=\"0\" allow=\"accelerometer; autoplay; clipboard-write; encrypted-media; gyroscope; picture-in-picture; web-share\" referrerpolicy=\"strict-origin-when-cross-origin\" allowfullscreen><\/iframe><\/p>\n<p>ghymes<\/p>\n<p><iframe loading=\"lazy\" title=\"Zerkula Janos: Gyimes Fiddle\" width=\"640\" height=\"480\" src=\"https:\/\/www.youtube.com\/embed\/uXuRrG4wmUo?feature=oembed\" frameborder=\"0\" allow=\"accelerometer; autoplay; clipboard-write; encrypted-media; gyroscope; picture-in-picture; web-share\" referrerpolicy=\"strict-origin-when-cross-origin\" allowfullscreen><\/iframe><\/p>\n<p>hung. poems<\/p>\n<p>http:\/\/www.youtube.com\/watch?v=fC2qUVtxFMo<\/p>\n<p>http:\/\/www.youtube.com\/watch?v=fC2qUVtxFMo&#038;mode=related&#038;search=<\/p>\n<p>http:\/\/www.youtube.com\/watch?v=CVj912ojWHU<\/p>\n<p>hungarian folk forefather, sebok ferenc,<\/p>\n<p>poems with music<\/p>\n<p>http:\/\/www.youtube.com\/watch?v=u1BIIFE2IUw<\/p>\n<p>http:\/\/www.youtube.com\/watch?v=BJw7aTo7MrY<\/p>\n<p>http:\/\/www.youtube.com\/watch?v=GLpEPfqPOKI<\/p>\n<p>http:\/\/www.youtube.com\/watch?v=u1BIIFE2IUw&#038;mode=related&#038;search=<\/p>\n<p>traditional beauteous sounds&#8230; csik<\/p>\n<p><iframe loading=\"lazy\" title=\"Cs\u00edk zenekar - De szeretn\u00e9k - paint videoklipp :)\" width=\"640\" height=\"480\" src=\"https:\/\/www.youtube.com\/embed\/RPLvpwluUeQ?feature=oembed\" frameborder=\"0\" allow=\"accelerometer; autoplay; clipboard-write; encrypted-media; gyroscope; picture-in-picture; web-share\" referrerpolicy=\"strict-origin-when-cross-origin\" allowfullscreen><\/iframe><\/p>\n<p>Gypsy folk music: ando drom, romano drom, kalyi yag<\/p>\n<p><iframe loading=\"lazy\" title=\"Parno Graszt - Ratyake phiro\" width=\"640\" height=\"480\" src=\"https:\/\/www.youtube.com\/embed\/gWJ0QUvPAsw?feature=oembed\" frameborder=\"0\" allow=\"accelerometer; autoplay; clipboard-write; encrypted-media; gyroscope; picture-in-picture; web-share\" referrerpolicy=\"strict-origin-when-cross-origin\" allowfullscreen><\/iframe><\/p>\n<p>http:\/\/www.youtube.com\/watch?v=Bw2ZwMgcY-E<\/p>\n<p>http:\/\/www.youtube.com\/watch?v=NAlUK4yJT_c<\/p>\n<p>http:\/\/www.youtube.com\/watch?v=D3fuY6vrxBg<\/p>\n<p><iframe loading=\"lazy\" title=\"Hungarian and gypsy dances from kukullo-mente\" width=\"640\" height=\"480\" src=\"https:\/\/www.youtube.com\/embed\/V5h6FjIsTnY?feature=oembed\" frameborder=\"0\" allow=\"accelerometer; autoplay; clipboard-write; encrypted-media; gyroscope; picture-in-picture; web-share\" referrerpolicy=\"strict-origin-when-cross-origin\" allowfullscreen><\/iframe><\/p>\n<p><iframe loading=\"lazy\" title=\"Sz\u00e1szcs\u00e1v\u00e1si mahala\" width=\"640\" height=\"480\" src=\"https:\/\/www.youtube.com\/embed\/IAtnxIRZqhk?feature=oembed\" frameborder=\"0\" allow=\"accelerometer; autoplay; clipboard-write; encrypted-media; gyroscope; picture-in-picture; web-share\" referrerpolicy=\"strict-origin-when-cross-origin\" allowfullscreen><\/iframe><\/p>\n<p><iframe loading=\"lazy\" title=\"gypsy folk dance\" width=\"640\" height=\"480\" src=\"https:\/\/www.youtube.com\/embed\/yX2OMOQcIlk?feature=oembed\" frameborder=\"0\" allow=\"accelerometer; autoplay; clipboard-write; encrypted-media; gyroscope; picture-in-picture; web-share\" referrerpolicy=\"strict-origin-when-cross-origin\" allowfullscreen><\/iframe><\/p>\n<p><iframe loading=\"lazy\" title=\"Gypsy Dance - Man &amp; Women - Hungary 2006 [Hungary]\" width=\"640\" height=\"480\" src=\"https:\/\/www.youtube.com\/embed\/LMC7XgmYDsM?feature=oembed\" frameborder=\"0\" allow=\"accelerometer; autoplay; clipboard-write; encrypted-media; gyroscope; picture-in-picture; web-share\" referrerpolicy=\"strict-origin-when-cross-origin\" allowfullscreen><\/iframe><\/p>\n<p>gypsy classical, roby lakatos<\/p>\n<p>http:\/\/www.youtube.com\/watch?v=RIZtcIn58H4<\/p>\n<p><iframe loading=\"lazy\" title=\"Roby Lakatos &amp; his Ensemble at Grant Park, Chicago (July 11, 2007)\" width=\"640\" height=\"480\" src=\"https:\/\/www.youtube.com\/embed\/Cp88RShrGXw?feature=oembed\" frameborder=\"0\" allow=\"accelerometer; autoplay; clipboard-write; encrypted-media; gyroscope; picture-in-picture; web-share\" referrerpolicy=\"strict-origin-when-cross-origin\" allowfullscreen><\/iframe><\/p>\n<p>classical composer, bartok bela<\/p>\n<p><a href=\"http:\/\/www.youtube.com\/watch?v=O0x-BbaOiN8\">http:\/\/www.youtube.com\/watch?v=O0x-BbaOiN8<\/a><\/p>\n<p><iframe loading=\"lazy\" title=\"Bartok: Solo Violin Sonata (&quot;Melodia&quot;)\" width=\"640\" height=\"480\" src=\"https:\/\/www.youtube.com\/embed\/nJNwdGqjQuw?feature=oembed\" frameborder=\"0\" allow=\"accelerometer; autoplay; clipboard-write; encrypted-media; gyroscope; picture-in-picture; web-share\" referrerpolicy=\"strict-origin-when-cross-origin\" allowfullscreen><\/iframe><\/p>\n<p>kodaly zoltan<\/p>\n<p><a href=\"http:\/\/www.youtube.com\/watch?v=5OVlCCzq2nM\">http:\/\/www.youtube.com\/watch?v=5OVlCCzq2nM<\/a><\/p>\n<p>(serbian honorable mention)<\/p>\n<p>http:\/\/www.youtube.com\/watch?v=4aesVlHBjzs<\/p>\n<p><iframe loading=\"lazy\" title=\"Kisteh\u00e9n T\u00e1nczenekar - Vir\u00e1gok A R\u00e9ten ( Littlecow )\" width=\"640\" height=\"480\" src=\"https:\/\/www.youtube.com\/embed\/tMH3fzBTNCE?feature=oembed\" frameborder=\"0\" allow=\"accelerometer; autoplay; clipboard-write; encrypted-media; gyroscope; picture-in-picture; web-share\" referrerpolicy=\"strict-origin-when-cross-origin\" allowfullscreen><\/iframe><\/p>\n<p>Happy music for children and adults!<\/p>\n<p>(I am the little cow)<\/p>\n<p><iframe loading=\"lazy\" title=\"Kisteh\u00e9n t\u00e1nczenekar- Kisteh\u00e9n\" width=\"640\" height=\"480\" src=\"https:\/\/www.youtube.com\/embed\/YJMETG5vytM?feature=oembed\" frameborder=\"0\" allow=\"accelerometer; autoplay; clipboard-write; encrypted-media; gyroscope; picture-in-picture; web-share\" referrerpolicy=\"strict-origin-when-cross-origin\" allowfullscreen><\/iframe><\/p>\n<p><iframe loading=\"lazy\" title=\"Kisteh\u00e9n T\u00e1nczenekar - szerelmes vagyok minden n\u0151be\" width=\"640\" height=\"480\" src=\"https:\/\/www.youtube.com\/embed\/4pDDlS3482Y?feature=oembed\" frameborder=\"0\" allow=\"accelerometer; autoplay; clipboard-write; encrypted-media; gyroscope; picture-in-picture; web-share\" referrerpolicy=\"strict-origin-when-cross-origin\" allowfullscreen><\/iframe><\/p>\n<p><a href=\"http:\/\/www.youtube.com\/watch?v=cuIRE38lMWk\">http:\/\/www.youtube.com\/watch?v=cuIRE38lMWk<\/a><\/p>\n<p>playful retorts to &#8216;little cow&#8217; movement<\/p>\n<p>and generally against the consumer society&#8230;<\/p>\n<p>(Zsolti the frog)<\/p>\n<p>http:\/\/www.youtube.com\/watch?v=tCTjP2c8i-w<\/p>\n<p>and more<\/p>\n<p>rap? big greasy writhing dancer man<\/p>\n<p><iframe loading=\"lazy\" title=\"Belga - Szerelmes vagyok\" width=\"640\" height=\"480\" src=\"https:\/\/www.youtube.com\/embed\/3OeqNbJsIno?feature=oembed\" frameborder=\"0\" allow=\"accelerometer; autoplay; clipboard-write; encrypted-media; gyroscope; picture-in-picture; web-share\" referrerpolicy=\"strict-origin-when-cross-origin\" allowfullscreen><\/iframe><\/p>\n<p>JAZZ \u2013<\/p>\n<p>Hot jazz band<\/p>\n<p><a href=\"http:\/\/www.youtube.com\/watch?v=Xn6fuyWCjDc\">http:\/\/www.youtube.com\/watch?v=Xn6fuyWCjDc<\/a><\/p>\n<p>hortobagyi<\/p>\n<p><a href=\"http:\/\/www.youtube.com\/watch?v=ezN5yC5FC34\">http:\/\/www.youtube.com\/watch?v=ezN5yC5FC34<\/a><\/p>\n<p>lajko felix<\/p>\n<p><iframe loading=\"lazy\" title=\"Magdolna R\u00fazsa - Felix Lajko - M\u00e9g azt mondj\u00e1k (folk song)\" width=\"640\" height=\"360\" src=\"https:\/\/www.youtube.com\/embed\/VAeYt-swWG0?feature=oembed\" frameborder=\"0\" allow=\"accelerometer; autoplay; clipboard-write; encrypted-media; gyroscope; picture-in-picture; web-share\" referrerpolicy=\"strict-origin-when-cross-origin\" allowfullscreen><\/iframe><\/p>\n<p>makam<\/p>\n<p>http:\/\/www.youtube.com\/watch?v=Yx1hmLC_PVE<\/p>\n<p>kolinda<\/p>\n<p><a href=\"http:\/\/www.youtube.com\/watch?v=xmbCEMm_48w\">http:\/\/www.youtube.com\/watch?v=xmbCEMm_48w<\/a><\/p>\n<p>http:\/\/youtube.com\/watch?v=9UvkCyVtXss<\/p>\n<p>alternative, more modern indy Hungarian:<\/p>\n<p><iframe loading=\"lazy\" title=\"EK Europa Kiado Live Bp 2004\" width=\"640\" height=\"480\" src=\"https:\/\/www.youtube.com\/embed\/5FP25Tu722s?feature=oembed\" frameborder=\"0\" allow=\"accelerometer; autoplay; clipboard-write; encrypted-media; gyroscope; picture-in-picture; web-share\" referrerpolicy=\"strict-origin-when-cross-origin\" allowfullscreen><\/iframe><\/p>\n<p>80\u2019s<\/p>\n<p>Hobo<\/p>\n<p><iframe loading=\"lazy\" title=\"Hobo Blues Band - Mes\u00e9l az erd\u0151\" width=\"640\" height=\"480\" src=\"https:\/\/www.youtube.com\/embed\/70q2VxsaUAE?feature=oembed\" frameborder=\"0\" allow=\"accelerometer; autoplay; clipboard-write; encrypted-media; gyroscope; picture-in-picture; web-share\" referrerpolicy=\"strict-origin-when-cross-origin\" allowfullscreen><\/iframe><\/p>\n<p>kft<\/p>\n<p>http:\/\/www.youtube.com\/watch?v=JC_8ryCVSsY<\/p>\n<p><a href=\"http:\/\/www.youtube.com\/watch?v=3GsvlXoOM9E\">http:\/\/www.youtube.com\/watch?v=3GsvlXoOM9E<\/a><\/p>\n<p><a href=\"http:\/\/www.youtube.com\/watch?v=nUiSWPRhlt0\">http:\/\/www.youtube.com\/watch?v=nUiSWPRhlt0<\/a><\/p>\n<p>illes<\/p>\n<p><iframe loading=\"lazy\" title=\"Omega Metro Ill\u00e9s Live - Medley\" width=\"640\" height=\"480\" src=\"https:\/\/www.youtube.com\/embed\/Sx4W97GS-8M?feature=oembed\" frameborder=\"0\" allow=\"accelerometer; autoplay; clipboard-write; encrypted-media; gyroscope; picture-in-picture; web-share\" referrerpolicy=\"strict-origin-when-cross-origin\" allowfullscreen><\/iframe><\/p>\n<p>http:\/\/www.youtube.com\/watch?v=nvMTnTJs4VE<\/p>\n<p>edda<\/p>\n<p>http:\/\/www.youtube.com\/watch?v=WVmxEpkEsXE<\/p>\n<p>Szikora<\/p>\n<p><iframe loading=\"lazy\" title=\"Ciao, Marina\" width=\"640\" height=\"480\" src=\"https:\/\/www.youtube.com\/embed\/g7VH7kqjnAs?feature=oembed\" frameborder=\"0\" allow=\"accelerometer; autoplay; clipboard-write; encrypted-media; gyroscope; picture-in-picture; web-share\" referrerpolicy=\"strict-origin-when-cross-origin\" allowfullscreen><\/iframe><\/p>\n<p>hungaria<\/p>\n<p><iframe loading=\"lazy\" title=\"Limbo Hint\u00f3\" width=\"640\" height=\"480\" src=\"https:\/\/www.youtube.com\/embed\/haPLxloxnCU?feature=oembed\" frameborder=\"0\" allow=\"accelerometer; autoplay; clipboard-write; encrypted-media; gyroscope; picture-in-picture; web-share\" referrerpolicy=\"strict-origin-when-cross-origin\" allowfullscreen><\/iframe><\/p>\n<p>hobo<\/p>\n<p><iframe loading=\"lazy\" title=\"Hobo Blues Band-Tobacco road\" width=\"640\" height=\"480\" src=\"https:\/\/www.youtube.com\/embed\/cCcWkBzpTmQ?feature=oembed\" frameborder=\"0\" allow=\"accelerometer; autoplay; clipboard-write; encrypted-media; gyroscope; picture-in-picture; web-share\" referrerpolicy=\"strict-origin-when-cross-origin\" allowfullscreen><\/iframe><\/p>\n<p>p box<\/p>\n<p><a href=\"http:\/\/www.youtube.com\/watch?v=LWIxqwzIDFk\">http:\/\/www.youtube.com\/watch?v=LWIxqwzIDFk<\/a><\/p>\n<p>varga miklos<\/p>\n<p><iframe loading=\"lazy\" title=\"Varga Mikl\u00f3s- V\u00e9n Eur\u00f3pa, az \u00f6reg h\u00f6lgy\" width=\"640\" height=\"480\" src=\"https:\/\/www.youtube.com\/embed\/BeSCX85w4P0?feature=oembed\" frameborder=\"0\" allow=\"accelerometer; autoplay; clipboard-write; encrypted-media; gyroscope; picture-in-picture; web-share\" referrerpolicy=\"strict-origin-when-cross-origin\" allowfullscreen><\/iframe><\/p>\n<p>Lgt<\/p>\n<p>http:\/\/www.youtube.com\/watch?v=pcjKsuK9umQ<\/p>\n<p><a href=\"http:\/\/www.youtube.com\/watch?v=QwH7IfinYOM\">http:\/\/www.youtube.com\/watch?v=QwH7IfinYOM<\/a><\/p>\n<p>http:\/\/www <a href=\"http:\/\/www.youtube.com\/watch?v=QmEZd5wZ5gk\">http:\/\/www.youtube.com\/watch?v=QmEZd5wZ5gk<\/a><\/p>\n<p><a href=\"http:\/\/www.youtube.com\/watch?v=1REh2cAoqlc\">http:\/\/www.youtube.com\/watch?v=1REh2cAoqlc<\/a><\/p>\n<p>http:\/\/www.youtube.com\/watch?v=E_eZwhyGeCo<\/p>\n<p>szecsi pal<\/p>\n<p>http:\/\/youtube.com\/watch?v=Foi_GKoDSSU<\/p>\n<p>koos Janos<\/p>\n<p><a href=\"http:\/\/youtube.com\/watch?v=UFs8Ve3_d6M\">http:\/\/youtube.com\/watch?v=UFs8Ve3_d6M<\/a><\/p>\n<p>Kovacs kati<\/p>\n<p><a href=\"http:\/\/youtube.com\/watch?v=YmiArwMQnn4\">http:\/\/youtube.com\/watch?v=YmiArwMQnn4<\/a><\/p>\n<p>http:\/\/youtube.com\/watch?v=SRjpYGKEV4I<\/p>\n<p>komar<\/p>\n<p>http:\/\/youtube.com\/watch?v=kV6ks3fxTno<\/p>\n<p>zalatnai<\/p>\n<p>http:\/\/youtube.com\/watch?v=t0k0kNGB4PE<\/p>\n<p>kormoran<\/p>\n<p>http:\/\/www.youtube.com\/watch?v=BSBfYNcEZ4s<\/p>\n<p>mate Peter<\/p>\n<p>http:\/\/www.youtube.com\/watch?v=Fiv5dl_7jHg<\/p>\n<p><a href=\"http:\/\/www.youtube.com\/watch?v=d4G0qZJWKtw\">http:\/\/www.youtube.com\/watch?v=d4G0qZJWKtw<\/a><\/p>\n<p>http:\/\/www.youtube.com\/watch?v=glm0v3Sk-z4<\/p>\n<p>hofi<\/p>\n<p><a href=\"http:\/\/youtube.com\/watch?v=i-zVikni77k\">http:\/\/youtube.com\/watch?v=i-zVikni77k<\/a><\/p>\n<p>http:\/\/youtube.com\/watch?v=i-zVikni77k<\/p>\n<p><a href=\"http:\/\/youtube.com\/watch?v=cKlpYXtq_YE\">http:\/\/youtube.com\/watch?v=cKlpYXtq_YE<\/a><\/p>\n<p>http:\/\/youtube.com\/watch?v=xQJtpCpuiG8<\/p>\n<p>istvan a kiraly<\/p>\n<p><a href=\"http:\/\/www.youtube.com\/watch?v=e9o9wLbJ-tM\">http:\/\/www.youtube.com\/watch?v=e9o9wLbJ-tM<\/a><\/p>\n<p>hernadi<\/p>\n<p>http:\/\/www.youtube.com\/watch?v=P3OQfsQGZ-M<\/p>\n<p>konz zsuzsa<\/p>\n<p><a href=\"http:\/\/www.youtube.com\/watch?v=6ojhBoj8bP8\">http:\/\/www.youtube.com\/watch?v=6ojhBoj8bP8<\/a><\/p>\n<p>bergendy<\/p>\n<p><a href=\"http:\/\/www.youtube.com\/watch?v=aNY4yLF3V8w\">http:\/\/www.youtube.com\/watch?v=aNY4yLF3V8w<\/a><\/p>\n<p>demjen<\/p>\n<p><a href=\"http:\/\/www.youtube.com\/watch?v=r86h9Eyg_LA\">http:\/\/www.youtube.com\/watch?v=r86h9Eyg_LA<\/a><\/p>\n<p>zalatnai<\/p>\n<p>http:\/\/www.youtube.com\/watch?v=t0k0kNGB4PE<\/p>\n<p>v moto-rock<\/p>\n<p><a href=\"http:\/\/www.youtube.com\/watch?v=gWQgrNAU4hc\">http:\/\/www.youtube.com\/watch?v=gWQgrNAU4hc<\/a><\/p>\n<p>istvan a kiraly<\/p>\n<p><a href=\"http:\/\/www.youtube.com\/watch?v=j1ypyWcijgI\">http:\/\/www.youtube.com\/watch?v=j1ypyWcijgI<\/a><\/p>\n<p>Hungarian cartoons<\/p>\n<p><a href=\"http:\/\/www.youtube.com\/watch?v=M52g55TxNhw\">http:\/\/www.youtube.com\/watch?v=M52g55TxNhw<\/a><\/p>\n<p>and around this site<\/p>\n<p>http:\/\/www.youtube.com\/watch?v=gSrVD53jOiQ<\/p>\n<p><\/p>","protected":false},"excerpt":{"rendered":"<p>My favourite painter: \u00a0http:\/\/www.kissmarta.com\/ My friend makes delicious bottled pastos and chatnies: http:\/\/www.facebook.com\/media\/set\/?set=a.3208220578549.116049.1657246858&#038;type=3 organisations i belong to: http:\/\/www.couchsurfing.org\/people\/vandorboy\/ hospitalityclub.org servas.org story of stuff &#8211; about our consumer attitude 20 min&#8230;.<\/p>\n","protected":false},"author":1,"featured_media":0,"parent":1240,"menu_order":2,"comment_status":"open","ping_status":"closed","template":"","meta":{"ngg_post_thumbnail":0,"footnotes":""},"class_list":["post-864","page","type-page","status-publish","hentry"],"_links":{"self":[{"href":"https:\/\/vandorboy.com\/en\/wp-json\/wp\/v2\/pages\/864","targetHints":{"allow":["GET"]}}],"collection":[{"href":"https:\/\/vandorboy.com\/en\/wp-json\/wp\/v2\/pages"}],"about":[{"href":"https:\/\/vandorboy.com\/en\/wp-json\/wp\/v2\/types\/page"}],"author":[{"embeddable":true,"href":"https:\/\/vandorboy.com\/en\/wp-json\/wp\/v2\/users\/1"}],"replies":[{"embeddable":true,"href":"https:\/\/vandorboy.com\/en\/wp-json\/wp\/v2\/comments?post=864"}],"version-history":[{"count":0,"href":"https:\/\/vandorboy.com\/en\/wp-json\/wp\/v2\/pages\/864\/revisions"}],"up":[{"embeddable":true,"href":"https:\/\/vandorboy.com\/en\/wp-json\/wp\/v2\/pages\/1240"}],"wp:attachment":[{"href":"https:\/\/vandorboy.com\/en\/wp-json\/wp\/v2\/media?parent=864"}],"curies":[{"name":"wp","href":"https:\/\/api.w.org\/{rel}","templated":true}]}}