{"id":9247,"date":"2016-12-02T22:13:50","date_gmt":"2016-12-02T22:13:50","guid":{"rendered":"https:\/\/vandorboy.com\/?page_id=9247"},"modified":"2020-11-26T17:57:11","modified_gmt":"2020-11-26T16:57:11","slug":"vandorboy-eloadasok","status":"publish","type":"page","link":"https:\/\/vandorboy.com\/en\/magamrol\/vandorboy-eloadasok\/","title":{"rendered":"(Magyar) V\u00e1ndorboy el\u0151ad\u00e1sok"},"content":{"rendered":"<p>Az Ap\u00e1czai gimn\u00e1ziumba h\u00edvtak el el\u0151adni fiataloknak utaz\u00e1sr\u00f3l. Nekem kellemes csal\u00f3d\u00e1s volt az \u00e9rdekl\u0151d\u0151k n\u00e9ps\u0171r\u0171s\u00e9ge \u00e9s a j\u00f3 k\u00e9rd\u00e9sek.<\/p>\n\n\n\n<p><\/p>\n\n\n\n<p>illetve<a href=\"https:\/\/www.facebook.com\/watch\/live\/?v=660408458117636&amp;ref=watch_permalink\"> vipassana medit\u00e1ci\u00f3r\u00f3l<\/a> is szoktam besz\u00e9lni.<\/p>\n\n\n\n<p>Itt az <a href=\"https:\/\/www.facebook.com\/watch\/live\/?v=1318236015033484&amp;ref=watch_permalink\ufeff\" target=\"_blank\" rel=\"noreferrer noopener\" aria-label=\"utaz\u00e1sr\u00f3l lehetett k\u00e9rdezni  (\u00faj f\u00fcl\u00f6n nyitja meg)\">utaz\u00e1sr\u00f3l lehetett k\u00e9rdezni <\/a>\u00e9l\u0151ben, online, s l\u00e1tod\u00a0 besz\u00e9lget\u00e9s\u00fcnk arch\u00edvba, h\u00e1tha mondtam valami haszn\u00e1lhat\u00f3t. <\/p>\n\n\n\n<p><br><\/p>","protected":false},"excerpt":{"rendered":"<p>Az Ap\u00e1czai gimn\u00e1ziumba h\u00edvtak el el\u0151adni fiataloknak utaz\u00e1sr\u00f3l. Nekem kellemes csal\u00f3d\u00e1s volt az \u00e9rdekl\u0151d\u0151k n\u00e9ps\u0171r\u0171s\u00e9ge \u00e9s a j\u00f3 k\u00e9rd\u00e9sek. illetve vipassana medit\u00e1ci\u00f3r\u00f3l is szoktam besz\u00e9lni. Itt az utaz\u00e1sr\u00f3l lehetett k\u00e9rdezni&#8230;<\/p>\n","protected":false},"author":1,"featured_media":0,"parent":2,"menu_order":0,"comment_status":"open","ping_status":"closed","template":"","meta":{"ngg_post_thumbnail":0,"footnotes":""},"class_list":["post-9247","page","type-page","status-publish","hentry"],"_links":{"self":[{"href":"https:\/\/vandorboy.com\/en\/wp-json\/wp\/v2\/pages\/9247","targetHints":{"allow":["GET"]}}],"collection":[{"href":"https:\/\/vandorboy.com\/en\/wp-json\/wp\/v2\/pages"}],"about":[{"href":"https:\/\/vandorboy.com\/en\/wp-json\/wp\/v2\/types\/page"}],"author":[{"embeddable":true,"href":"https:\/\/vandorboy.com\/en\/wp-json\/wp\/v2\/users\/1"}],"replies":[{"embeddable":true,"href":"https:\/\/vandorboy.com\/en\/wp-json\/wp\/v2\/comments?post=9247"}],"version-history":[{"count":0,"href":"https:\/\/vandorboy.com\/en\/wp-json\/wp\/v2\/pages\/9247\/revisions"}],"up":[{"embeddable":true,"href":"https:\/\/vandorboy.com\/en\/wp-json\/wp\/v2\/pages\/2"}],"wp:attachment":[{"href":"https:\/\/vandorboy.com\/en\/wp-json\/wp\/v2\/media?parent=9247"}],"curies":[{"name":"wp","href":"https:\/\/api.w.org\/{rel}","templated":true}]}}